{"id":29,"date":"2012-12-09T18:12:20","date_gmt":"2012-12-09T18:12:20","guid":{"rendered":"https:\/\/blogs.ua.es\/bibliotecauniversidadvalencia\/?page_id=29"},"modified":"2013-01-27T23:25:21","modified_gmt":"2013-01-27T23:25:21","slug":"valoracion-de-las-fuentes","status":"publish","type":"page","link":"https:\/\/blogs.ua.es\/bibliotecauniversidadvalencia\/valoracion-de-las-fuentes\/","title":{"rendered":"Valoraci\u00f3n de las fuentes"},"content":{"rendered":"<p style=\"text-align: justify\">La &#8220;Biblioteca Hist\u00f3rica de la Universidad de Valencia&#8221;, cuenta con una p\u00e1gina web muy completa y desarrollada. Esto que en un primer momento supuso una ventaja por tener mucha informaci\u00f3n en una \u00fanica fuente, result\u00f3 ser un arma de doble filo, puesto que complic\u00f3 la b\u00fasqueda de otras fuentes de informaci\u00f3n.<\/p>\n<p>&nbsp;<\/p>\n","protected":false},"excerpt":{"rendered":"<p>La &#8220;Biblioteca Hist\u00f3rica de la Universidad de Valencia&#8221;, cuenta con una p\u00e1gina web muy completa y desarrollada. Esto que en un primer momento supuso una ventaja por tener mucha informaci\u00f3n en una \u00fanica fuente, result\u00f3 ser un arma de doble &hellip; <a href=\"https:\/\/blogs.ua.es\/bibliotecauniversidadvalencia\/valoracion-de-las-fuentes\/\">Continue reading <span class=\"meta-nav\">&rarr;<\/span><\/a><\/p>\n","protected":false},"author":2980,"featured_media":0,"parent":0,"menu_order":2,"comment_status":"open","ping_status":"open","template":"","meta":{"footnotes":""},"class_list":["post-29","page","type-page","status-publish","hentry"],"_links":{"self":[{"href":"https:\/\/blogs.ua.es\/bibliotecauniversidadvalencia\/wp-json\/wp\/v2\/pages\/29","targetHints":{"allow":["GET"]}}],"collection":[{"href":"https:\/\/blogs.ua.es\/bibliotecauniversidadvalencia\/wp-json\/wp\/v2\/pages"}],"about":[{"href":"https:\/\/blogs.ua.es\/bibliotecauniversidadvalencia\/wp-json\/wp\/v2\/types\/page"}],"author":[{"embeddable":true,"href":"https:\/\/blogs.ua.es\/bibliotecauniversidadvalencia\/wp-json\/wp\/v2\/users\/2980"}],"replies":[{"embeddable":true,"href":"https:\/\/blogs.ua.es\/bibliotecauniversidadvalencia\/wp-json\/wp\/v2\/comments?post=29"}],"version-history":[{"count":6,"href":"https:\/\/blogs.ua.es\/bibliotecauniversidadvalencia\/wp-json\/wp\/v2\/pages\/29\/revisions"}],"predecessor-version":[{"id":32,"href":"https:\/\/blogs.ua.es\/bibliotecauniversidadvalencia\/wp-json\/wp\/v2\/pages\/29\/revisions\/32"}],"wp:attachment":[{"href":"https:\/\/blogs.ua.es\/bibliotecauniversidadvalencia\/wp-json\/wp\/v2\/media?parent=29"}],"curies":[{"name":"wp","href":"https:\/\/api.w.org\/{rel}","templated":true}]}}