{"id":784,"date":"2010-01-26T10:18:44","date_gmt":"2010-01-26T08:18:44","guid":{"rendered":"https:\/\/blogs.ua.es\/bibliotecauniversitaria\/?page_id=784"},"modified":"2024-01-11T14:10:24","modified_gmt":"2024-01-11T13:10:24","slug":"blogroll","status":"publish","type":"page","link":"https:\/\/blogs.ua.es\/bibliotecauniversitaria\/blogroll\/","title":{"rendered":"Blogroll"},"content":{"rendered":"<p>Te presentamos una selecci\u00f3n de blogs abierta a vuestra colaboraci\u00f3n y en la que pod\u00e9is participar haciendo propuestas sobre blogs y contenidos web de inter\u00e9s.<\/p>\n<p>Es un formato de sindicaci\u00f3n de contenidos que permite leer las novedades de blogs y p\u00e1ginas web sin tener que visitar cada uno de los sitios donde se publican.<\/p>\n<p><a href=\"https:\/\/www.netvibes.com\/biblioblogua#Lectura\" target=\"_blank\" rel=\"noopener\"><img loading=\"lazy\" decoding=\"async\" class=\"aligncenter wp-image-29792\" src=\"https:\/\/blogs.ua.es\/bibliotecauniversitaria\/files\/2024\/01\/Netvives-1.jpg\" alt=\"\" width=\"742\" height=\"344\" srcset=\"https:\/\/blogs.ua.es\/bibliotecauniversitaria\/files\/2024\/01\/Netvives-1.jpg 850w, https:\/\/blogs.ua.es\/bibliotecauniversitaria\/files\/2024\/01\/Netvives-1-250x116.jpg 250w, https:\/\/blogs.ua.es\/bibliotecauniversitaria\/files\/2024\/01\/Netvives-1-768x356.jpg 768w\" sizes=\"auto, (max-width: 742px) 100vw, 742px\" \/><\/a><\/p>\n<p>&nbsp;<\/p>\n","protected":false},"excerpt":{"rendered":"<p>Te presentamos una selecci\u00f3n de blogs abierta a vuestra colaboraci\u00f3n y en la que pod\u00e9is participar haciendo propuestas sobre blogs y contenidos web de inter\u00e9s. Es un formato de sindicaci\u00f3n de contenidos que permite leer las novedades de blogs y p\u00e1ginas web sin tener que visitar cada uno de los sitios donde se publican. &nbsp;<\/p>\n","protected":false},"author":3804,"featured_media":0,"parent":0,"menu_order":0,"comment_status":"open","ping_status":"open","template":"","meta":{"footnotes":""},"class_list":["post-784","page","type-page","status-publish","hentry"],"_links":{"self":[{"href":"https:\/\/blogs.ua.es\/bibliotecauniversitaria\/wp-json\/wp\/v2\/pages\/784","targetHints":{"allow":["GET"]}}],"collection":[{"href":"https:\/\/blogs.ua.es\/bibliotecauniversitaria\/wp-json\/wp\/v2\/pages"}],"about":[{"href":"https:\/\/blogs.ua.es\/bibliotecauniversitaria\/wp-json\/wp\/v2\/types\/page"}],"author":[{"embeddable":true,"href":"https:\/\/blogs.ua.es\/bibliotecauniversitaria\/wp-json\/wp\/v2\/users\/3804"}],"replies":[{"embeddable":true,"href":"https:\/\/blogs.ua.es\/bibliotecauniversitaria\/wp-json\/wp\/v2\/comments?post=784"}],"version-history":[{"count":18,"href":"https:\/\/blogs.ua.es\/bibliotecauniversitaria\/wp-json\/wp\/v2\/pages\/784\/revisions"}],"predecessor-version":[{"id":29793,"href":"https:\/\/blogs.ua.es\/bibliotecauniversitaria\/wp-json\/wp\/v2\/pages\/784\/revisions\/29793"}],"wp:attachment":[{"href":"https:\/\/blogs.ua.es\/bibliotecauniversitaria\/wp-json\/wp\/v2\/media?parent=784"}],"curies":[{"name":"wp","href":"https:\/\/api.w.org\/{rel}","templated":true}]}}