{"id":120,"date":"2011-12-20T10:30:45","date_gmt":"2011-12-20T10:30:45","guid":{"rendered":"https:\/\/blogs.ua.es\/bibliotecavirtualmiguelcervantes\/?page_id=120"},"modified":"2012-01-13T13:16:37","modified_gmt":"2012-01-13T13:16:37","slug":"presentacion-del-blog","status":"publish","type":"page","link":"https:\/\/blogs.ua.es\/bibliotecavirtualmiguelcervantes\/presentacion-del-blog\/","title":{"rendered":"Presentaci\u00f3n del Blog"},"content":{"rendered":"<p><span style=\"color: #000000\">\u00a1Bienvenidos al Blog de la Biblioteca Virtual Miguel de Cervantes!<\/span><\/p>\n<p><span style=\"color: #000000\">Las encargadas de la realizaci\u00f3n de este Blog nos llamamos<\/span> <strong>Alicia Alarc\u00f3n Fenoll<\/strong> <span style=\"color: #000000\">e<\/span> <strong>Irene Calvo Huedo<\/strong>. <span style=\"color: #000000\">Somos estudiantes de Grado en Humanidades en la Universidad de Alicante.<\/span><\/p>\n<p><span style=\"color: #000000\">En nuestro Blog presentamos informaci\u00f3n sobre esta importante <em>Biblioteca Virtual<\/em>: explicamos sus or\u00edgenes y fundaci\u00f3n, damos datos relevantes sobre sus \u00e1reas principales, que nos ayuda a orientarnos sobre el tipo de contenidos que el ella se presenta, a su vez tambi\u00e9n informamos sobre la relevancia virtual y digital que toma la Biblioteca, que la posiciona como una de las m\u00e1s valoradas y visitadas por la comunidad, tambi\u00e9n ofrecemos datos sobre los principales acuerdos de la Biblioteca con diferentes entidades y fundaciones, que fortalecen la expansi\u00f3n y difusi\u00f3n cultural.<\/span><\/p>\n<p><span style=\"color: #000000\">Todo ello imprescindible para comprender que esta biblioteca virtual es considerada como una de las m\u00e1s eficientes y mejores a nivel mundial.<\/span><\/p>\n","protected":false},"excerpt":{"rendered":"<p>\u00a1Bienvenidos al Blog de la Biblioteca Virtual Miguel de Cervantes! Las encargadas de la realizaci\u00f3n de este Blog nos llamamos Alicia Alarc\u00f3n Fenoll e Irene Calvo Huedo. Somos estudiantes de Grado en Humanidades en la Universidad de Alicante. En nuestro &hellip; <a href=\"https:\/\/blogs.ua.es\/bibliotecavirtualmiguelcervantes\/presentacion-del-blog\/\">Continue reading <span class=\"meta-nav\">&rarr;<\/span><\/a><\/p>\n","protected":false},"author":2367,"featured_media":0,"parent":0,"menu_order":1,"comment_status":"open","ping_status":"open","template":"","meta":{"footnotes":""},"class_list":["post-120","page","type-page","status-publish","hentry"],"_links":{"self":[{"href":"https:\/\/blogs.ua.es\/bibliotecavirtualmiguelcervantes\/wp-json\/wp\/v2\/pages\/120","targetHints":{"allow":["GET"]}}],"collection":[{"href":"https:\/\/blogs.ua.es\/bibliotecavirtualmiguelcervantes\/wp-json\/wp\/v2\/pages"}],"about":[{"href":"https:\/\/blogs.ua.es\/bibliotecavirtualmiguelcervantes\/wp-json\/wp\/v2\/types\/page"}],"author":[{"embeddable":true,"href":"https:\/\/blogs.ua.es\/bibliotecavirtualmiguelcervantes\/wp-json\/wp\/v2\/users\/2367"}],"replies":[{"embeddable":true,"href":"https:\/\/blogs.ua.es\/bibliotecavirtualmiguelcervantes\/wp-json\/wp\/v2\/comments?post=120"}],"version-history":[{"count":8,"href":"https:\/\/blogs.ua.es\/bibliotecavirtualmiguelcervantes\/wp-json\/wp\/v2\/pages\/120\/revisions"}],"predecessor-version":[{"id":175,"href":"https:\/\/blogs.ua.es\/bibliotecavirtualmiguelcervantes\/wp-json\/wp\/v2\/pages\/120\/revisions\/175"}],"wp:attachment":[{"href":"https:\/\/blogs.ua.es\/bibliotecavirtualmiguelcervantes\/wp-json\/wp\/v2\/media?parent=120"}],"curies":[{"name":"wp","href":"https:\/\/api.w.org\/{rel}","templated":true}]}}