{"id":2,"date":"2010-10-21T15:36:35","date_gmt":"2010-10-21T15:36:35","guid":{"rendered":"https:\/\/blogs.ua.es\/bienaventuradoslospobres\/?page_id=2"},"modified":"2010-12-03T10:33:33","modified_gmt":"2010-12-03T10:33:33","slug":"acerca-de","status":"publish","type":"page","link":"https:\/\/blogs.ua.es\/bienaventuradoslospobres\/acerca-de\/","title":{"rendered":"Acerca de Bienaventurados los humildes"},"content":{"rendered":"<p>La clara referencia evang\u00e9lica del t\u00edtulo no deber\u00eda confundir al lector, este no es un blog sobre teolog\u00eda, si no sobre historia.<\/p>\n<p>Sin embargo, dada la importancia que religi\u00f3n y religiosidad tuvieron en el marco hist\u00f3rico en el que se desarrolla nuestro objeto de estudio, esto es la vida cotidiana en la Espa\u00f1a Moderna, nos pareci\u00f3 un t\u00edtulo adecuado.<\/p>\n<p>De igual modo, la elecci\u00f3n de \u201cBienaventurados los humildes\u201d, no es gratuita. La palabra \u201chumildes\u201d siendo sin\u00f3nimo de \u201cpobres\u201d y de \u201cmansos\u201d, podr\u00eda sustituir a estas en la primera y en la segunda de las bienaventuranzas respectivamente; lo que nos permite enfocar mejor nuestro trabajo sobre la vida cotidiana de las clases humildes, de los pobres y las minor\u00edas.<\/p>\n<p>Y es sobre este tema, sobre el que versar\u00e1 nuestro blog: el estudio de los grupos humanos que fueron marginados en la sociedad hispana durante la \u00e9poca moderna; y tambi\u00e9n marginados, durante mucho tiempo, por la Historia.<\/p>\n","protected":false},"excerpt":{"rendered":"<p>La clara referencia evang\u00e9lica del t\u00edtulo no deber\u00eda confundir al lector, este no es un blog sobre teolog\u00eda, si no sobre historia. Sin embargo, dada la importancia que religi\u00f3n y religiosidad tuvieron en el marco hist\u00f3rico en el que se &hellip; <a href=\"https:\/\/blogs.ua.es\/bienaventuradoslospobres\/acerca-de\/\">Continue reading <span class=\"meta-nav\">&rarr;<\/span><\/a><\/p>\n","protected":false},"author":1893,"featured_media":0,"parent":0,"menu_order":0,"comment_status":"open","ping_status":"open","template":"","meta":{"footnotes":""},"class_list":["post-2","page","type-page","status-publish","hentry"],"_links":{"self":[{"href":"https:\/\/blogs.ua.es\/bienaventuradoslospobres\/wp-json\/wp\/v2\/pages\/2","targetHints":{"allow":["GET"]}}],"collection":[{"href":"https:\/\/blogs.ua.es\/bienaventuradoslospobres\/wp-json\/wp\/v2\/pages"}],"about":[{"href":"https:\/\/blogs.ua.es\/bienaventuradoslospobres\/wp-json\/wp\/v2\/types\/page"}],"author":[{"embeddable":true,"href":"https:\/\/blogs.ua.es\/bienaventuradoslospobres\/wp-json\/wp\/v2\/users\/1893"}],"replies":[{"embeddable":true,"href":"https:\/\/blogs.ua.es\/bienaventuradoslospobres\/wp-json\/wp\/v2\/comments?post=2"}],"version-history":[{"count":2,"href":"https:\/\/blogs.ua.es\/bienaventuradoslospobres\/wp-json\/wp\/v2\/pages\/2\/revisions"}],"predecessor-version":[{"id":50,"href":"https:\/\/blogs.ua.es\/bienaventuradoslospobres\/wp-json\/wp\/v2\/pages\/2\/revisions\/50"}],"wp:attachment":[{"href":"https:\/\/blogs.ua.es\/bienaventuradoslospobres\/wp-json\/wp\/v2\/media?parent=2"}],"curies":[{"name":"wp","href":"https:\/\/api.w.org\/{rel}","templated":true}]}}