{"id":54,"date":"2010-12-03T10:37:14","date_gmt":"2010-12-03T10:37:14","guid":{"rendered":"https:\/\/blogs.ua.es\/bienaventuradoslospobres\/"},"modified":"2011-01-16T11:23:22","modified_gmt":"2011-01-16T11:23:22","slug":"bibliografia","status":"publish","type":"page","link":"https:\/\/blogs.ua.es\/bienaventuradoslospobres\/bibliografia\/","title":{"rendered":"Bibliograf\u00eda"},"content":{"rendered":"<p>Bravo Lozano, Jes\u00fas. <em>Minor\u00edas sociorreligiosas en la Europa Moderna. Madrid.\u00a0 Editorial S\u00edntesis, 1999.<\/em><\/p>\n<p>Carmona Garc\u00eda, Juan Ignacio; <em>El extenso mundo de la pobreza: la otra cara de la Sevilla imperial. <\/em>Sevilla: Ayuntamiento de Sevilla, 1993.<\/p>\n<p>Carmona Garc\u00eda, Juan Ignacio; <em>Cr\u00f3nica urbana del malvivir (s. XIV-XVII): insalubridad, desamparo y hambre en Sevilla.<\/em> Sevilla: Universidad de Sevilla, 2000.<\/p>\n<p>Carmona Garc\u00eda, Juan Ignacio<em>; Enfermedad y sociedad en los primeros tiempos modernos. <\/em>Sevilla: Universidad de Sevilla, 2005.<\/p>\n<p>Casey, James; et AL; <em>La familia en la Espa\u00f1a Mediterr\u00e1nea (siglos XV-XIX).<\/em> Barcelona: Cr\u00edtica, 1987.<\/p>\n<p>Casey, James; <em>Espa\u00f1a en la edad moderna. Una historia social.<\/em> Madrid: Biblioteca Nueva; Valencia: Universitat de Val\u00e8ncia, 2001.<\/p>\n<p>Dom\u00ednguez Ortiz, Antonio; Vincent, Bernard; <em>Historia de los moriscos. Vida y tragedia de una minor\u00eda. <\/em>Madrid: Revista de Occidente, 1978.<\/p>\n<p>Fern\u00e1ndez \u00c1lvarez, Manuel. <em>Casadas, monjas, rameras y brujas. La olvidada historia de la mujer espa\u00f1ola en el Renacimiento<\/em>. Espasa Calpe, 2002.<\/p>\n<p>Giginta, Miguel de. <em>Tratado de remedio de pobres<\/em>. Edici\u00f3n y estudio introductorio de F\u00e9lix Santolaria. Ariel, 2000.<\/p>\n<p>Moreno D\u00edaz, Francisco J.; <em>Los Moriscos de la Mancha. Sociedad, econom\u00eda y modos de vida de una minor\u00eda en la  Castilla moderna.<\/em> Madrid: Consejo Superior de Investigaciones Cient\u00edficas, 2009.<\/p>\n<p>Ramos V\u00e1zquez, Isabel; <em>De meretricia Turpidine: una visi\u00f3n jur\u00eddica de la prostituci\u00f3n en la Edad Moderna castellana.<\/em> M\u00e1laga: Universidad de M\u00e1laga, 2005.<\/p>\n<p>Vil\u00e0 i Mancebo, Antoni; <em>Els serveis socials a Catalunya: una visi\u00f3 hist\u00f2rica.<\/em> Girona: Unitat de Publicacions de la Diputaci\u00f3 de Girona, 2005.<\/p>\n<p>Vilar Dev\u00eds, Mercedes; <em>El Hospital General en la  Valencia foral moderna (1600-1700). <\/em>Valencia: Ajuntament de Valencia, 1996.<br \/>\n<em><\/em><\/p>\n<p><strong> <\/strong><\/p>\n<p><strong> <\/strong><\/p>\n","protected":false},"excerpt":{"rendered":"<p>Bravo Lozano, Jes\u00fas. Minor\u00edas sociorreligiosas en la Europa Moderna. Madrid.\u00a0 Editorial S\u00edntesis, 1999. Carmona Garc\u00eda, Juan Ignacio; El extenso mundo de la pobreza: la otra cara de la Sevilla imperial. Sevilla: Ayuntamiento de Sevilla, 1993. Carmona Garc\u00eda, Juan Ignacio; Cr\u00f3nica &hellip; <a href=\"https:\/\/blogs.ua.es\/bienaventuradoslospobres\/bibliografia\/\">Continue reading <span class=\"meta-nav\">&rarr;<\/span><\/a><\/p>\n","protected":false},"author":1893,"featured_media":0,"parent":0,"menu_order":0,"comment_status":"open","ping_status":"open","template":"","meta":{"footnotes":""},"class_list":["post-54","page","type-page","status-publish","hentry"],"_links":{"self":[{"href":"https:\/\/blogs.ua.es\/bienaventuradoslospobres\/wp-json\/wp\/v2\/pages\/54","targetHints":{"allow":["GET"]}}],"collection":[{"href":"https:\/\/blogs.ua.es\/bienaventuradoslospobres\/wp-json\/wp\/v2\/pages"}],"about":[{"href":"https:\/\/blogs.ua.es\/bienaventuradoslospobres\/wp-json\/wp\/v2\/types\/page"}],"author":[{"embeddable":true,"href":"https:\/\/blogs.ua.es\/bienaventuradoslospobres\/wp-json\/wp\/v2\/users\/1893"}],"replies":[{"embeddable":true,"href":"https:\/\/blogs.ua.es\/bienaventuradoslospobres\/wp-json\/wp\/v2\/comments?post=54"}],"version-history":[{"count":6,"href":"https:\/\/blogs.ua.es\/bienaventuradoslospobres\/wp-json\/wp\/v2\/pages\/54\/revisions"}],"predecessor-version":[{"id":62,"href":"https:\/\/blogs.ua.es\/bienaventuradoslospobres\/wp-json\/wp\/v2\/pages\/54\/revisions\/62"}],"wp:attachment":[{"href":"https:\/\/blogs.ua.es\/bienaventuradoslospobres\/wp-json\/wp\/v2\/media?parent=54"}],"curies":[{"name":"wp","href":"https:\/\/api.w.org\/{rel}","templated":true}]}}