{"id":11,"date":"2013-11-15T09:28:16","date_gmt":"2013-11-15T09:28:16","guid":{"rendered":"https:\/\/blogs.ua.es\/bigastro1\/?page_id=11"},"modified":"2014-01-13T20:33:13","modified_gmt":"2014-01-13T20:33:13","slug":"valoracion","status":"publish","type":"page","link":"https:\/\/blogs.ua.es\/bigastro1\/valoracion\/","title":{"rendered":"Valoraci\u00f3n"},"content":{"rendered":"<p>Este, sin duda, ha sido de los trabajos m\u00e1s divertidos que he podido realizar en toda mi formaci\u00f3n. Ha sido m\u00e1s entretenido de lo que imaginaba en un principio. He estado hasta el \u00faltimo momento con la bicicleta a cuestas haciendo fotos y la verdad esque ha sido muy divertido. Adem\u00e1s levantaba la admiraci\u00f3n de mis paisanos que no entend\u00edan por qu\u00e9 iba haciendo fotos a cosas que veo todos los d\u00edas. Tambi\u00e9n he hecho un recorrido por los blogs de los compa\u00f1eros y me ha gustado ver, como ellos han comentado sus fotos, las curiosidades de cada pueblo o ciudad, etc. Espero que tambi\u00e9n sea de su agrado.<\/p>\n<p>Judit Belmonte.<\/p>\n","protected":false},"excerpt":{"rendered":"<p>Este, sin duda, ha sido de los trabajos m\u00e1s divertidos que he podido realizar en toda mi formaci\u00f3n. Ha sido m\u00e1s entretenido de lo que imaginaba en un principio. He estado hasta el \u00faltimo momento con la bicicleta a cuestas &hellip; <a href=\"https:\/\/blogs.ua.es\/bigastro1\/valoracion\/\">Continue reading <span class=\"meta-nav\">&rarr;<\/span><\/a><\/p>\n","protected":false},"author":3273,"featured_media":0,"parent":0,"menu_order":3,"comment_status":"open","ping_status":"open","template":"","meta":{"footnotes":""},"class_list":["post-11","page","type-page","status-publish","hentry"],"_links":{"self":[{"href":"https:\/\/blogs.ua.es\/bigastro1\/wp-json\/wp\/v2\/pages\/11","targetHints":{"allow":["GET"]}}],"collection":[{"href":"https:\/\/blogs.ua.es\/bigastro1\/wp-json\/wp\/v2\/pages"}],"about":[{"href":"https:\/\/blogs.ua.es\/bigastro1\/wp-json\/wp\/v2\/types\/page"}],"author":[{"embeddable":true,"href":"https:\/\/blogs.ua.es\/bigastro1\/wp-json\/wp\/v2\/users\/3273"}],"replies":[{"embeddable":true,"href":"https:\/\/blogs.ua.es\/bigastro1\/wp-json\/wp\/v2\/comments?post=11"}],"version-history":[{"count":3,"href":"https:\/\/blogs.ua.es\/bigastro1\/wp-json\/wp\/v2\/pages\/11\/revisions"}],"predecessor-version":[{"id":275,"href":"https:\/\/blogs.ua.es\/bigastro1\/wp-json\/wp\/v2\/pages\/11\/revisions\/275"}],"wp:attachment":[{"href":"https:\/\/blogs.ua.es\/bigastro1\/wp-json\/wp\/v2\/media?parent=11"}],"curies":[{"name":"wp","href":"https:\/\/api.w.org\/{rel}","templated":true}]}}