{"id":2,"date":"2013-11-15T08:52:48","date_gmt":"2013-11-15T08:52:48","guid":{"rendered":"https:\/\/blogs.ua.es\/bigastro1\/?page_id=2"},"modified":"2014-01-13T20:20:29","modified_gmt":"2014-01-13T20:20:29","slug":"pagina-ejemplo","status":"publish","type":"page","link":"https:\/\/blogs.ua.es\/bigastro1\/pagina-ejemplo\/","title":{"rendered":"Explicaci\u00f3n"},"content":{"rendered":"<p>Todo este proyecto tiene la funci\u00f3n de hacer un examen exahustivo a las escrituras expuestas, aquellas que est\u00e1n a la vista de todos y que &#8220;adornan&#8221; nuestro pueblo de mejor o peor manera. Con uno de los carteles tuve un peque\u00f1o problema. Hablo de la entrada &#8220;El pueblo m\u00e1s divertido de Espa\u00f1a&#8221;, en la que tuve que borrar el comentario por una pol\u00edtica que hay con el programa de TVE, en el cual no pueden filtrarse los datos del programa hasta que no se emita. Por lo dem\u00e1s, es un trabajo realmente interesante (lo digo de verdad) y muy llamativo. Adem\u00e1s de que &#8220;te engancha&#8221; a seguir haciendo fotos y subi\u00e9ndolas.<\/p>\n<p>Judit Belmonte.<\/p>\n","protected":false},"excerpt":{"rendered":"<p>Todo este proyecto tiene la funci\u00f3n de hacer un examen exahustivo a las escrituras expuestas, aquellas que est\u00e1n a la vista de todos y que &#8220;adornan&#8221; nuestro pueblo de mejor o peor manera. Con uno de los carteles tuve un &hellip; <a href=\"https:\/\/blogs.ua.es\/bigastro1\/pagina-ejemplo\/\">Continue reading <span class=\"meta-nav\">&rarr;<\/span><\/a><\/p>\n","protected":false},"author":3273,"featured_media":0,"parent":0,"menu_order":2,"comment_status":"open","ping_status":"open","template":"","meta":{"footnotes":""},"class_list":["post-2","page","type-page","status-publish","hentry"],"_links":{"self":[{"href":"https:\/\/blogs.ua.es\/bigastro1\/wp-json\/wp\/v2\/pages\/2","targetHints":{"allow":["GET"]}}],"collection":[{"href":"https:\/\/blogs.ua.es\/bigastro1\/wp-json\/wp\/v2\/pages"}],"about":[{"href":"https:\/\/blogs.ua.es\/bigastro1\/wp-json\/wp\/v2\/types\/page"}],"author":[{"embeddable":true,"href":"https:\/\/blogs.ua.es\/bigastro1\/wp-json\/wp\/v2\/users\/3273"}],"replies":[{"embeddable":true,"href":"https:\/\/blogs.ua.es\/bigastro1\/wp-json\/wp\/v2\/comments?post=2"}],"version-history":[{"count":4,"href":"https:\/\/blogs.ua.es\/bigastro1\/wp-json\/wp\/v2\/pages\/2\/revisions"}],"predecessor-version":[{"id":273,"href":"https:\/\/blogs.ua.es\/bigastro1\/wp-json\/wp\/v2\/pages\/2\/revisions\/273"}],"wp:attachment":[{"href":"https:\/\/blogs.ua.es\/bigastro1\/wp-json\/wp\/v2\/media?parent=2"}],"curies":[{"name":"wp","href":"https:\/\/api.w.org\/{rel}","templated":true}]}}