{"id":4,"date":"2013-11-15T09:22:38","date_gmt":"2013-11-15T09:22:38","guid":{"rendered":"https:\/\/blogs.ua.es\/bigastro1\/?page_id=4"},"modified":"2013-11-15T09:26:26","modified_gmt":"2013-11-15T09:26:26","slug":"4-2","status":"publish","type":"page","link":"https:\/\/blogs.ua.es\/bigastro1\/4-2\/","title":{"rendered":"Presentaci\u00f3n"},"content":{"rendered":"<p>\u00a1Hola!<\/p>\n<p>Somos<strong> Rom\u00e1n Belmonte Mira<\/strong> y <strong>Judit Belmonte Bernabeu<\/strong>, dos estudiantes del Grado de Historia de la<a href=\"http:\/\/http:\/\/www.ua.es\/\"> UA<\/a>, y este blog es de la asignatura &#8220;Fuentes y Documentos para la Historia&#8221;. Aqu\u00ed os mostraremos escrituras expuestas, p\u00fablicas; de nuestro pueblo Bigastro, un peque\u00f1o municipio de la Vega Baja, al sur de la provincia de Alicante. Esperamos que las im\u00e1genes aqu\u00ed expuestas os resulten interesantes y nos visiteis.<\/p>\n<p>\u00a1Un saludo!<\/p>\n<p>&nbsp;<\/p>\n","protected":false},"excerpt":{"rendered":"<p>\u00a1Hola! Somos Rom\u00e1n Belmonte Mira y Judit Belmonte Bernabeu, dos estudiantes del Grado de Historia de la UA, y este blog es de la asignatura &#8220;Fuentes y Documentos para la Historia&#8221;. Aqu\u00ed os mostraremos escrituras expuestas, p\u00fablicas; de nuestro pueblo &hellip; <a href=\"https:\/\/blogs.ua.es\/bigastro1\/4-2\/\">Continue reading <span class=\"meta-nav\">&rarr;<\/span><\/a><\/p>\n","protected":false},"author":3273,"featured_media":0,"parent":0,"menu_order":1,"comment_status":"open","ping_status":"open","template":"","meta":{"footnotes":""},"class_list":["post-4","page","type-page","status-publish","hentry"],"_links":{"self":[{"href":"https:\/\/blogs.ua.es\/bigastro1\/wp-json\/wp\/v2\/pages\/4","targetHints":{"allow":["GET"]}}],"collection":[{"href":"https:\/\/blogs.ua.es\/bigastro1\/wp-json\/wp\/v2\/pages"}],"about":[{"href":"https:\/\/blogs.ua.es\/bigastro1\/wp-json\/wp\/v2\/types\/page"}],"author":[{"embeddable":true,"href":"https:\/\/blogs.ua.es\/bigastro1\/wp-json\/wp\/v2\/users\/3273"}],"replies":[{"embeddable":true,"href":"https:\/\/blogs.ua.es\/bigastro1\/wp-json\/wp\/v2\/comments?post=4"}],"version-history":[{"count":3,"href":"https:\/\/blogs.ua.es\/bigastro1\/wp-json\/wp\/v2\/pages\/4\/revisions"}],"predecessor-version":[{"id":7,"href":"https:\/\/blogs.ua.es\/bigastro1\/wp-json\/wp\/v2\/pages\/4\/revisions\/7"}],"wp:attachment":[{"href":"https:\/\/blogs.ua.es\/bigastro1\/wp-json\/wp\/v2\/media?parent=4"}],"curies":[{"name":"wp","href":"https:\/\/api.w.org\/{rel}","templated":true}]}}