{"id":141,"date":"2019-05-07T11:32:54","date_gmt":"2019-05-07T11:32:54","guid":{"rendered":"https:\/\/blogs.ua.es\/blogcriminologia\/?page_id=141"},"modified":"2019-05-16T16:52:53","modified_gmt":"2019-05-16T16:52:53","slug":"biblioteca-ua","status":"publish","type":"page","link":"https:\/\/blogs.ua.es\/blogcriminologia\/biblioteca-ua\/","title":{"rendered":"Biblioteca UA"},"content":{"rendered":"<h4><strong>TFG: CRIMINOLOG\u00cdA: Presentaci\u00f3n<\/h4>\n<p><\/strong><\/p>\n<p>Interesantes v\u00eddeos sobre delincuencia juvenil del Observatorio Internacional de Justicia Juvenil. Para poder reproducirlos debes estar registrado, pero la inscripci\u00f3n es gratuita.<\/p>\n<p><strong>Enlace de inter\u00e9s:\u00a0<\/strong><br \/>\n<a title=\"Enlace\" href=\"https:\/\/ua-es.libguides.com\/TFG_criminologia\" target=\"_blank\" rel=\"noopener noreferrer\"><img loading=\"lazy\" decoding=\"async\" class=\"alignleft\" src=\"https:\/\/cdn.pixabay.com\/photo\/2013\/07\/13\/11\/42\/audio-158489_960_720.png\" alt=\"\" width=\"111\" height=\"111\" \/><\/a><\/p>\n<hr \/>\n<h4><strong>Informaci\u00f3n especializada TFG CRIMINOLOG\u00cdA<\/h4>\n<p><\/strong><\/p>\n<p><strong>Enlace de inter\u00e9s:\u00a0<\/strong><br \/>\n<a title=\"Enlace\" href=\"https:\/\/rua.ua.es\/dspace\/bitstream\/10045\/90067\/3\/Buscar_informaci%C3%B3n_especializada-TFG-CRIMINOLOGIA_2018_2019.pdf\" target=\"_blank\" rel=\"noopener noreferrer\"><img loading=\"lazy\" decoding=\"async\" class=\"alignleft\" src=\"https:\/\/cdn.pixabay.com\/photo\/2013\/07\/13\/11\/42\/audio-158489_960_720.png\" alt=\"\" width=\"111\" height=\"111\" \/><\/a><\/p>\n<hr \/>\n<h4><strong>C\u00f3mo evaluar la Informaci\u00f3n encontrada<\/h4>\n<p><\/strong><\/p>\n<p><strong>Enlace de inter\u00e9s:\u00a0<\/strong><br \/>\n<a title=\"Enlace\" href=\"https:\/\/rua.ua.es\/dspace\/bitstream\/10045\/90067\/1\/Como_evaluar_informacion_TFG_2018_2019_CID.pdf\" target=\"_blank\" rel=\"noopener noreferrer\"><img loading=\"lazy\" decoding=\"async\" class=\"alignleft\" src=\"https:\/\/cdn.pixabay.com\/photo\/2013\/07\/13\/11\/42\/audio-158489_960_720.png\" alt=\"\" width=\"111\" height=\"111\" \/><\/a><\/p>\n<hr \/>\n","protected":false},"excerpt":{"rendered":"<p>TFG: CRIMINOLOG\u00cdA: Presentaci\u00f3n Interesantes v\u00eddeos sobre delincuencia juvenil del Observatorio Internacional de Justicia Juvenil. Para poder reproducirlos debes estar registrado, pero la inscripci\u00f3n es gratuita. Enlace de inter\u00e9s:\u00a0 Informaci\u00f3n especializada TFG CRIMINOLOG\u00cdA Enlace de inter\u00e9s:\u00a0 C\u00f3mo evaluar la Informaci\u00f3n encontrada Enlace de inter\u00e9s:\u00a0<\/p>\n","protected":false},"author":4337,"featured_media":0,"parent":0,"menu_order":0,"comment_status":"closed","ping_status":"closed","template":"","meta":{"footnotes":""},"class_list":["post-141","page","type-page","status-publish","hentry"],"_links":{"self":[{"href":"https:\/\/blogs.ua.es\/blogcriminologia\/wp-json\/wp\/v2\/pages\/141","targetHints":{"allow":["GET"]}}],"collection":[{"href":"https:\/\/blogs.ua.es\/blogcriminologia\/wp-json\/wp\/v2\/pages"}],"about":[{"href":"https:\/\/blogs.ua.es\/blogcriminologia\/wp-json\/wp\/v2\/types\/page"}],"author":[{"embeddable":true,"href":"https:\/\/blogs.ua.es\/blogcriminologia\/wp-json\/wp\/v2\/users\/4337"}],"replies":[{"embeddable":true,"href":"https:\/\/blogs.ua.es\/blogcriminologia\/wp-json\/wp\/v2\/comments?post=141"}],"version-history":[{"count":7,"href":"https:\/\/blogs.ua.es\/blogcriminologia\/wp-json\/wp\/v2\/pages\/141\/revisions"}],"predecessor-version":[{"id":193,"href":"https:\/\/blogs.ua.es\/blogcriminologia\/wp-json\/wp\/v2\/pages\/141\/revisions\/193"}],"wp:attachment":[{"href":"https:\/\/blogs.ua.es\/blogcriminologia\/wp-json\/wp\/v2\/media?parent=141"}],"curies":[{"name":"wp","href":"https:\/\/api.w.org\/{rel}","templated":true}]}}