{"id":18,"date":"2019-04-25T15:37:52","date_gmt":"2019-04-25T15:37:52","guid":{"rendered":"https:\/\/blogs.ua.es\/blogcriminologia\/?page_id=18"},"modified":"2019-05-06T14:45:14","modified_gmt":"2019-05-06T14:45:14","slug":"informacion-de-contacto","status":"publish","type":"page","link":"https:\/\/blogs.ua.es\/blogcriminologia\/informacion-de-contacto\/","title":{"rendered":"Informaci\u00f3n de Contacto"},"content":{"rendered":"<h1 style=\"font-style: oblique;color: #2f2a29\"><b>Informaci\u00f3n de Contacto<\/b><\/h1>\n<p>C\u00f3mo contactar con nosotros:<\/p>\n<p>A trav\u00e9s de la siguiente direcci\u00f3n de correo podr\u00e1 ponerse en contacto v\u00eda electr\u00f3nica tan solo haciendo un &#8220;Click&#8221; sobre ella. Pasos a seguir:<\/p>\n<ol>\n<li>Haga &#8220;Click&#8221; sobre la direcci\u00f3n de correo.<\/li>\n<li>Se le abrir\u00e1 una pesta\u00f1a de servicio de mensajer\u00eda electr\u00f3nico<\/li>\n<li>Escriba el asunto y&#8230; \u00a1ya est\u00e1!<\/li>\n<\/ol>\n<p>En caso de que no funcionase alguno de los pasos anteriores, puede ponerse en contacto con nosotros escribiendo la direcci\u00f3n de correo en su servicio de mensajer\u00eda electr\u00f3nico preferido (Gmail, Hotmail, iCloud, &#8230;)<\/p>\n<h3><img loading=\"lazy\" decoding=\"async\" id=\"\" class=\"\" src=\"https:\/\/upload.wikimedia.org\/wikipedia\/commons\/thumb\/a\/ab\/Gmail_Icon.svg\/245px-Gmail_Icon.svg.png\" alt=\"\" width=\"13\" height=\"13\" \/><a href=\"mailto:PsicologiaSalud@ua.es\">PsicologiaSalud@ua.es<\/a><\/h3>\n<h2 style=\"font-style: oblique;color: #2f2a29\"><b>Donde estamos : \u00a1<\/b>Click sobre el mapa para encontrarnos!<\/h2>\n<p>A trav\u00e9s del siguiente Mapa, podr\u00e1 conocer donde estamos ubicados. Pasos a seguir:<\/p>\n<ol>\n<li>Haga &#8220;Click&#8221; sobre el Mapa.<\/li>\n<li>Le redireccionar\u00e1 a Google Maps y&#8230; \u00a1ya est\u00e1!<\/li>\n<\/ol>\n<p>En caso de que no funcionase alguno de los pasos anteriores, puede localizarnos escribiendo la direcci\u00f3n que le proporcionamos en la parte inferior del Mapa en Google Maps directamente:<\/p>\n<p><a href=\"https:\/\/www.google.es\/maps\/place\/Edificio+34+-+Ciencias+Sociales,+Carr.+San+Vicente+del+Raspeig,+03690+Alicante+(Alacant),+Alicante\/@38.383,-0.5129853,17z\/data=!4m8!1m2!2m1!1sEdificio+34+de+Ciencias+Sociales+en+el+Departamento+de+Psicologia+de+la+Salud+en+la+Universidad+de+Alicante!3m4!1s0xd6236bbe839370f:0x890495a57b5d86e3!8m2!3d38.3835229!4d-0.5112378?hl=es&amp;authuser=0\"><img loading=\"lazy\" decoding=\"async\" class=\"\" src=\"https:\/\/i.ibb.co\/MVZqDKn\/Captura.png\" alt=\"Captura\" width=\"468\" height=\"271\" border=\"1\" \/><\/a><\/p>\n<ul>\n<li><b>Edificio 34 de Ciencias Sociales en el Departamento de Psicologia de la Salud en la Universidad de Alicante<\/b><\/li>\n<\/ul>\n","protected":false},"excerpt":{"rendered":"<p>Informaci\u00f3n de Contacto C\u00f3mo contactar con nosotros: A trav\u00e9s de la siguiente direcci\u00f3n de correo podr\u00e1 ponerse en contacto v\u00eda electr\u00f3nica tan solo haciendo un &#8220;Click&#8221; sobre ella. Pasos a seguir: Haga &#8220;Click&#8221; sobre la direcci\u00f3n de correo. Se le abrir\u00e1 una pesta\u00f1a de servicio de mensajer\u00eda electr\u00f3nico Escriba el asunto y&#8230; \u00a1ya est\u00e1! En [&hellip;]<\/p>\n","protected":false},"author":4337,"featured_media":0,"parent":0,"menu_order":0,"comment_status":"closed","ping_status":"closed","template":"","meta":{"footnotes":""},"class_list":["post-18","page","type-page","status-publish","hentry"],"_links":{"self":[{"href":"https:\/\/blogs.ua.es\/blogcriminologia\/wp-json\/wp\/v2\/pages\/18","targetHints":{"allow":["GET"]}}],"collection":[{"href":"https:\/\/blogs.ua.es\/blogcriminologia\/wp-json\/wp\/v2\/pages"}],"about":[{"href":"https:\/\/blogs.ua.es\/blogcriminologia\/wp-json\/wp\/v2\/types\/page"}],"author":[{"embeddable":true,"href":"https:\/\/blogs.ua.es\/blogcriminologia\/wp-json\/wp\/v2\/users\/4337"}],"replies":[{"embeddable":true,"href":"https:\/\/blogs.ua.es\/blogcriminologia\/wp-json\/wp\/v2\/comments?post=18"}],"version-history":[{"count":2,"href":"https:\/\/blogs.ua.es\/blogcriminologia\/wp-json\/wp\/v2\/pages\/18\/revisions"}],"predecessor-version":[{"id":60,"href":"https:\/\/blogs.ua.es\/blogcriminologia\/wp-json\/wp\/v2\/pages\/18\/revisions\/60"}],"wp:attachment":[{"href":"https:\/\/blogs.ua.es\/blogcriminologia\/wp-json\/wp\/v2\/media?parent=18"}],"curies":[{"name":"wp","href":"https:\/\/api.w.org\/{rel}","templated":true}]}}