{"id":390,"date":"2019-10-30T10:55:34","date_gmt":"2019-10-30T10:55:34","guid":{"rendered":"https:\/\/blogs.ua.es\/blogcriminologia\/?page_id=390"},"modified":"2019-11-05T13:49:37","modified_gmt":"2019-11-05T13:49:37","slug":"disenos-de-investigacion","status":"publish","type":"page","link":"https:\/\/blogs.ua.es\/blogcriminologia\/disenos-de-investigacion\/","title":{"rendered":"Dise\u00f1os de investigaci\u00f3n"},"content":{"rendered":"<p>En este apartado del blog, se expone un sistema de clasificaci\u00f3n propuesto por Ato, L\u00f3pez-Garc\u00eda, y Benavente (2013) de los dise\u00f1os de investigaci\u00f3n aplicados en psicolog\u00eda y ciencias afines como por ejemplo la criminolog\u00eda.<\/p>\n<p>La investigaci\u00f3n cient\u00edfica puede clasificarse, a grandes rasgos, en los cuatro tipos que se detallan a continuaci\u00f3n:<\/p>\n<p><strong><span style=\"color: #800080\">Investigaci\u00f3n te\u00f3rica<\/span><\/strong><\/p>\n<p>Dentro de este tipo de investigaci\u00f3n nos encontramos con las revisiones narrativas, revisiones sistem\u00e1ticas y meta-an\u00e1lisis.<\/p>\n<p><strong><span style=\"color: #800080\">Investigaci\u00f3n instrumental<\/span><\/strong><\/p>\n<p>En esta categor\u00eda se incluyen los trabajos que analizan las propiedas psicom\u00e9tricas de instrumentos de medida.<\/p>\n<p><strong><span style=\"color: #800080\">Investigaci\u00f3n metodol\u00f3gica<\/span><\/strong><\/p>\n<p>Este tipo de investaci\u00f3n incluye todos los trabajos que presentan nuevas metodolog\u00edas para la optimizaci\u00f3n de la investigaci\u00f3n, tales como los estudios de simulaci\u00f3n o la revisi\u00f3n de procedimientos metodol\u00f3gicos en uso.<\/p>\n<p><strong><span style=\"color: #800080\">Investigaci\u00f3n emp\u00edrica<\/span><\/strong><\/p>\n<p>La investigaci\u00f3n emp\u00edrica se puede definir como un tipo de investigaci\u00f3n basada en la experimentaci\u00f3n o en la observaci\u00f3n. En la investigaci\u00f3n emp\u00edrica suelen utilizarse tres estrategias de investigaci\u00f3n:<\/p>\n<ul>\n<li><span style=\"color: #800080\">Estrategia manipulativa<\/span><\/li>\n<\/ul>\n<p>Se persigue analizar la relaci\u00f3n casual existente entre dos o m\u00e1s variables. Pueden establecerse relaciones causales. Dentro de esta estrategia se pueden llevar a cabo tres tipos de estudios:<\/p>\n<p>&#8211; <span style=\"color: #333399\">Experimental.<\/span> Los estudios experimentales deben cumplir dos condiciones: manipulaci\u00f3n de al menos una variable y asignaci\u00f3n aleatoria de los participantes a las condiciones de tratamiento.<\/p>\n<p>&#8211; <span style=\"color: #333399\">Cuasiexperimental.<\/span> Los estudios cuasiexperimentales cumplen con el requisito de la manipulaci\u00f3n de al menos una variable, pero no es posible o no es \u00e9tico cumplir con el requisito de la asignaci\u00f3n aleatoria de los participantes.<\/p>\n<p>&#8211; <span style=\"color: #333399\">Caso \u00fanico.<\/span> Los estudios de caso \u00fanico se caracterizan por el registro sucesivo a lo largo del tiempo (sesiones, d\u00edas, semanas, etc.) de la conducta de un caso \u00fanico o de un grupo peque\u00f1o de sujetos.<\/p>\n<ul>\n<li><span style=\"color: #800080\">Estrategia asociativa<\/span><\/li>\n<\/ul>\n<p>Se persigue analizar la relaci\u00f3n funcional existente entre variables. Dentro de esta estrategia se pueden llevar a cabo tres tipos de estudios:<\/p>\n<p>&#8211; <span style=\"color: #333399\">Comparativo.<\/span> En los estudios comparativos se analiza la relaci\u00f3n entre variables examinando las diferencias que existen entre dos o m\u00e1s grupos de individuos, aprovechando las situaciones diferenciales creadas por naturaleza o la sociedad. Los estudios retrospectivos, transversales, prospectivos (longitudinales), y evolutivos son ejemplos de estudios comparativos.<\/p>\n<p>&#8211; <span style=\"color: #333399\">Predictivo.<\/span> En los estudios predictivos el objetivo consiste en la predicci\u00f3n de comportamientos explorando la relaci\u00f3n funcional entre dos o m\u00e1s variables, sin distinci\u00f3n alguna entre ellas.<\/p>\n<p>&#8211; <span style=\"color: #333399\">Explicativo<\/span>. Los estudios explicativos se proponen con el objetivo de probar modelos acerca de las relaciones existentes entre un conjunto de variables, tal y como se derivan de una teor\u00eda subyacente.<\/p>\n<ul>\n<li><span style=\"color: #800080\">Estrategia descriptiva<\/span><\/li>\n<\/ul>\n<p>En esta estrategia el objetivo de la investigaci\u00f3n es la definici\u00f3n, clasificaci\u00f3n y\/o categorizaci\u00f3n de eventos. Dentro de esta estrategia se pueden llevar a cabo dos tipos de estudios:<\/p>\n<p>&#8211; <span style=\"color: #333399\">Observacional.<\/span> Los estudios observacionales consisten en el registro de comportamientos que son objeto de observaci\u00f3n mediante t\u00e9cnicas de observaci\u00f3n espec\u00edficas.<\/p>\n<p>&#8211; <span style=\"color: #333399\">Selectivo.<\/span> En los estudios selectivos se registran opiniones o actitudes normalmente a trav\u00e9s del uso del m\u00e9todo de encuesta.<\/p>\n<p><strong>Referencias Bibliogr\u00e1ficas<\/strong><\/p>\n<p>Ato, M., L\u00f3pez-Garc\u00eda, J. J., &amp; Benavente, A. (2013). Un sistema de clasificaci\u00f3n de los dise\u00f1os de investigaci\u00f3n en psicolog\u00eda.\u00a0<i>Anales de Psicolog\u00eda\/Annals of Psychology<\/i>,\u00a0<i>29<\/i>(3), 1038-1059.<\/p>\n<p><a href=\"http:\/\/scielo.isciii.es\/scielo.php?script=sci_arttext&amp;pid=S0212-97282013000300043\" target=\"_blank\" rel=\"noopener noreferrer\"><img loading=\"lazy\" decoding=\"async\" class=\"size-medium wp-image-472 alignleft\" src=\"https:\/\/blogs.ua.es\/blogcriminologia\/files\/2019\/10\/Un-sistema-de-clasificaci\u00f3n-de-dise\u00f1os-de-investigacion-300x185.png\" alt=\"\" width=\"300\" height=\"185\" srcset=\"https:\/\/blogs.ua.es\/blogcriminologia\/files\/2019\/10\/Un-sistema-de-clasificaci\u00f3n-de-dise\u00f1os-de-investigacion-300x185.png 300w, https:\/\/blogs.ua.es\/blogcriminologia\/files\/2019\/10\/Un-sistema-de-clasificaci\u00f3n-de-dise\u00f1os-de-investigacion-768x474.png 768w, https:\/\/blogs.ua.es\/blogcriminologia\/files\/2019\/10\/Un-sistema-de-clasificaci\u00f3n-de-dise\u00f1os-de-investigacion-1024x631.png 1024w, https:\/\/blogs.ua.es\/blogcriminologia\/files\/2019\/10\/Un-sistema-de-clasificaci\u00f3n-de-dise\u00f1os-de-investigacion.png 1432w\" sizes=\"auto, (max-width: 300px) 100vw, 300px\" \/><\/a><\/p>\n<p>&nbsp;<\/p>\n","protected":false},"excerpt":{"rendered":"<p>En este apartado del blog, se expone un sistema de clasificaci\u00f3n propuesto por Ato, L\u00f3pez-Garc\u00eda, y Benavente (2013) de los dise\u00f1os de investigaci\u00f3n aplicados en psicolog\u00eda y ciencias afines como por ejemplo la criminolog\u00eda. La investigaci\u00f3n cient\u00edfica puede clasificarse, a grandes rasgos, en los cuatro tipos que se detallan a continuaci\u00f3n: Investigaci\u00f3n te\u00f3rica Dentro de [&hellip;]<\/p>\n","protected":false},"author":4337,"featured_media":0,"parent":0,"menu_order":0,"comment_status":"closed","ping_status":"closed","template":"","meta":{"footnotes":""},"class_list":["post-390","page","type-page","status-publish","hentry"],"_links":{"self":[{"href":"https:\/\/blogs.ua.es\/blogcriminologia\/wp-json\/wp\/v2\/pages\/390","targetHints":{"allow":["GET"]}}],"collection":[{"href":"https:\/\/blogs.ua.es\/blogcriminologia\/wp-json\/wp\/v2\/pages"}],"about":[{"href":"https:\/\/blogs.ua.es\/blogcriminologia\/wp-json\/wp\/v2\/types\/page"}],"author":[{"embeddable":true,"href":"https:\/\/blogs.ua.es\/blogcriminologia\/wp-json\/wp\/v2\/users\/4337"}],"replies":[{"embeddable":true,"href":"https:\/\/blogs.ua.es\/blogcriminologia\/wp-json\/wp\/v2\/comments?post=390"}],"version-history":[{"count":19,"href":"https:\/\/blogs.ua.es\/blogcriminologia\/wp-json\/wp\/v2\/pages\/390\/revisions"}],"predecessor-version":[{"id":518,"href":"https:\/\/blogs.ua.es\/blogcriminologia\/wp-json\/wp\/v2\/pages\/390\/revisions\/518"}],"wp:attachment":[{"href":"https:\/\/blogs.ua.es\/blogcriminologia\/wp-json\/wp\/v2\/media?parent=390"}],"curies":[{"name":"wp","href":"https:\/\/api.w.org\/{rel}","templated":true}]}}