{"id":393,"date":"2019-10-30T10:55:52","date_gmt":"2019-10-30T10:55:52","guid":{"rendered":"https:\/\/blogs.ua.es\/blogcriminologia\/?page_id=393"},"modified":"2019-10-31T13:15:21","modified_gmt":"2019-10-31T13:15:21","slug":"como-buscar-informacion","status":"publish","type":"page","link":"https:\/\/blogs.ua.es\/blogcriminologia\/como-buscar-informacion\/","title":{"rendered":"B\u00fasqueda de informaci\u00f3n"},"content":{"rendered":"<p><b><span style=\"color: #800080\">Fase estrategia de b\u00fasqueda bibliogr\u00e1fica<\/span><br \/>\n<\/b><\/p>\n<ul>\n<li>Definir los objetivos y criterios<\/li>\n<li>Delimitar la estrategia de b\u00fasqueda<\/li>\n<li>Definir la estrategia de b\u00fasqueda<\/li>\n<li>Interrogar a la base de datos<\/li>\n<\/ul>\n<p><strong><span style=\"color: #800080\">\u00bfQu\u00e9 buscar?<\/span><\/strong><\/p>\n<p>La b\u00fasqueda depender\u00e1 de la pregunta de investigaci\u00f3n. Cuanto m\u00e1s precisa sea la definici\u00f3n de la pregunta de investigaci\u00f3n, m\u00e1s focalizada resultar\u00e1 la b\u00fasqueda.<\/p>\n<p>Ejemplo de pregunta de investigaci\u00f3n: \u00bfCu\u00e1les son las caracter\u00edsticas psicol\u00f3gicas y de personalidad de los hombre condenados por violencia de g\u00e9nero hacia sus parejas?<\/p>\n<p><strong><span style=\"color: #800080\">\u00bfC\u00f3mo buscar?<\/span><\/strong><\/p>\n<p>Los <span style=\"color: #800080\">truncamientos<\/span> sirven para buscar un t\u00e9rmino y obtener, en una solo b\u00fasqueda, ese mismo t\u00e9rmino y sus posibles variantes (singular\/plural, masculino\/femenino, derivados..). Pueden colocarse a la izquierda, a la derecha o en medio del t\u00e9rmino.<\/p>\n<p>Ejemplos de truncamientos:<\/p>\n<p>ASTERISCO (*): Puede sustituir a ning\u00fan, uno o varios caracteres.<\/p>\n<p>INTERROGACI\u00d3N (?): Puede sustituir a ning\u00fan o un solo caracter.<\/p>\n<p>COMILLAS (&#8221; &#8220;): Se utilizan para buscar exactamente los t\u00e9rminos tal y como se introducen, como frases literales.<\/p>\n<p>Los <span style=\"color: #800080\">operadores booleanos<\/span> <span class=\"st\">son esenciales para realizar eficazmente una b\u00fasqueda bibliogr\u00e1fica:<\/span><\/p>\n<p>AND (Y): Recupera documentos que contienen todas las palabras introducidas en el campo seleccionado.<\/p>\n<p>OR (O): Recupera documentos que contienen alguna de las palabras introducidas en el campo seleccionado, o ambas a la vez.<\/p>\n<p>NOT (NO): Recupera documentos que contienen el primer t\u00e9rmino introducido, pero no el segundo.<\/p>\n<p><img loading=\"lazy\" decoding=\"async\" class=\"alignnone size-medium wp-image-430\" src=\"https:\/\/blogs.ua.es\/blogcriminologia\/files\/2019\/10\/operadores-booleanos-300x82.png\" alt=\"\" width=\"300\" height=\"82\" srcset=\"https:\/\/blogs.ua.es\/blogcriminologia\/files\/2019\/10\/operadores-booleanos-300x82.png 300w, https:\/\/blogs.ua.es\/blogcriminologia\/files\/2019\/10\/operadores-booleanos-768x210.png 768w, https:\/\/blogs.ua.es\/blogcriminologia\/files\/2019\/10\/operadores-booleanos.png 809w\" sizes=\"auto, (max-width: 300px) 100vw, 300px\" \/><\/p>\n<p><strong><span style=\"color: #800080\">\u00bfD\u00f3nde buscar?<\/span><\/strong><\/p>\n<p>&#8211; B\u00fasqueda en los principales recursos disponibles en la Biblioteca de la Universidad de Alicante (BUA): Cat\u00e1logo, bases de datos, revistas-e, RUA, OCW, etc.<\/p>\n<p><a href=\"https:\/\/biblioteca.ua.es\/es\/\" target=\"_blank\" rel=\"noopener noreferrer\">Cat\u00e1logo de la Biblioteca de la Universidad de Alicante<\/a><\/p>\n<p><a href=\"https:\/\/biblioteca.ua.es\/es\/encuentra-informacion\/recursos-e\/recursos-e-libros-electronicos-revistas-electronicas-bases-de-datos-dialnet.html\" target=\"_blank\" rel=\"noopener noreferrer\">Recursos-E de la Biblioteca de la Universidad de Alicante<\/a><\/p>\n<p><a href=\"https:\/\/ua-es.libguides.com\/c.php?g=661308&amp;p=4671650\" target=\"_blank\" rel=\"noopener noreferrer\">Buscar y evaluar informaci\u00f3n. Biblioteca de la Universidad de Alicante<\/a><\/p>\n<p><a href=\"http:\/\/rua.ua.es\/dspace\/handle\/10045\/36911\">Repositorio Institucional de la Universidad de Alicante<\/a><\/p>\n<figure id=\"attachment_284\" aria-describedby=\"caption-attachment-284\" style=\"width: 300px\" class=\"wp-caption alignnone\"><a href=\"https:\/\/rua.ua.es\/dspace\/bitstream\/10045\/69871\/17\/ci2_avanzado_2017-18_Buscar-informacion-Criminologia.pdf\" target=\"_blank\" rel=\"noopener noreferrer\"><img loading=\"lazy\" decoding=\"async\" class=\"wp-image-284 size-medium\" src=\"https:\/\/blogs.ua.es\/blogcriminologia\/files\/2019\/10\/Portado-Biblio-300x241.png\" alt=\"\" width=\"300\" height=\"241\" srcset=\"https:\/\/blogs.ua.es\/blogcriminologia\/files\/2019\/10\/Portado-Biblio-300x241.png 300w, https:\/\/blogs.ua.es\/blogcriminologia\/files\/2019\/10\/Portado-Biblio-768x617.png 768w, https:\/\/blogs.ua.es\/blogcriminologia\/files\/2019\/10\/Portado-Biblio-1024x823.png 1024w, https:\/\/blogs.ua.es\/blogcriminologia\/files\/2019\/10\/Portado-Biblio.png 1115w\" sizes=\"auto, (max-width: 300px) 100vw, 300px\" \/><\/a><figcaption id=\"caption-attachment-284\" class=\"wp-caption-text\">C\u00f3mo buscar informaci\u00f3n especializada para el TFG<\/figcaption><\/figure>\n<p>&nbsp;<\/p>\n<p>-B\u00fasquedas de art\u00edculos en las principales bases de estudio de este campo de estudio tales como PsycINFO, PSICODOC, SCOPUS y Web of Science.<\/p>\n<p>Para acceder a las principales bases de estudio pinche en &#8220;<em>Bases de datos<\/em>&#8221; de este mismo blog:<\/p>\n<p><a href=\"https:\/\/blogs.ua.es\/blogcriminologia\/bases-de-datos\/\"><img loading=\"lazy\" decoding=\"async\" class=\"size-medium wp-image-490 alignleft\" src=\"https:\/\/blogs.ua.es\/blogcriminologia\/files\/2019\/10\/Bases-de-datos-300x276.png\" alt=\"\" width=\"300\" height=\"276\" srcset=\"https:\/\/blogs.ua.es\/blogcriminologia\/files\/2019\/10\/Bases-de-datos-300x276.png 300w, https:\/\/blogs.ua.es\/blogcriminologia\/files\/2019\/10\/Bases-de-datos-768x707.png 768w, https:\/\/blogs.ua.es\/blogcriminologia\/files\/2019\/10\/Bases-de-datos.png 989w\" sizes=\"auto, (max-width: 300px) 100vw, 300px\" \/><\/a><\/p>\n","protected":false},"excerpt":{"rendered":"<p>Fase estrategia de b\u00fasqueda bibliogr\u00e1fica Definir los objetivos y criterios Delimitar la estrategia de b\u00fasqueda Definir la estrategia de b\u00fasqueda Interrogar a la base de datos \u00bfQu\u00e9 buscar? La b\u00fasqueda depender\u00e1 de la pregunta de investigaci\u00f3n. Cuanto m\u00e1s precisa sea la definici\u00f3n de la pregunta de investigaci\u00f3n, m\u00e1s focalizada resultar\u00e1 la b\u00fasqueda. Ejemplo de pregunta [&hellip;]<\/p>\n","protected":false},"author":4337,"featured_media":0,"parent":0,"menu_order":0,"comment_status":"closed","ping_status":"closed","template":"","meta":{"footnotes":""},"class_list":["post-393","page","type-page","status-publish","hentry"],"_links":{"self":[{"href":"https:\/\/blogs.ua.es\/blogcriminologia\/wp-json\/wp\/v2\/pages\/393","targetHints":{"allow":["GET"]}}],"collection":[{"href":"https:\/\/blogs.ua.es\/blogcriminologia\/wp-json\/wp\/v2\/pages"}],"about":[{"href":"https:\/\/blogs.ua.es\/blogcriminologia\/wp-json\/wp\/v2\/types\/page"}],"author":[{"embeddable":true,"href":"https:\/\/blogs.ua.es\/blogcriminologia\/wp-json\/wp\/v2\/users\/4337"}],"replies":[{"embeddable":true,"href":"https:\/\/blogs.ua.es\/blogcriminologia\/wp-json\/wp\/v2\/comments?post=393"}],"version-history":[{"count":14,"href":"https:\/\/blogs.ua.es\/blogcriminologia\/wp-json\/wp\/v2\/pages\/393\/revisions"}],"predecessor-version":[{"id":491,"href":"https:\/\/blogs.ua.es\/blogcriminologia\/wp-json\/wp\/v2\/pages\/393\/revisions\/491"}],"wp:attachment":[{"href":"https:\/\/blogs.ua.es\/blogcriminologia\/wp-json\/wp\/v2\/media?parent=393"}],"curies":[{"name":"wp","href":"https:\/\/api.w.org\/{rel}","templated":true}]}}