{"id":419,"date":"2019-10-30T11:23:16","date_gmt":"2019-10-30T11:23:16","guid":{"rendered":"https:\/\/blogs.ua.es\/blogcriminologia\/?page_id=419"},"modified":"2019-11-11T15:58:28","modified_gmt":"2019-11-11T15:58:28","slug":"como-realizar-una-revision-sistematica","status":"publish","type":"page","link":"https:\/\/blogs.ua.es\/blogcriminologia\/como-realizar-una-revision-sistematica\/","title":{"rendered":"C\u00f3mo realizar una revisi\u00f3n sistem\u00e1tica"},"content":{"rendered":"<hr \/>\n<h3><strong><span style=\"color: #333399\">PASOS A SEGUIR PARA LA REALIZACI\u00d3N DE UNA REVISI\u00d3N SISTEM\u00c1TICA<\/span><\/strong><\/h3>\n<hr \/>\n<p><strong><span style=\"color: #800080\">1. INTRODUCCI\u00d3N <\/span><\/strong><\/p>\n<hr \/>\n<p>En este apartado se expone con claridad por qu\u00e9 se eligi\u00f3 el tema y por qu\u00e9 es importante (justificaci\u00f3n).<\/p>\n<p>Se incluye una breve revisi\u00f3n bibliogr\u00e1fica, donde se describen los modelos te\u00f3ricos y los estudios previos centrados en el objeto de investigaci\u00f3n.<\/p>\n<p>Se debe identificar los \u201cvac\u00edos\u201d de la literatura para conocer el estado actual del tema.<\/p>\n<p>Por \u00faltimo, se presentan los objetivos de la revisi\u00f3n sistem\u00e1tica.<\/p>\n<p>Por tanto, una<span style=\"color: #800080\"> buena introducci\u00f3n<\/span> debe dar respuesta de forma resumida a las siguientes cuestiones:<\/p>\n<p><img loading=\"lazy\" decoding=\"async\" class=\"wp-image-337 alignleft\" src=\"https:\/\/blogs.ua.es\/blogcriminologia\/files\/2019\/10\/objetivo-cumplido.jpg\" alt=\"\" width=\"19\" height=\"19\" srcset=\"https:\/\/blogs.ua.es\/blogcriminologia\/files\/2019\/10\/objetivo-cumplido.jpg 192w, https:\/\/blogs.ua.es\/blogcriminologia\/files\/2019\/10\/objetivo-cumplido-150x150.jpg 150w\" sizes=\"auto, (max-width: 19px) 100vw, 19px\" \/>\u00bfPor qu\u00e9 es importante el tema del trabajo de investigaci\u00f3n? \u00bfPor qu\u00e9 se decidi\u00f3 realizar este estudio?<\/p>\n<p><img loading=\"lazy\" decoding=\"async\" class=\"wp-image-337 alignleft\" src=\"https:\/\/blogs.ua.es\/blogcriminologia\/files\/2019\/10\/objetivo-cumplido.jpg\" alt=\"\" width=\"19\" height=\"19\" srcset=\"https:\/\/blogs.ua.es\/blogcriminologia\/files\/2019\/10\/objetivo-cumplido.jpg 192w, https:\/\/blogs.ua.es\/blogcriminologia\/files\/2019\/10\/objetivo-cumplido-150x150.jpg 150w\" sizes=\"auto, (max-width: 19px) 100vw, 19px\" \/>\u00bfQu\u00e9 se sabe del tema? \u00bfCu\u00e1l es el estado actual de los conocimientos cient\u00edficos sobre el tema?<\/p>\n<p><img loading=\"lazy\" decoding=\"async\" class=\"wp-image-337 alignnone\" src=\"https:\/\/blogs.ua.es\/blogcriminologia\/files\/2019\/10\/objetivo-cumplido.jpg\" alt=\"\" width=\"22\" height=\"22\" srcset=\"https:\/\/blogs.ua.es\/blogcriminologia\/files\/2019\/10\/objetivo-cumplido.jpg 192w, https:\/\/blogs.ua.es\/blogcriminologia\/files\/2019\/10\/objetivo-cumplido-150x150.jpg 150w\" sizes=\"auto, (max-width: 22px) 100vw, 22px\" \/> \u00a0 \u00a0\u00a0 \u00bfQu\u00e9 lagunas,\u201cvac\u00edos\u201d, se detectan? Sin embargo, hasta la fecha no hay datos\/ informaci\u00f3n\u2026.<\/p>\n<p><img loading=\"lazy\" decoding=\"async\" class=\"wp-image-337 alignnone\" src=\"https:\/\/blogs.ua.es\/blogcriminologia\/files\/2019\/10\/objetivo-cumplido.jpg\" alt=\"\" width=\"22\" height=\"22\" srcset=\"https:\/\/blogs.ua.es\/blogcriminologia\/files\/2019\/10\/objetivo-cumplido.jpg 192w, https:\/\/blogs.ua.es\/blogcriminologia\/files\/2019\/10\/objetivo-cumplido-150x150.jpg 150w\" sizes=\"auto, (max-width: 22px) 100vw, 22px\" \/> \u00a0\u00a0\u00a0\u00a0 \u00bfCu\u00e1les son los objetivos del estudio?<\/p>\n<hr \/>\n<p><strong><span style=\"color: #800080\">2. DESARROLLO<\/span><\/strong><\/p>\n<hr \/>\n<p><strong><span style=\"color: #800080\">2.1. M\u00c9TODO <\/span><br \/>\n<\/strong><\/p>\n<hr \/>\n<p><b>1) Criterios de selecci\u00f3n de los estudios<\/b><\/p>\n<p>-Definir con claridad los criterios de selecci\u00f3n (<span style=\"color: #800080\">criterios de inclusi\u00f3n y exclusi\u00f3n<\/span>) de los estudios que se van a incluir en la revisi\u00f3n bibliogr\u00e1fica.<\/p>\n<p><b>2) B\u00fasqueda de los estudios<\/b><\/p>\n<p>-Describir el proceso de b\u00fasqueda de los estudios, especificando las <span style=\"color: #800080\">bases bibliogr\u00e1ficas consultadas<\/span> y las palabras clave (y su combinaci\u00f3n) utilizadas en las b\u00fasquedas electr\u00f3nicas.<\/p>\n<p>Para m\u00e1s informaci\u00f3n sobre la fase del proceso de b\u00fasqueda de los estudios pinche en &#8220;<em>B\u00fasqueda de informaci\u00f3n<\/em>&#8221; de este mismo blog:<\/p>\n<p><a href=\"https:\/\/blogs.ua.es\/blogcriminologia\/como-buscar-informacion\/\"><img loading=\"lazy\" decoding=\"async\" class=\"alignnone size-medium wp-image-497\" src=\"https:\/\/blogs.ua.es\/blogcriminologia\/files\/2019\/10\/B\u00fasqueda-de-informaci\u00f3n-300x272.png\" alt=\"\" width=\"300\" height=\"272\" srcset=\"https:\/\/blogs.ua.es\/blogcriminologia\/files\/2019\/10\/B\u00fasqueda-de-informaci\u00f3n-300x272.png 300w, https:\/\/blogs.ua.es\/blogcriminologia\/files\/2019\/10\/B\u00fasqueda-de-informaci\u00f3n-768x697.png 768w, https:\/\/blogs.ua.es\/blogcriminologia\/files\/2019\/10\/B\u00fasqueda-de-informaci\u00f3n.png 1015w\" sizes=\"auto, (max-width: 300px) 100vw, 300px\" \/><\/a><\/p>\n<p>-El proceso de cribado y selecci\u00f3n de los estudios puede recogerse en un <span style=\"color: #800080\">diagrama de flujo<\/span> que describa y resuma dicho proceso.<\/p>\n<p><a href=\"https:\/\/blogs.ua.es\/blogcriminologia\/files\/2019\/10\/Diagrama-de-flujo.pdf\">Pinche aqu\u00ed para consultar el diagrama de flujo<\/a><\/p>\n<p>Para m\u00e1s informaci\u00f3n sobre la realizaci\u00f3n de un diagrama de flujo pinche en &#8220;<em>Enlaces de inter\u00e9s<\/em>&#8221; de este mismo blog:<\/p>\n<p><a href=\"https:\/\/blogs.ua.es\/blogcriminologia\/metodologia-de-la-investigacion\/enlaces\/\"><img loading=\"lazy\" decoding=\"async\" class=\"alignnone size-medium wp-image-499\" src=\"https:\/\/blogs.ua.es\/blogcriminologia\/files\/2019\/10\/enlaces-de-inter\u00e9s-300x277.png\" alt=\"\" width=\"300\" height=\"277\" srcset=\"https:\/\/blogs.ua.es\/blogcriminologia\/files\/2019\/10\/enlaces-de-inter\u00e9s-300x277.png 300w, https:\/\/blogs.ua.es\/blogcriminologia\/files\/2019\/10\/enlaces-de-inter\u00e9s-768x709.png 768w, https:\/\/blogs.ua.es\/blogcriminologia\/files\/2019\/10\/enlaces-de-inter\u00e9s.png 977w\" sizes=\"auto, (max-width: 300px) 100vw, 300px\" \/><\/a><\/p>\n<p><b>3) Codificaci\u00f3n de los estudios<\/b><\/p>\n<p>Hay que describir el <span style=\"color: #800080\">proceso de extracci\u00f3n de las caracter\u00edsticas de los estudios<\/span>, es decir, explicar qu\u00e9 caracter\u00edsticas de los estudios van a ser extra\u00eddas. Para ello:<\/p>\n<p>&#8211; Tener en cuenta los criterios de inclusi\u00f3n y exclusi\u00f3n.<\/p>\n<p>&#8211; Los objetivos planteados en nuestra revisi\u00f3n sistem\u00e1tica<\/p>\n<hr \/>\n<p><strong><span style=\"color: #800080\">2.2. RESULTADOS<br \/>\n<\/span><\/strong><\/p>\n<hr \/>\n<p>Se presentan los<span style=\"color: #800080\"> datos importantes relacionados con cada objetivo de la revisi\u00f3n sistem\u00e1tic<\/span>a de manera secuencial.<\/p>\n<p>Presentar de forma descriptiva los resultados obtenidos ofreciendo un panorama general (de lo general a lo particular).<\/p>\n<p>Es importante:<\/p>\n<p><img loading=\"lazy\" decoding=\"async\" class=\"wp-image-341 alignleft\" src=\"https:\/\/blogs.ua.es\/blogcriminologia\/files\/2019\/10\/emblemimportant_103451-300x300.png\" alt=\"\" width=\"19\" height=\"19\" srcset=\"https:\/\/blogs.ua.es\/blogcriminologia\/files\/2019\/10\/emblemimportant_103451-300x300.png 300w, https:\/\/blogs.ua.es\/blogcriminologia\/files\/2019\/10\/emblemimportant_103451-150x150.png 150w, https:\/\/blogs.ua.es\/blogcriminologia\/files\/2019\/10\/emblemimportant_103451.png 512w\" sizes=\"auto, (max-width: 19px) 100vw, 19px\" \/>Entender bien los resultados.<\/p>\n<p><img loading=\"lazy\" decoding=\"async\" class=\"wp-image-341 alignleft\" src=\"https:\/\/blogs.ua.es\/blogcriminologia\/files\/2019\/10\/emblemimportant_103451-300x300.png\" alt=\"\" width=\"19\" height=\"19\" srcset=\"https:\/\/blogs.ua.es\/blogcriminologia\/files\/2019\/10\/emblemimportant_103451-300x300.png 300w, https:\/\/blogs.ua.es\/blogcriminologia\/files\/2019\/10\/emblemimportant_103451-150x150.png 150w, https:\/\/blogs.ua.es\/blogcriminologia\/files\/2019\/10\/emblemimportant_103451.png 512w\" sizes=\"auto, (max-width: 19px) 100vw, 19px\" \/>Presentar los datos sin interpretarlos.<\/p>\n<p><img loading=\"lazy\" decoding=\"async\" class=\"wp-image-341 alignleft\" src=\"https:\/\/blogs.ua.es\/blogcriminologia\/files\/2019\/10\/emblemimportant_103451-300x300.png\" alt=\"\" width=\"19\" height=\"19\" srcset=\"https:\/\/blogs.ua.es\/blogcriminologia\/files\/2019\/10\/emblemimportant_103451-300x300.png 300w, https:\/\/blogs.ua.es\/blogcriminologia\/files\/2019\/10\/emblemimportant_103451-150x150.png 150w, https:\/\/blogs.ua.es\/blogcriminologia\/files\/2019\/10\/emblemimportant_103451.png 512w\" sizes=\"auto, (max-width: 19px) 100vw, 19px\" \/>No opinar.<\/p>\n<p><img loading=\"lazy\" decoding=\"async\" class=\"wp-image-341 alignleft\" src=\"https:\/\/blogs.ua.es\/blogcriminologia\/files\/2019\/10\/emblemimportant_103451-300x300.png\" alt=\"\" width=\"19\" height=\"19\" srcset=\"https:\/\/blogs.ua.es\/blogcriminologia\/files\/2019\/10\/emblemimportant_103451-300x300.png 300w, https:\/\/blogs.ua.es\/blogcriminologia\/files\/2019\/10\/emblemimportant_103451-150x150.png 150w, https:\/\/blogs.ua.es\/blogcriminologia\/files\/2019\/10\/emblemimportant_103451.png 512w\" sizes=\"auto, (max-width: 19px) 100vw, 19px\" \/>Obviar informaci\u00f3n innecesaria y repetitiva.<\/p>\n<p><strong>Extracci\u00f3n de datos<\/strong><\/p>\n<p>Proceso de recogida de los datos m\u00e1s relevantes de cada estudio.<\/p>\n<p>A partir de<span style=\"color: #800080\"> tablas y\/o cuadros<\/span> previamente dise\u00f1adas se recopila la informaci\u00f3n m\u00e1s relevante de cada art\u00edculo\/ estudio (autores, dise\u00f1o, variables, instrumentos, resultados\u2026).<\/p>\n<p>Antes de un gr\u00e1fico o tabla, debe introducirse al lector sobre la misma, recordando el objetivo espec\u00edfico a cubrir con dicho resultado.<\/p>\n<p><a href=\"https:\/\/blogs.ua.es\/blogcriminologia\/files\/2019\/10\/EJEMPLOS-DE-TABLAS.pdf\" target=\"_blank\" rel=\"noopener noreferrer\">Pinche aqu\u00ed para consultar ejemplos de tablas de resultados<\/a><\/p>\n<p>Para m\u00e1s informaci\u00f3n y ejemplos sobre el dise\u00f1o de tablas de resultados que recopilen la informaci\u00f3n m\u00e1s relevante de cada estudio pinche en &#8220;<em>Ejemplos de Revisi\u00f3n Sistem\u00e1tica<\/em>&#8221; de este mismo blog:<\/p>\n<p><a href=\"https:\/\/blogs.ua.es\/blogcriminologia\/metodologia-de-la-investigacion\/ejemplos-de-revision-sistematica\/\"><img loading=\"lazy\" decoding=\"async\" class=\"alignnone size-medium wp-image-500\" src=\"https:\/\/blogs.ua.es\/blogcriminologia\/files\/2019\/10\/ejemplos-revisiones-sistematicas-300x280.png\" alt=\"\" width=\"300\" height=\"280\" srcset=\"https:\/\/blogs.ua.es\/blogcriminologia\/files\/2019\/10\/ejemplos-revisiones-sistematicas-300x280.png 300w, https:\/\/blogs.ua.es\/blogcriminologia\/files\/2019\/10\/ejemplos-revisiones-sistematicas-768x717.png 768w, https:\/\/blogs.ua.es\/blogcriminologia\/files\/2019\/10\/ejemplos-revisiones-sistematicas.png 981w\" sizes=\"auto, (max-width: 300px) 100vw, 300px\" \/><\/a><\/p>\n<p>&nbsp;<\/p>\n<hr \/>\n<p><strong><span style=\"color: #800080\">3. DISCUSI\u00d3N<\/span><br \/>\n<\/strong><\/p>\n<hr \/>\n<p>Interpretaci\u00f3n de los resultados en relaci\u00f3n con sus objetivos iniciales.<\/p>\n<p>Es probablemente la parte m\u00e1s dif\u00edcil.<\/p>\n<p>Se recomienda que en la discusi\u00f3n de los resultados se incluya:<\/p>\n<ul>\n<li>Un<span style=\"color: #800080\"> p\u00e1rrafo introductorio <\/span>en donde recapitule <span style=\"color: #800080\">el objetivo <\/span>principal de la investigaci\u00f3n.<\/li>\n<li>Comente los principios, relaciones y generalizaciones que los resultados indican.<\/li>\n<li><span style=\"color: #800080\">Discuta los resultados<\/span>, no los recapitule.<\/li>\n<li>Se\u00f1ale <span style=\"color: #800080\">las excepciones<\/span> o la falta de correlaci\u00f3n y delimite los aspectos no resueltos.<\/li>\n<li>Comente <span style=\"color: #800080\">las diferencias o similitudes de sus resultados con los de trabajos similares<\/span> realizados por otros investigadores y lo que es m\u00e1s importante, sugiera las razones para estas congruencias o incongruencias encontradas.<\/li>\n<li><span style=\"color: #800080\">Sugiera l\u00edneas de investigaci\u00f3n <\/span>dentro del campo de su especialidad como resultado de sus hallazgos.<\/li>\n<li>Comente las <span style=\"color: #800080\">dificultades y limitaciones<\/span> encontradas.<\/li>\n<li><span style=\"color: #800080\">Escriba en \u201cPresente\u201d<\/span> porque los hallazgos del trabajo se consideran ya evidencia cient\u00edfica.<\/li>\n<li>Incluya <span style=\"color: #800080\">recomendaciones<\/span> que crea oportunas.<\/li>\n<\/ul>\n<hr \/>\n<p><strong><span style=\"color: #800080\">4. CONCLUSIONES<\/span><\/strong><\/p>\n<hr \/>\n<p>Hacer \u00e9nfasis en lo <span style=\"color: #800080\">m\u00e1s importante de acuerdo a los objetivos<\/span>.<\/p>\n<p>Las conclusiones deben, necesariamente, derivar de los resultados y de su an\u00e1lisis y discusi\u00f3n.<\/p>\n<p><span style=\"color: #800080\">NO sacar m\u00e1s conclusiones<\/span> de las que los resultados permitan.<\/p>\n<p>Ejercitar su <span style=\"color: #800080\">capacidad de s\u00edntesis<\/span> y concluir \u00fanicamente en lo importante.<\/p>\n<hr \/>\n<p><span style=\"color: #800080\"><strong><span style=\"color: #800080\">5. REFERENCIAS BIBLIOGR\u00c1FICAS<\/span><br \/>\n<\/strong><\/span><\/p>\n<hr \/>\n<p>Toda la informaci\u00f3n citada en el trabajo debe aparecer referenciada en el apartado Referencias Bibliogr\u00e1ficas.<\/p>\n<p>Para m\u00e1s informaci\u00f3n sobre c\u00f3mo citar en Estilo APA y Estilo Vancouver pinche en &#8220;<em>Referencias Bibliogr\u00e1ficas<\/em>&#8221; de este mismo blog:<\/p>\n<p><a href=\"https:\/\/blogs.ua.es\/blogcriminologia\/referencias-bibliograficas\/\"><img loading=\"lazy\" decoding=\"async\" class=\"alignnone size-medium wp-image-493\" src=\"https:\/\/blogs.ua.es\/blogcriminologia\/files\/2019\/10\/Referencias-bibliogr\u00e1ficas-300x281.png\" alt=\"\" width=\"300\" height=\"281\" srcset=\"https:\/\/blogs.ua.es\/blogcriminologia\/files\/2019\/10\/Referencias-bibliogr\u00e1ficas-300x281.png 300w, https:\/\/blogs.ua.es\/blogcriminologia\/files\/2019\/10\/Referencias-bibliogr\u00e1ficas-768x720.png 768w, https:\/\/blogs.ua.es\/blogcriminologia\/files\/2019\/10\/Referencias-bibliogr\u00e1ficas.png 967w\" sizes=\"auto, (max-width: 300px) 100vw, 300px\" \/><\/a><\/p>\n<p>&nbsp;<\/p>\n","protected":false},"excerpt":{"rendered":"<p>PASOS A SEGUIR PARA LA REALIZACI\u00d3N DE UNA REVISI\u00d3N SISTEM\u00c1TICA 1. INTRODUCCI\u00d3N En este apartado se expone con claridad por qu\u00e9 se eligi\u00f3 el tema y por qu\u00e9 es importante (justificaci\u00f3n). Se incluye una breve revisi\u00f3n bibliogr\u00e1fica, donde se describen los modelos te\u00f3ricos y los estudios previos centrados en el objeto de investigaci\u00f3n. Se debe [&hellip;]<\/p>\n","protected":false},"author":4337,"featured_media":0,"parent":0,"menu_order":0,"comment_status":"closed","ping_status":"closed","template":"","meta":{"footnotes":""},"class_list":["post-419","page","type-page","status-publish","hentry"],"_links":{"self":[{"href":"https:\/\/blogs.ua.es\/blogcriminologia\/wp-json\/wp\/v2\/pages\/419","targetHints":{"allow":["GET"]}}],"collection":[{"href":"https:\/\/blogs.ua.es\/blogcriminologia\/wp-json\/wp\/v2\/pages"}],"about":[{"href":"https:\/\/blogs.ua.es\/blogcriminologia\/wp-json\/wp\/v2\/types\/page"}],"author":[{"embeddable":true,"href":"https:\/\/blogs.ua.es\/blogcriminologia\/wp-json\/wp\/v2\/users\/4337"}],"replies":[{"embeddable":true,"href":"https:\/\/blogs.ua.es\/blogcriminologia\/wp-json\/wp\/v2\/comments?post=419"}],"version-history":[{"count":11,"href":"https:\/\/blogs.ua.es\/blogcriminologia\/wp-json\/wp\/v2\/pages\/419\/revisions"}],"predecessor-version":[{"id":530,"href":"https:\/\/blogs.ua.es\/blogcriminologia\/wp-json\/wp\/v2\/pages\/419\/revisions\/530"}],"wp:attachment":[{"href":"https:\/\/blogs.ua.es\/blogcriminologia\/wp-json\/wp\/v2\/media?parent=419"}],"curies":[{"name":"wp","href":"https:\/\/api.w.org\/{rel}","templated":true}]}}