{"id":441,"date":"2019-10-30T13:08:49","date_gmt":"2019-10-30T13:08:49","guid":{"rendered":"https:\/\/blogs.ua.es\/blogcriminologia\/?page_id=441"},"modified":"2019-10-31T12:12:50","modified_gmt":"2019-10-31T12:12:50","slug":"referencias-bibliograficas","status":"publish","type":"page","link":"https:\/\/blogs.ua.es\/blogcriminologia\/referencias-bibliograficas\/","title":{"rendered":"Referencias Bibliogr\u00e1ficas"},"content":{"rendered":"<p>Cualquier trabajo acad\u00e9mico debe incluir al final un listado de referencias bibliogr\u00e1ficas. Existen distintos estilos para presentar las referencias y citas bibliogr\u00e1ficas. En el campo de la psicocriminolog\u00eda y ciencias afines, los estilos m\u00e1s com\u00fanmente utilizados son el estilo APA y el estilo Vancouver.<\/p>\n<p>A continuaci\u00f3n, encontrar\u00e1 dos documentos elaborados por la Biblioteca de la Universidad de Alicante sobre c\u00f3mo referenciar y citar bibliogr\u00e1ficamente siguiendo los estilos APA y Vancouver.<\/p>\n<figure id=\"attachment_291\" aria-describedby=\"caption-attachment-291\" style=\"width: 300px\" class=\"wp-caption alignnone\"><a href=\"https:\/\/web.ua.es\/es\/eurle\/documentos\/trabajo-de-fin-de-grado\/estilo-apa.pdf\"><img loading=\"lazy\" decoding=\"async\" class=\"wp-image-291 size-medium\" src=\"https:\/\/blogs.ua.es\/blogcriminologia\/files\/2019\/10\/Estilo-Apa-300x274.png\" alt=\"\" width=\"300\" height=\"274\" srcset=\"https:\/\/blogs.ua.es\/blogcriminologia\/files\/2019\/10\/Estilo-Apa-300x274.png 300w, https:\/\/blogs.ua.es\/blogcriminologia\/files\/2019\/10\/Estilo-Apa-768x700.png 768w, https:\/\/blogs.ua.es\/blogcriminologia\/files\/2019\/10\/Estilo-Apa.png 1009w\" sizes=\"auto, (max-width: 300px) 100vw, 300px\" \/><\/a><figcaption id=\"caption-attachment-291\" class=\"wp-caption-text\">C\u00f3mo citar y referenciar en Estilo APA<\/figcaption><\/figure>\n<p>&nbsp;<\/p>\n<figure id=\"attachment_294\" aria-describedby=\"caption-attachment-294\" style=\"width: 300px\" class=\"wp-caption alignnone\"><a href=\"https:\/\/rua.ua.es\/dspace\/bitstream\/10045\/97237\/1\/Estilo_Vancouver_Doctorado_2020.pdf\"><img loading=\"lazy\" decoding=\"async\" class=\"wp-image-294 size-medium\" src=\"https:\/\/blogs.ua.es\/blogcriminologia\/files\/2019\/10\/Estilo-Vancouver-300x290.png\" alt=\"\" width=\"300\" height=\"290\" srcset=\"https:\/\/blogs.ua.es\/blogcriminologia\/files\/2019\/10\/Estilo-Vancouver-300x290.png 300w, https:\/\/blogs.ua.es\/blogcriminologia\/files\/2019\/10\/Estilo-Vancouver-768x742.png 768w, https:\/\/blogs.ua.es\/blogcriminologia\/files\/2019\/10\/Estilo-Vancouver.png 866w\" sizes=\"auto, (max-width: 300px) 100vw, 300px\" \/><\/a><figcaption id=\"caption-attachment-294\" class=\"wp-caption-text\">C\u00f3mo citar y referenciar en Estilo Vancouver<\/figcaption><\/figure>\n<p>&nbsp;<\/p>\n<p><a href=\"https:\/\/biblioteca.ua.es\/es\/estudia-y-aprende\/elaboracion-y-gestion-de-citas-bibliograficas\/elaborar-citas-y-referencias-bibliograficas.html\" target=\"_blank\" rel=\"noopener noreferrer\">Pinche en este enlace para m\u00e1s informaci\u00f3n sobre la elaboraci\u00f3n de citas y referencias bibliogr\u00e1ficas<\/a><\/p>\n","protected":false},"excerpt":{"rendered":"<p>Cualquier trabajo acad\u00e9mico debe incluir al final un listado de referencias bibliogr\u00e1ficas. Existen distintos estilos para presentar las referencias y citas bibliogr\u00e1ficas. En el campo de la psicocriminolog\u00eda y ciencias afines, los estilos m\u00e1s com\u00fanmente utilizados son el estilo APA y el estilo Vancouver. A continuaci\u00f3n, encontrar\u00e1 dos documentos elaborados por la Biblioteca de la [&hellip;]<\/p>\n","protected":false},"author":4337,"featured_media":0,"parent":0,"menu_order":0,"comment_status":"closed","ping_status":"closed","template":"","meta":{"footnotes":""},"class_list":["post-441","page","type-page","status-publish","hentry"],"_links":{"self":[{"href":"https:\/\/blogs.ua.es\/blogcriminologia\/wp-json\/wp\/v2\/pages\/441","targetHints":{"allow":["GET"]}}],"collection":[{"href":"https:\/\/blogs.ua.es\/blogcriminologia\/wp-json\/wp\/v2\/pages"}],"about":[{"href":"https:\/\/blogs.ua.es\/blogcriminologia\/wp-json\/wp\/v2\/types\/page"}],"author":[{"embeddable":true,"href":"https:\/\/blogs.ua.es\/blogcriminologia\/wp-json\/wp\/v2\/users\/4337"}],"replies":[{"embeddable":true,"href":"https:\/\/blogs.ua.es\/blogcriminologia\/wp-json\/wp\/v2\/comments?post=441"}],"version-history":[{"count":5,"href":"https:\/\/blogs.ua.es\/blogcriminologia\/wp-json\/wp\/v2\/pages\/441\/revisions"}],"predecessor-version":[{"id":486,"href":"https:\/\/blogs.ua.es\/blogcriminologia\/wp-json\/wp\/v2\/pages\/441\/revisions\/486"}],"wp:attachment":[{"href":"https:\/\/blogs.ua.es\/blogcriminologia\/wp-json\/wp\/v2\/media?parent=441"}],"curies":[{"name":"wp","href":"https:\/\/api.w.org\/{rel}","templated":true}]}}