{"id":547,"date":"2020-10-19T15:06:22","date_gmt":"2020-10-19T15:06:22","guid":{"rendered":"https:\/\/blogs.ua.es\/blogcriminologia\/?page_id=547"},"modified":"2020-10-19T15:07:06","modified_gmt":"2020-10-19T15:07:06","slug":"revistas-cientificas","status":"publish","type":"page","link":"https:\/\/blogs.ua.es\/blogcriminologia\/revistas-cientificas\/","title":{"rendered":"Revistas cient\u00edficas"},"content":{"rendered":"<p><span style=\"font-weight: 400\">En diversas ocasiones, es a trav\u00e9s de revistas y art\u00edculos cient\u00edficos que somos capaces de adquirir nuevos conocimientos y enriquecer nuestro repertorio de los mismos. Leer este tipo de medios comunicativos es una buena forma de mantenerse actualizado y conocer los nuevos avances en el campo de la psicolog\u00eda, la psicolog\u00eda jur\u00eddica, la criminolog\u00eda, la criminal\u00edstica, etc. A continuaci\u00f3n, podr\u00e1s encontrar un listado de revistas interesantes a las que acudir en caso de querer aprender cada vez m\u00e1s y m\u00e1s.\u00a0<\/span><\/p>\n<p><span style=\"font-weight: 400\">A trav\u00e9s de los enlaces podr\u00e1s acceder a las p\u00e1ginas de suscripci\u00f3n de las revistas y a sus art\u00edculos.<\/span><\/p>\n<p>&nbsp;<\/p>\n<ol>\n<li><b> Trauma, Violence &amp; Abuse (TVA)<\/b><\/li>\n<\/ol>\n<p><span style=\"font-weight: 400\">De publicaci\u00f3n trimestral, se dedica a organizar, sintetizar y ampliar el conocimiento sobre cualquier forma de trauma, abuso y la violencia. Est\u00e1 orientado y dedicado a los profesionales y estudiantes avanzados en la formaci\u00f3n cl\u00ednica que trabajan en estos campos, a la vez que compila aquellos conocimientos que afectan directamente a la pr\u00e1ctica, la pol\u00edtica y la investigaci\u00f3n.<\/span><\/p>\n<p><span style=\"font-weight: 400\">\u2192 <\/span><a href=\"https:\/\/journals.sagepub.com\/loi\/tvaa\"><span style=\"font-weight: 400\">https:\/\/journals.sagepub.com\/loi\/tvaa<\/span><\/a><\/p>\n<p>&nbsp;<\/p>\n<ol start=\"2\">\n<li><b> Child Maltreatment (CM)\u00a0<\/b><\/li>\n<\/ol>\n<p><span style=\"font-weight: 400\">Tambi\u00e9n de publicaci\u00f3n trimestral, CM es el diario oficial de APSAC, la organizaci\u00f3n profesional interdisciplinaria de maltrato infantil m\u00e1s grande del pa\u00eds. El objetivo de CM es fomentar la excelencia profesional en el campo del abuso y la negligencia infantil mediante la presentaci\u00f3n de informaci\u00f3n cient\u00edfica actual para los profesionales e investigadores. Esta revista es miembro del <\/span><a href=\"http:\/\/publicationethics.org\/\"><span style=\"font-weight: 400\">Comit\u00e9 de \u00c9tica en Publicaciones (COPE).<\/span><\/a><\/p>\n<p><span style=\"font-weight: 400\">\u2192 <\/span><a href=\"https:\/\/journals.sagepub.com\/loi\/cmxa\"><span style=\"font-weight: 400\">https:\/\/journals.sagepub.com\/loi\/cmxa<\/span><\/a><span style=\"font-weight: 400\">\u00a0<\/span><\/p>\n<p>&nbsp;<\/p>\n<ol start=\"3\">\n<li><b> Crime &amp; Delinquency (CAD)<\/b><\/li>\n<\/ol>\n<p><span style=\"font-weight: 400\">Revisada por pares y publicada cada dos meses, es una revista orientada a las pol\u00edticas que ofrece una amplia gama de investigaci\u00f3n y an\u00e1lisis para acad\u00e9micos y profesionales en criminolog\u00eda y justicia penal. Se centra, adem\u00e1s, en cuestiones y preocupaciones que afectan al sistema de justicia penal, incluidos los contextos social, pol\u00edtico y econ\u00f3mico de la justicia penal, as\u00ed como a las v\u00edctimas, los delincuentes, los tribunales y las sanciones.<\/span><\/p>\n<p><span style=\"font-weight: 400\">\u2192 <\/span><a href=\"https:\/\/journals.sagepub.com\/loi\/cadc\"><span style=\"font-weight: 400\">https:\/\/journals.sagepub.com\/loi\/cadc<\/span><\/a><span style=\"font-weight: 400\">\u00a0<\/span><\/p>\n<p>&nbsp;<\/p>\n<ol start=\"4\">\n<li><b> <\/b><a href=\"http:\/\/jrc.sagepub.com\/\"><b>Journal of Research in Crime and Delinquency<\/b><\/a><b> (JRCD)\u00a0<\/b><\/li>\n<\/ol>\n<p><span style=\"font-weight: 400\">Revisada por pares y publicada cada dos meses, ofrece art\u00edculos, notas de investigaci\u00f3n, ensayos de revisi\u00f3n y n\u00fameros especiales para mantenerlo actualizado sobre temas y controversias contempor\u00e1neas dentro del campo de la justicia penal. Durante m\u00e1s de cuarenta a\u00f1os, este foro internacional ha explorado los contextos sociales, pol\u00edticos y econ\u00f3micos de la justicia penal y ha examinado a v\u00edctimas, criminales, tribunales y sanciones.<\/span><\/p>\n<p><span style=\"font-weight: 400\">\u2192 <\/span><a href=\"https:\/\/journals.sagepub.com\/loi\/jrca\"><span style=\"font-weight: 400\">https:\/\/journals.sagepub.com\/loi\/jrca<\/span><\/a><span style=\"font-weight: 400\">\u00a0<\/span><\/p>\n<p>&nbsp;<\/p>\n<ol start=\"5\">\n<li><b> Revista Electr\u00f3nica de Ciencia Penal y Criminolog\u00eda (RECPC)<\/b><\/li>\n<\/ol>\n<p><span style=\"font-weight: 400\">Esta revista mantiene una perspectiva integral de justicia penal y en ella tienen cabida no s\u00f3lo art\u00edculos con un enfoque de \u00abdogm\u00e1tica\u00bb penal, sino tambi\u00e9n todos aquellos que transiten por las zonas fronterizas del derecho penal, la pol\u00edtica criminal y la criminolog\u00eda.<\/span><\/p>\n<p><span style=\"font-weight: 400\">\u2192 <\/span><a href=\"http:\/\/criminet.ugr.es\/recpc\/\"><span style=\"font-weight: 400\">http:\/\/criminet.ugr.es\/recpc\/<\/span><\/a><span style=\"font-weight: 400\">\u00a0<\/span><\/p>\n<p>&nbsp;<\/p>\n<ol start=\"6\">\n<li><b> Quadernos de Criminolog\u00eda<\/b><\/li>\n<\/ol>\n<p><span style=\"font-weight: 400\">En esta revista podr\u00e1s encontrar algunos de los muchos art\u00edculos escritos durante los 11 a\u00f1os de vida que tiene. Numerosos autores, tanto nacionales como internacionales, han contribuido con sus conocimientos sobre los temas m\u00e1s diversos relacionados con la criminolog\u00eda y las ciencias forenses.\u00a0<\/span><\/p>\n<p><span style=\"font-weight: 400\">\u2192 <\/span><a href=\"https:\/\/revistaqdc.es\/articulos\/\"><span style=\"font-weight: 400\">https:\/\/revistaqdc.es\/articulos\/<\/span><\/a><span style=\"font-weight: 400\">\u00a0<\/span><\/p>\n<p>&nbsp;<\/p>\n<ol start=\"7\">\n<li><b> <\/b><a href=\"http:\/\/tcr.sagepub.com\/\"><b>Theoretical Criminology<\/b><\/a><\/li>\n<\/ol>\n<p><span style=\"font-weight: 400\">Editado por Mary Bosworth, de la Universidad de Oxford, Reino Unido y Simon Cole, de la Universidad de California, Irvine, EE.UU.<\/span><\/p>\n<p><span style=\"font-weight: 400\">Es una de las principales revistas internacionales especializadas, revisada por pares, que busca la promoci\u00f3n de los aspectos te\u00f3ricos del conocimiento criminol\u00f3gico. Theoretical Criminology toca todo lo concerniente con teor\u00edas, conceptos, narraciones y mitos de la delincuencia, la conducta criminal, la desviaci\u00f3n social, el derecho penal, la moral, la justicia, la regulaci\u00f3n social y la gobernabilidad.\u00a0<\/span><\/p>\n<p><span style=\"font-weight: 400\">\u2192 <\/span><a href=\"https:\/\/journals.sagepub.com\/loi\/tcra\"><span style=\"font-weight: 400\">https:\/\/journals.sagepub.com\/loi\/tcra<\/span><\/a><span style=\"font-weight: 400\">\u00a0<\/span><\/p>\n<p>&nbsp;<\/p>\n<ol start=\"8\">\n<li><b> Criminal Justice and Behaviour<\/b><\/li>\n<\/ol>\n<p><span style=\"font-weight: 400\">De revisi\u00f3n por pares y publicaci\u00f3n mensual, fomenta las valoraciones cient\u00edficas en la evaluaci\u00f3n, clasificaci\u00f3n, prevenci\u00f3n, intervenci\u00f3n y programas de tratamiento para ayudar a los profesionales de los centros penitenciarios a desarrollar programas eficaces basados en fundamentos te\u00f3ricos e investigaciones emp\u00edricas.\u00a0\u00a0<\/span><\/p>\n<p><span style=\"font-weight: 400\">\u2192 <\/span><a href=\"https:\/\/journals.sagepub.com\/loi\/cjbb\"><span style=\"font-weight: 400\">https:\/\/journals.sagepub.com\/loi\/cjbb<\/span><\/a><span style=\"font-weight: 400\">\u00a0<\/span><\/p>\n<p>&nbsp;<\/p>\n<ol start=\"9\">\n<li><b> Revista criminalidad\u00a0<\/b><\/li>\n<\/ol>\n<p><span style=\"font-weight: 400\">Est\u00e1 destinada a divulgar investigaciones originales y sus resultados, as\u00ed como trabajos in\u00e9ditos que ofrecen contribuciones significativas a los campos de la criminolog\u00eda, la criminalidad y disciplinas afines. Revista criminalidad, expone an\u00e1lisis e informaciones cuantitativas y cualitativas sobre delitos e infracciones. Esta revista est\u00e1 dirigida a la comunidad cient\u00edfico-acad\u00e9mica nacional e internacional que realiza estudios relacionados con su \u00e1rea tem\u00e1tica.\u00a0<\/span><\/p>\n<p><b>\u2192 <\/b><a href=\"https:\/\/www.policia.gov.co\/revista\/revista-criminalidad-volumen-62-no-1\"><span style=\"font-weight: 400\">https:\/\/www.policia.gov.co\/revista\/revista-criminalidad-volumen-62-no-1<\/span><\/a><span style=\"font-weight: 400\">\u00a0<\/span><\/p>\n<p>&nbsp;<\/p>\n<ol start=\"10\">\n<li><b> Psychosocial Intervention\u00a0<\/b><\/li>\n<\/ol>\n<p><span style=\"font-weight: 400\">Se trata de una revista revisada por pares que publica art\u00edculos en todas las \u00e1reas relevantes para la Intervenci\u00f3n Psicosocial. La Revista enfatiza una perspectiva basada en la evidencia y da la bienvenida a art\u00edculos no publicados que reporten investigaci\u00f3n b\u00e1sica y aplicada original, evaluaci\u00f3n de programas y resultados de intervenci\u00f3n. Est\u00e1 comprometida con el avance del conocimiento y con proporcionar evidencia cient\u00edfica que fundamente las intervenciones psicosociales que abordan problemas sociales y comunitarios.\u00a0<\/span><\/p>\n<p><span style=\"font-weight: 400\">\u2192 <\/span><a href=\"https:\/\/journals.copmadrid.org\/pi\/\"><span style=\"font-weight: 400\">https:\/\/journals.copmadrid.org\/pi\/<\/span><\/a><span style=\"font-weight: 400\">\u00a0<\/span><\/p>\n<p><span style=\"font-weight: 400\">\u2192 <\/span><a href=\"https:\/\/www.sciencedirect.com\/journal\/psychosocial-intervention\"><span style=\"font-weight: 400\">https:\/\/www.sciencedirect.com\/journal\/psychosocial-intervention<\/span><\/a><span style=\"font-weight: 400\">\u00a0<\/span><\/p>\n<p>&nbsp;<\/p>\n<ol start=\"11\">\n<li><b> Anuario de Psicolog\u00eda Jur\u00eddica<\/b><\/li>\n<\/ol>\n<p><span style=\"font-weight: 400\">Se trata de la primera revista cient\u00edfico-profesional multidisciplinar espa\u00f1ola que acepta manuscritos originales in\u00e9ditos en espa\u00f1ol e ingl\u00e9s. Los art\u00edculos est\u00e1n relacionados con la Psicolog\u00eda Jur\u00eddica en los que se contemple la doble perspectiva psicol\u00f3gica y jur\u00eddica. Son contribuciones emp\u00edricas sobre investigaci\u00f3n b\u00e1sica o aplicada dentro del marco de estas perspectivas.<\/span><\/p>\n<p><b>\u2192 <\/b><a href=\"https:\/\/journals.copmadrid.org\/apj\/\"><span style=\"font-weight: 400\">https:\/\/journals.copmadrid.org\/apj\/<\/span><\/a><span style=\"font-weight: 400\">\u00a0<\/span><\/p>\n<p>&nbsp;<\/p>\n<ol start=\"12\">\n<li><b> Sexual Abuse: A Journal of Research and Treatment (SA)<\/b><\/li>\n<\/ol>\n<p><span style=\"font-weight: 400\">Contiene las \u00faltimas investigaciones y estudios acad\u00e9micos centrados tanto en los aspectos cl\u00ednicos como los te\u00f3ricos del abuso sexual. SA es la \u00fanica publicaci\u00f3n que se centra exclusivamente en este campo, investigando exhaustivamente su etiolog\u00eda, consecuencias, prevenci\u00f3n, tratamiento y estrategias de gesti\u00f3n. Los estudios en profundidad proporcionan datos esenciales para las personas que trabajan tanto en entornos cl\u00ednicos como acad\u00e9micos.<\/span><\/p>\n<p><span style=\"font-weight: 400\">\u2192 <\/span><a href=\"https:\/\/journals.sagepub.com\/loi\/saxb\"><span style=\"font-weight: 400\">https:\/\/journals.sagepub.com\/loi\/saxb<\/span><\/a><span style=\"font-weight: 400\">\u00a0<\/span><\/p>\n<p>&nbsp;<\/p>\n<ol start=\"13\">\n<li><b> Homicide Studies (HS)<\/b><\/li>\n<\/ol>\n<p><span style=\"font-weight: 400\">Publicado trimestralmente, ofrece art\u00edculos multidisciplinarios dedicados a la difusi\u00f3n de informaci\u00f3n relativa a la investigaci\u00f3n, las pol\u00edticas p\u00fablicas y el conocimiento aplicado relacionado con el estudio de los homicidios. SA presenta ideas y discusiones de actualidad centradas en los estudios sobre homicidios buscando ayudar a elaborar pol\u00edticas p\u00fablicas m\u00e1s eficaces y as\u00ed reducir y prevenir homicidios futuros.\u00a0\u00a0<\/span><\/p>\n<p><span style=\"font-weight: 400\">\u2192 <\/span><a href=\"https:\/\/journals.sagepub.com\/loi\/hsxa\"><span style=\"font-weight: 400\">https:\/\/journals.sagepub.com\/loi\/hsxa<\/span><\/a><span style=\"font-weight: 400\">\u00a0<\/span><\/p>\n<p>&nbsp;<\/p>\n<ol start=\"14\">\n<li><b> Journal of Interpersonal Violence<\/b><\/li>\n<\/ol>\n<p><span style=\"font-weight: 400\">Publicado mensualmente, est\u00e1 dedicada al estudio y tratamiento de las v\u00edctimas y los agresores en el campo de la violencia interpersonal, exponiendo las causas, los efectos,el tratamiento y la prevenci\u00f3n de todo tipo de violencia. Proporciona un foro de discusi\u00f3n para los profesionales e investigadores que trabajan en los \u00e1mbitos de la violencia dom\u00e9stica, el abuso sexual infantil, la violaci\u00f3n y el abuso sexual, el maltrato infantil y los delitos violentos.<\/span><\/p>\n<p><span style=\"font-weight: 400\">\u2192 <\/span><a href=\"https:\/\/journals.sagepub.com\/loi\/jiva\"><span style=\"font-weight: 400\">https:\/\/journals.sagepub.com\/loi\/jiva<\/span><\/a><span style=\"font-weight: 400\">\u00a0<\/span><\/p>\n<p>&nbsp;<\/p>\n<ol start=\"15\">\n<li><b> Violence Against Women<\/b><\/li>\n<\/ol>\n<p><span style=\"font-weight: 400\">De revisi\u00f3n por pares y publicaci\u00f3n mensual, se trata de una revista internacional e interdisciplinaria dedicada a la publicaci\u00f3n de investigaciones centradas en aspectos relacionados con la violencia contra la mujer. Se asume una definici\u00f3n amplia de la violencia sobre la mujer, y aborda principalmente temas relacionados con la violencia dom\u00e9stica, el abuso sexual, el incesto, el acoso sexual, el infanticidio femenino, la circuncisi\u00f3n femenina y la esclavitud sexual femenina.\u00a0<\/span><\/p>\n<p><span style=\"font-weight: 400\">\u2192 <\/span><a href=\"https:\/\/journals.sagepub.com\/loi\/vawa\"><span style=\"font-weight: 400\">https:\/\/journals.sagepub.com\/loi\/vawa<\/span><\/a><span style=\"font-weight: 400\">\u00a0<\/span><\/p>\n<p>&nbsp;<\/p>\n<ol start=\"16\">\n<li><b> The European Journal of Psychology Applied to Legal Context<\/b><\/li>\n<\/ol>\n<p><span style=\"font-weight: 400\">La revista est\u00e1 dirigida a investigadores, acad\u00e9micos y profesionales de la Psicolog\u00eda, Derecho, Trabajo Social, Ciencias Forenses, Educadores y, en general, personas relacionadas con las Ciencias Sociales y el Derecho. Publica art\u00edculos emp\u00edricos no publicados y revisiones metaanal\u00edticas de temas relacionados con la psicolog\u00eda y el derecho (toma de decisiones legales, testigos presenciales, etc).\u00a0<\/span><\/p>\n<p><span style=\"font-weight: 400\">\u2192 <\/span><a href=\"https:\/\/journals.copmadrid.org\/ejpalc\/\"><span style=\"font-weight: 400\">https:\/\/journals.copmadrid.org\/ejpalc\/<\/span><\/a><span style=\"font-weight: 400\">\u00a0<\/span><\/p>\n<p>&nbsp;<\/p>\n<ol start=\"17\">\n<li><b> RES (Revista de Educaci\u00f3n Social)<\/b><\/li>\n<\/ol>\n<p><span style=\"font-weight: 400\">Se trata de una de las revistas virtuales de educaci\u00f3n social con mayor proyecci\u00f3n en el mundo de la educaci\u00f3n social, tanto espa\u00f1ola como latinoamericana. Es utilizada como referencia bibliogr\u00e1fica y de fuente de datos relacionados con la realidad discursiva y la profesi\u00f3n de educadores y educadoras sociales. Se referencia cada vez m\u00e1s en estudios, investigaciones, art\u00edculos, etc. RES es una revista de periodicidad semestral, que se ha editado hasta ahora con dedicaci\u00f3n a un tema central en cada n\u00famero.<\/span><\/p>\n<p><span style=\"font-weight: 400\">\u2192 <\/span><a href=\"https:\/\/eduso.net\/res\/\"><span style=\"font-weight: 400\">https:\/\/eduso.net\/res\/<\/span><\/a><span style=\"font-weight: 400\">\u00a0<\/span><\/p>\n<p>&nbsp;<\/p>\n<ol start=\"18\">\n<li><b> Law and Human Behaviour\u00a0<\/b><\/li>\n<\/ol>\n<p><span style=\"font-weight: 400\">Se trata de la revista oficial de la Sociedad Estadounidense de Psicolog\u00eda y Derecho (AP-LS) \/ Div. 41 de la American Psychological Association (APA). \u00c9sta, promueve las contribuciones de la psicolog\u00eda a la comprensi\u00f3n del derecho y las instituciones legales, a la educaci\u00f3n de psic\u00f3logos en asuntos legales y a la educaci\u00f3n del personal legal en asuntos psicol\u00f3gicos, as\u00ed como a la aplicaci\u00f3n de la psicolog\u00eda en el sistema legal.\u00a0<\/span><\/p>\n<p><span style=\"font-weight: 400\">\u2192 Publicaciones: <\/span><a href=\"https:\/\/www.apa.org\/about\/division\/div41\"><span style=\"font-weight: 400\">https:\/\/www.apa.org\/about\/division\/div41<\/span><\/a><span style=\"font-weight: 400\">\u00a0<\/span><\/p>\n<p><span style=\"font-weight: 400\">\u2192 Publicaciones: <\/span><a href=\"https:\/\/www.apadivisions.org\/division-41\/publications\/journals\"><span style=\"font-weight: 400\">https:\/\/www.apadivisions.org\/division-41\/publications\/journals<\/span><\/a><span style=\"font-weight: 400\">\u00a0<\/span><\/p>\n<p>&nbsp;<\/p>\n<ol start=\"19\">\n<li><b> Psicothema<\/b><\/li>\n<\/ol>\n<p><span style=\"font-weight: 400\">En la actualidad publican unos cien art\u00edculos anuales sobre investigaci\u00f3n b\u00e1sica y aplicada, pertenecientes a cualquier \u00e1mbito de la Psicolog\u00eda. La internacionalidad es fundamental en Psicothema, por ello, la mayor\u00eda de los trabajos pueden ser publicados tanto en espa\u00f1ol como en ingl\u00e9s. Adem\u00e1s, est\u00e1 incluida en las bases de datos nacionales e internacionales m\u00e1s relevantes, entre las que cabe destacar el Psychological Abstracts y el Current Contents, entre otras.\u00a0<\/span><\/p>\n<p><b>\u2192 <\/b><a href=\"http:\/\/www.psicothema.com\/\"><span style=\"font-weight: 400\">http:\/\/www.psicothema.com\/<\/span><\/a><span style=\"font-weight: 400\">\u00a0<\/span><\/p>\n<p>&nbsp;<\/p>\n<ol start=\"20\">\n<li><b> Women&#8217;s Studies International Forum\u00a0<\/b><\/li>\n<\/ol>\n<p><span style=\"font-weight: 400\">Es una revista bimensual que ayuda a la distribuci\u00f3n e intercambio de investigaciones feministas en el \u00e1rea multidisciplinaria e internacional de los estudios de la mujer y en la investigaci\u00f3n feminista en otras disciplinas. Busca criticar y reconceptualizar el conocimiento existente, examinar y re-evaluar la forma en que se produce y distribuye el conocimiento, y analizar las implicaciones que esto tiene para la vida de las mujeres.<\/span><\/p>\n<p><span style=\"font-weight: 400\">Poseen una gran variedad de enfoques y recursos como son los art\u00edculos orientados a la investigaci\u00f3n orientada a la acci\u00f3n, as\u00ed como aquellos que abordan cuestiones metodol\u00f3gicas te\u00f3ricas.<\/span><\/p>\n<p><span style=\"font-weight: 400\">\u2192 Revista: <\/span><a href=\"https:\/\/www.journals.elsevier.com\/womens-studies-international-forum\/\"><span style=\"font-weight: 400\">https:\/\/www.journals.elsevier.com\/womens-studies-international-forum\/<\/span><\/a><span style=\"font-weight: 400\">\u00a0<\/span><\/p>\n<p><span style=\"font-weight: 400\">\u2192 Publicaciones por a\u00f1o: <\/span><a href=\"http:\/\/miar.ub.edu\/issn\/0277-5395\"><span style=\"font-weight: 400\">http:\/\/miar.ub.edu\/issn\/0277-5395<\/span><\/a><span style=\"font-weight: 400\">\u00a0<\/span><\/p>\n<p>&nbsp;<\/p>\n<p><b>Noticias e informaci\u00f3n interesante:\u00a0<\/b><\/p>\n<p><span style=\"font-weight: 400\">\u2192 <\/span><a href=\"http:\/\/www.infocop.es\/view_cat.asp?action=category&amp;cat=52\"><span style=\"font-weight: 400\">http:\/\/www.infocop.es\/view_cat.asp?action=category&amp;cat=52<\/span><\/a><span style=\"font-weight: 400\">\u00a0<\/span><\/p>\n","protected":false},"excerpt":{"rendered":"<p>En diversas ocasiones, es a trav\u00e9s de revistas y art\u00edculos cient\u00edficos que somos capaces de adquirir nuevos conocimientos y enriquecer nuestro repertorio de los mismos. Leer este tipo de medios comunicativos es una buena forma de mantenerse actualizado y conocer los nuevos avances en el campo de la psicolog\u00eda, la psicolog\u00eda jur\u00eddica, la criminolog\u00eda, la [&hellip;]<\/p>\n","protected":false},"author":4337,"featured_media":0,"parent":0,"menu_order":0,"comment_status":"closed","ping_status":"closed","template":"","meta":{"footnotes":""},"class_list":["post-547","page","type-page","status-publish","hentry"],"_links":{"self":[{"href":"https:\/\/blogs.ua.es\/blogcriminologia\/wp-json\/wp\/v2\/pages\/547","targetHints":{"allow":["GET"]}}],"collection":[{"href":"https:\/\/blogs.ua.es\/blogcriminologia\/wp-json\/wp\/v2\/pages"}],"about":[{"href":"https:\/\/blogs.ua.es\/blogcriminologia\/wp-json\/wp\/v2\/types\/page"}],"author":[{"embeddable":true,"href":"https:\/\/blogs.ua.es\/blogcriminologia\/wp-json\/wp\/v2\/users\/4337"}],"replies":[{"embeddable":true,"href":"https:\/\/blogs.ua.es\/blogcriminologia\/wp-json\/wp\/v2\/comments?post=547"}],"version-history":[{"count":2,"href":"https:\/\/blogs.ua.es\/blogcriminologia\/wp-json\/wp\/v2\/pages\/547\/revisions"}],"predecessor-version":[{"id":550,"href":"https:\/\/blogs.ua.es\/blogcriminologia\/wp-json\/wp\/v2\/pages\/547\/revisions\/550"}],"wp:attachment":[{"href":"https:\/\/blogs.ua.es\/blogcriminologia\/wp-json\/wp\/v2\/media?parent=547"}],"curies":[{"name":"wp","href":"https:\/\/api.w.org\/{rel}","templated":true}]}}