{"id":2,"date":"2007-04-02T14:14:28","date_gmt":"2007-04-02T12:14:28","guid":{"rendered":""},"modified":"2009-12-22T09:45:40","modified_gmt":"2009-12-22T07:45:40","slug":"acerca-de","status":"publish","type":"page","link":"https:\/\/blogs.ua.es\/blogvrtie\/acerca-de\/","title":{"rendered":"Informaci\u00f3n"},"content":{"rendered":"<p>Bienvenido al blog de Tecnolog\u00eda e Innovaci\u00f3n Educativa (<strong>blogVrTIE<\/strong>). Este blog utiliza la plataforma para la publicaci\u00f3n de blogs que la Universidad de Alicante ha puesto a disposici\u00f3n de toda la comunidad universitaria: <strong>blogsUA<\/strong> (<a href=\"https:\/\/blogs.ua.es\">https:\/\/blogs.ua.es<\/a>). El objetivo del blogVrTIE es el de servir de veh\u00edculo de comunicaci\u00f3n de usos (que no abusos) de las tecnolog\u00edas digitales en la universidad y especialmente en la tarea de ense\u00f1ar. El blogVrTIE no es un blog personal, se trata de un blog colectivo con aportaciones de distintas personas relacionadas de alguna manera con el Vicerrectorado y colaboradores habituales en las tareas desarrolladas en el mismo. Pero adem\u00e1s, est\u00e1 abierto a la participaci\u00f3n de cualquier miembro de la UA interesado por la innovaci\u00f3n educativa por medio del uso de la tecnolog\u00eda. Te animo desde aqu\u00ed a que si est\u00e1s dispuesto a escribir sobre temas de tecnolog\u00eda e innovaci\u00f3n educativa desde este foro, te pongas en contacto con nosotros.<\/p>\n<p><strong>Fara\u00f3n Llorens<\/strong><br \/>\n<a href=\"http:\/\/www.ua.es\/es\/presentacion\/vicerrectorado\/vr.tie\" target=\"_blank\">Vicerrector de Tecnolog\u00eda e Innovaci\u00f3n Educativa<\/a><br \/>\n<a href=\"http:\/\/www.ua.es\" target=\"_blank\">Universidad de Alicante<\/a><\/p>\n","protected":false},"excerpt":{"rendered":"<p>Bienvenido al blog de Tecnolog\u00eda e Innovaci\u00f3n Educativa (blogVrTIE). Este blog utiliza la plataforma para la publicaci\u00f3n de blogs que la Universidad de Alicante ha puesto a disposici\u00f3n de toda la comunidad universitaria: blogsUA (https:\/\/blogs.ua.es). El objetivo del blogVrTIE es el de servir de veh\u00edculo de comunicaci\u00f3n de usos (que no abusos) de las tecnolog\u00edas [&hellip;]<\/p>\n","protected":false},"author":8,"featured_media":0,"parent":0,"menu_order":0,"comment_status":"closed","ping_status":"closed","template":"","meta":{"footnotes":""},"class_list":["post-2","page","type-page","status-publish","hentry"],"_links":{"self":[{"href":"https:\/\/blogs.ua.es\/blogvrtie\/wp-json\/wp\/v2\/pages\/2","targetHints":{"allow":["GET"]}}],"collection":[{"href":"https:\/\/blogs.ua.es\/blogvrtie\/wp-json\/wp\/v2\/pages"}],"about":[{"href":"https:\/\/blogs.ua.es\/blogvrtie\/wp-json\/wp\/v2\/types\/page"}],"author":[{"embeddable":true,"href":"https:\/\/blogs.ua.es\/blogvrtie\/wp-json\/wp\/v2\/users\/8"}],"replies":[{"embeddable":true,"href":"https:\/\/blogs.ua.es\/blogvrtie\/wp-json\/wp\/v2\/comments?post=2"}],"version-history":[{"count":3,"href":"https:\/\/blogs.ua.es\/blogvrtie\/wp-json\/wp\/v2\/pages\/2\/revisions"}],"predecessor-version":[{"id":147,"href":"https:\/\/blogs.ua.es\/blogvrtie\/wp-json\/wp\/v2\/pages\/2\/revisions\/147"}],"wp:attachment":[{"href":"https:\/\/blogs.ua.es\/blogvrtie\/wp-json\/wp\/v2\/media?parent=2"}],"curies":[{"name":"wp","href":"https:\/\/api.w.org\/{rel}","templated":true}]}}