{"id":24,"date":"2009-03-05T15:05:50","date_gmt":"2009-03-05T14:05:50","guid":{"rendered":"https:\/\/blogs.ua.es\/bodin\/?page_id=24"},"modified":"2009-03-26T15:27:21","modified_gmt":"2009-03-26T14:27:21","slug":"pensamiento-politico-2","status":"publish","type":"page","link":"https:\/\/blogs.ua.es\/bodin\/pensamiento-politico-2\/","title":{"rendered":"Pol\u00edtica"},"content":{"rendered":"<p align=\"justify\">Hay una monarqu\u00eda tir\u00e1nica, en la que el rey gobierna sin tener en cuenta las leyes naturales, y la monarqu\u00eda no tir\u00e1nica en la que los reyes obedecen las leyes de la naturaleza y los subditos las leyes del rey. Ese tipo de monarqu\u00eda es el ideal para Bodin. El Rey debe tener todo el poder en sus manos (absolutismo) y todo debe de estar bajo el soberano, quien no se equivoca.Todos deben obedecerle (absolutismo) Adem\u00e1s el Rey es el Estado.<\/p>\n<a href=\"https:\/\/blogs.ua.es\/bodin\/files\/2009\/03\/guerra.jpg\"><img loading=\"lazy\" decoding=\"async\" class=\"size-medium wp-image-16\" src=\"https:\/\/blogs.ua.es\/bodin\/files\/2009\/03\/guerra.jpg\" alt=\"Guerra entre cat\u00f2licos y hugonotes.\" width=\"133\" height=\"110\" \/><\/a>\n<p align=\"justify\">Guerra entre cat\u00f2licos y hugonotes. Jean Bodin escribe y piensa en el contexto de las guerras de religi\u00f3n entre calvinistas (hugonotes) y cat\u00f3licos de la Francia del XVI. Estima que para que haya prosperidad es necesario que haya un poder fuerte que a\u00fane los intereses contrapuestos que hay en la sociedad. Estima que el origen de la autoridad est\u00e1 en el pacto que se da entre las diversas familias que componen las \u00e9lites de una sociedad, quienes se ponen de acuerdo en una persona o instituci\u00f3n para que ejerza la autoridad y gobierne. Por ello, el poder pol\u00edtico es resultado de un pacto, pero una vez concretado ese pacto, la persona que ostente la autoridad deber\u00e1 tener todo el poder y ha de ser obedecida por todos. Bodin es partidario de una autoridad fuerte que se haga obedecer y sea de facto obedecida. Solo una autoridad fuerte es capaz de asegurar el orden, la seguridad y la prosperidad econ\u00f3mica. Ahora bien, el soberano debe respetar las leyes divinas, a la Iglesia y el bien de la sociedad. Si no lo hace, es leg\u00edtimo desobedecerle, si bien se opone al tiranicidio. Solo aceptar el tiranicidio cuando el gobernante es un usurpador.Dios es el fundamento de la raz\u00f3n humana y de la naturaleza humana. Y luego los Hombres se ponen de acuerdo para buscar una autoridad. Por tanto Dios no es fundamento del Estado de modo directo, aunque s\u00ed de modo indirecto. Por ello el Estado no ha de estar determinado por la Iglesia, pero s\u00ed ha de respetarla.Existen diversas formas posibles de gobierno, teniendo en cuanta donde se concentra la soberan\u00eda:a) En la democracia el pueblo como cuerpo posee el poder soberano. b) En la aristocracia la soberan\u00eda es pose\u00edda por la menor parte del cuerpo. c) En la monarqu\u00eda la soberan\u00eda se concentra en una persona. absolutismo en europa<\/p>\n","protected":false},"excerpt":{"rendered":"<p>Hay una monarqu\u00eda tir\u00e1nica, en la que el rey gobierna sin tener en cuenta las leyes naturales, y la monarqu\u00eda no tir\u00e1nica en la que los reyes obedecen las leyes de la naturaleza y los subditos las leyes del rey. Ese tipo de monarqu\u00eda es el ideal para Bodin. El Rey debe tener todo el [&hellip;]<\/p>\n","protected":false},"author":1197,"featured_media":0,"parent":0,"menu_order":0,"comment_status":"open","ping_status":"open","template":"","meta":{"footnotes":""},"class_list":["post-24","page","type-page","status-publish","hentry"],"_links":{"self":[{"href":"https:\/\/blogs.ua.es\/bodin\/wp-json\/wp\/v2\/pages\/24","targetHints":{"allow":["GET"]}}],"collection":[{"href":"https:\/\/blogs.ua.es\/bodin\/wp-json\/wp\/v2\/pages"}],"about":[{"href":"https:\/\/blogs.ua.es\/bodin\/wp-json\/wp\/v2\/types\/page"}],"author":[{"embeddable":true,"href":"https:\/\/blogs.ua.es\/bodin\/wp-json\/wp\/v2\/users\/1197"}],"replies":[{"embeddable":true,"href":"https:\/\/blogs.ua.es\/bodin\/wp-json\/wp\/v2\/comments?post=24"}],"version-history":[{"count":5,"href":"https:\/\/blogs.ua.es\/bodin\/wp-json\/wp\/v2\/pages\/24\/revisions"}],"predecessor-version":[{"id":60,"href":"https:\/\/blogs.ua.es\/bodin\/wp-json\/wp\/v2\/pages\/24\/revisions\/60"}],"wp:attachment":[{"href":"https:\/\/blogs.ua.es\/bodin\/wp-json\/wp\/v2\/media?parent=24"}],"curies":[{"name":"wp","href":"https:\/\/api.w.org\/{rel}","templated":true}]}}