{"id":8,"date":"2009-02-26T15:09:52","date_gmt":"2009-02-26T14:09:52","guid":{"rendered":"https:\/\/blogs.ua.es\/bodin\/?page_id=8"},"modified":"2009-03-26T15:28:18","modified_gmt":"2009-03-26T14:28:18","slug":"jean-bodin-resena","status":"publish","type":"page","link":"https:\/\/blogs.ua.es\/bodin\/jean-bodin-resena\/","title":{"rendered":"Rese\u00f1a"},"content":{"rendered":"<p class=\"MsoNormal\" style=\"text-align: justify\"><span style=\"font-family: Arial\"><span style=\"font-size: small\">\u00a0\u00a0\u00a0\u00a0\u00a0\u00a0\u00a0\u00a0\u00a0\u00a0\u00a0Es un pensador franc\u00e9s, nacido en Angers en 1530 dentro de una familia burguesa. Su formaci\u00f3n como jurista la obtuvo durante su estancia en Par\u00eds y Toulouse, ocupo cargos diversos como abogado del Parlamento de Par\u00eds y Procurador del Tercer Estado en los Estados Generales; esto durante una \u00e9poca en que Francia sufr\u00eda una guerra civil entre cat\u00f3licos y protestantes (hugonotes).\u00a0 Bodino fue aliado al partido de los &#8220;pol\u00edticos&#8221;; este partido propon\u00eda la tolerancia religiosa y reforzar la figura del Estado como un \u00e1rbitro que garantizase la paz entre las comunidades en conflicto. Aunque en el pasado apoyo de manera importante a la liga cat\u00f3lica, reconoci\u00f3 a Enrique IV como rey que proven\u00eda de los hugonotes ya \u00a0que este puso fin al conflicto en el a\u00f1o de 1593 mediante una soluci\u00f3n compromiso.\u00a0<\/p>\n<p>\u00a0\u00a0\u00a0\u00a0\u00a0\u00a0\u00a0\u00a0\u00a0\u00a0\u00a0\u00a0\u00a0\u00a0\u00a0\u00a0\u00a0<\/p>\n<figure id=\"attachment_11\" aria-describedby=\"caption-attachment-11\" style=\"width: 200px\" class=\"wp-caption alignright\"><a href=\"https:\/\/blogs.ua.es\/bodin\/files\/2009\/02\/bodino2.gif\"><img loading=\"lazy\" decoding=\"async\" class=\"size-medium wp-image-11\" src=\"https:\/\/blogs.ua.es\/bodin\/files\/2009\/02\/bodino2.gif\" alt=\"Jean Bondino\" width=\"200\" height=\"251\" \/><\/a><figcaption id=\"caption-attachment-11\" class=\"wp-caption-text\">Jean Bondino<\/figcaption><\/figure>\n<p>Durante toda esta serie de conflictos, Bodino plasmo las ideas que le daban postura a su obra mas fundamental\u00a0 para los historiadores del pensamiento pol\u00edtico occidental: <em>Los Seis Libros de la Rep\u00fablica <\/em>de 1576, esta obra fue publicada cuatro a\u00f1os despu\u00e9s de la matanza de hugonotes de la Noche de San Bartolom\u00e9. En esta obra es utilizado el t\u00e9rmino de soberan\u00eda como el poder \u00fanico y perpetuo, absoluto en indivisible que se impone dentro del Estado y a su vez evita conflictos entre sus s\u00fabditos. Bajo ning\u00fan termino estaba de acuerdo con alg\u00fan levantamiento en contra del soberano (rey), ya que prefer\u00eda mantener una tiran\u00eda a una anarqu\u00eda. \u00a0Muri\u00f3 en La\u00f3n en 1596 a ra\u00edz de la peste.<\/p>\n<p><font face=\"Arial\"><font size=\"3\"><\/p>\n<p class=\"MsoNormal\" style=\"text-align: justify\">\u00a0<\/p>\n<p>\u00a0\u00a0\u00a0\u00a0\u00a0\u00a0\u00a0\u00a0\u00a0\u00a0\u00a0 Otra de sus obras son: <em>M\u00e9todo para la f\u00e1cil comprensi\u00f3n de la historia, Coloquio de los siete sobre los secretos de lo sublime, <\/em><em>Responses aux paradoxes du Monsieur de Malestroict, <\/em>entre otras menos destacadas.<\/p>\n<p style=\"text-align: justify\">\u00a0<\/p>\n<p><\/font><\/font><\/span><font face=\"Arial\"><\/p>\n<p class=\"MsoNormal\" style=\"text-align: justify\">\u00a0<\/p>\n<p><\/font><\/span><\/p>\n<p class=\"MsoNormal\" style=\"text-align: justify\">\u00a0<\/p>\n","protected":false},"excerpt":{"rendered":"<p>\u00a0\u00a0\u00a0\u00a0\u00a0\u00a0\u00a0\u00a0\u00a0\u00a0\u00a0Es un pensador franc\u00e9s, nacido en Angers en 1530 dentro de una familia burguesa. Su formaci\u00f3n como jurista la obtuvo durante su estancia en Par\u00eds y Toulouse, ocupo cargos diversos como abogado del Parlamento de Par\u00eds y Procurador del Tercer Estado en los Estados Generales; esto durante una \u00e9poca en que Francia sufr\u00eda una guerra [&hellip;]<\/p>\n","protected":false},"author":1197,"featured_media":0,"parent":0,"menu_order":0,"comment_status":"open","ping_status":"open","template":"","meta":{"footnotes":""},"class_list":["post-8","page","type-page","status-publish","hentry"],"_links":{"self":[{"href":"https:\/\/blogs.ua.es\/bodin\/wp-json\/wp\/v2\/pages\/8","targetHints":{"allow":["GET"]}}],"collection":[{"href":"https:\/\/blogs.ua.es\/bodin\/wp-json\/wp\/v2\/pages"}],"about":[{"href":"https:\/\/blogs.ua.es\/bodin\/wp-json\/wp\/v2\/types\/page"}],"author":[{"embeddable":true,"href":"https:\/\/blogs.ua.es\/bodin\/wp-json\/wp\/v2\/users\/1197"}],"replies":[{"embeddable":true,"href":"https:\/\/blogs.ua.es\/bodin\/wp-json\/wp\/v2\/comments?post=8"}],"version-history":[{"count":4,"href":"https:\/\/blogs.ua.es\/bodin\/wp-json\/wp\/v2\/pages\/8\/revisions"}],"predecessor-version":[{"id":14,"href":"https:\/\/blogs.ua.es\/bodin\/wp-json\/wp\/v2\/pages\/8\/revisions\/14"}],"wp:attachment":[{"href":"https:\/\/blogs.ua.es\/bodin\/wp-json\/wp\/v2\/media?parent=8"}],"curies":[{"name":"wp","href":"https:\/\/api.w.org\/{rel}","templated":true}]}}