{"id":21,"date":"2012-01-09T19:31:58","date_gmt":"2012-01-09T19:31:58","guid":{"rendered":"https:\/\/blogs.ua.es\/boominmobiliario\/?page_id=21"},"modified":"2012-01-10T21:19:30","modified_gmt":"2012-01-10T21:19:30","slug":"presentacion-del-blog","status":"publish","type":"page","link":"https:\/\/blogs.ua.es\/boominmobiliario\/presentacion-del-blog\/","title":{"rendered":"Presentaci\u00f3n del blog"},"content":{"rendered":"<p>En el siguiente blog vamos a hablar sobre <em><span style=\"text-decoration: underline\">&#8220;El boom inmobiliario en la Espa\u00f1a actual&#8221;<\/span><\/em>. Como debido a la crisis la bonanza de la construcci\u00f3n ha ido a pique.<\/p>\n<p>Mi nombre es<strong> Candela Perteg\u00e1s,\u00a0<\/strong>soy estudiante de la <strong>Universidad de Alicante,\u00a0<\/strong>curso el grado de Historia y os informare con gusto siempre que pueda.<\/p>\n","protected":false},"excerpt":{"rendered":"<p>En el siguiente blog vamos a hablar sobre &#8220;El boom inmobiliario en la Espa\u00f1a actual&#8221;. Como debido a la crisis la bonanza de la construcci\u00f3n ha ido a pique. Mi nombre es Candela Perteg\u00e1s,\u00a0soy estudiante de la Universidad de Alicante,\u00a0curso &hellip; <a href=\"https:\/\/blogs.ua.es\/boominmobiliario\/presentacion-del-blog\/\">Continue reading <span class=\"meta-nav\">&rarr;<\/span><\/a><\/p>\n","protected":false},"author":2491,"featured_media":0,"parent":0,"menu_order":0,"comment_status":"open","ping_status":"open","template":"","meta":{"footnotes":""},"class_list":["post-21","page","type-page","status-publish","hentry"],"_links":{"self":[{"href":"https:\/\/blogs.ua.es\/boominmobiliario\/wp-json\/wp\/v2\/pages\/21","targetHints":{"allow":["GET"]}}],"collection":[{"href":"https:\/\/blogs.ua.es\/boominmobiliario\/wp-json\/wp\/v2\/pages"}],"about":[{"href":"https:\/\/blogs.ua.es\/boominmobiliario\/wp-json\/wp\/v2\/types\/page"}],"author":[{"embeddable":true,"href":"https:\/\/blogs.ua.es\/boominmobiliario\/wp-json\/wp\/v2\/users\/2491"}],"replies":[{"embeddable":true,"href":"https:\/\/blogs.ua.es\/boominmobiliario\/wp-json\/wp\/v2\/comments?post=21"}],"version-history":[{"count":5,"href":"https:\/\/blogs.ua.es\/boominmobiliario\/wp-json\/wp\/v2\/pages\/21\/revisions"}],"predecessor-version":[{"id":24,"href":"https:\/\/blogs.ua.es\/boominmobiliario\/wp-json\/wp\/v2\/pages\/21\/revisions\/24"}],"wp:attachment":[{"href":"https:\/\/blogs.ua.es\/boominmobiliario\/wp-json\/wp\/v2\/media?parent=21"}],"curies":[{"name":"wp","href":"https:\/\/api.w.org\/{rel}","templated":true}]}}