{"id":32,"date":"2012-01-09T20:14:12","date_gmt":"2012-01-09T20:14:12","guid":{"rendered":"https:\/\/blogs.ua.es\/boominmobiliario\/?page_id=32"},"modified":"2012-01-09T20:14:12","modified_gmt":"2012-01-09T20:14:12","slug":"metodologia","status":"publish","type":"page","link":"https:\/\/blogs.ua.es\/boominmobiliario\/metodologia\/","title":{"rendered":"Metodolog\u00eda"},"content":{"rendered":"<p>La metodolog\u00eda utilizada en la creaci\u00f3n del blog ha sido el soporte digital.<\/p>\n","protected":false},"excerpt":{"rendered":"<p>La metodolog\u00eda utilizada en la creaci\u00f3n del blog ha sido el soporte digital.<\/p>\n","protected":false},"author":2491,"featured_media":0,"parent":0,"menu_order":0,"comment_status":"open","ping_status":"open","template":"","meta":{"footnotes":""},"class_list":["post-32","page","type-page","status-publish","hentry"],"_links":{"self":[{"href":"https:\/\/blogs.ua.es\/boominmobiliario\/wp-json\/wp\/v2\/pages\/32","targetHints":{"allow":["GET"]}}],"collection":[{"href":"https:\/\/blogs.ua.es\/boominmobiliario\/wp-json\/wp\/v2\/pages"}],"about":[{"href":"https:\/\/blogs.ua.es\/boominmobiliario\/wp-json\/wp\/v2\/types\/page"}],"author":[{"embeddable":true,"href":"https:\/\/blogs.ua.es\/boominmobiliario\/wp-json\/wp\/v2\/users\/2491"}],"replies":[{"embeddable":true,"href":"https:\/\/blogs.ua.es\/boominmobiliario\/wp-json\/wp\/v2\/comments?post=32"}],"version-history":[{"count":2,"href":"https:\/\/blogs.ua.es\/boominmobiliario\/wp-json\/wp\/v2\/pages\/32\/revisions"}],"predecessor-version":[{"id":34,"href":"https:\/\/blogs.ua.es\/boominmobiliario\/wp-json\/wp\/v2\/pages\/32\/revisions\/34"}],"wp:attachment":[{"href":"https:\/\/blogs.ua.es\/boominmobiliario\/wp-json\/wp\/v2\/media?parent=32"}],"curies":[{"name":"wp","href":"https:\/\/api.w.org\/{rel}","templated":true}]}}