{"id":35,"date":"2012-01-09T20:16:52","date_gmt":"2012-01-09T20:16:52","guid":{"rendered":"https:\/\/blogs.ua.es\/boominmobiliario\/?page_id=35"},"modified":"2012-01-18T09:16:53","modified_gmt":"2012-01-18T09:16:53","slug":"recursos-de-informacion-utilizada","status":"publish","type":"page","link":"https:\/\/blogs.ua.es\/boominmobiliario\/recursos-de-informacion-utilizada\/","title":{"rendered":"Recursos de informaci\u00f3n utilizada"},"content":{"rendered":"<p>Para la creaci\u00f3n de este blog, se ha utilizado informaci\u00f3n sacada de metabuscadores o buscadores como <em>google, ask, etc&#8230;<\/em><\/p>\n<p>&nbsp;<\/p>\n","protected":false},"excerpt":{"rendered":"<p>Para la creaci\u00f3n de este blog, se ha utilizado informaci\u00f3n sacada de metabuscadores o buscadores como google, ask, etc&#8230; &nbsp;<\/p>\n","protected":false},"author":2491,"featured_media":0,"parent":0,"menu_order":0,"comment_status":"open","ping_status":"open","template":"","meta":{"footnotes":""},"class_list":["post-35","page","type-page","status-publish","hentry"],"_links":{"self":[{"href":"https:\/\/blogs.ua.es\/boominmobiliario\/wp-json\/wp\/v2\/pages\/35","targetHints":{"allow":["GET"]}}],"collection":[{"href":"https:\/\/blogs.ua.es\/boominmobiliario\/wp-json\/wp\/v2\/pages"}],"about":[{"href":"https:\/\/blogs.ua.es\/boominmobiliario\/wp-json\/wp\/v2\/types\/page"}],"author":[{"embeddable":true,"href":"https:\/\/blogs.ua.es\/boominmobiliario\/wp-json\/wp\/v2\/users\/2491"}],"replies":[{"embeddable":true,"href":"https:\/\/blogs.ua.es\/boominmobiliario\/wp-json\/wp\/v2\/comments?post=35"}],"version-history":[{"count":6,"href":"https:\/\/blogs.ua.es\/boominmobiliario\/wp-json\/wp\/v2\/pages\/35\/revisions"}],"predecessor-version":[{"id":72,"href":"https:\/\/blogs.ua.es\/boominmobiliario\/wp-json\/wp\/v2\/pages\/35\/revisions\/72"}],"wp:attachment":[{"href":"https:\/\/blogs.ua.es\/boominmobiliario\/wp-json\/wp\/v2\/media?parent=35"}],"curies":[{"name":"wp","href":"https:\/\/api.w.org\/{rel}","templated":true}]}}