{"id":39,"date":"2012-01-09T20:17:18","date_gmt":"2012-01-09T20:17:18","guid":{"rendered":"https:\/\/blogs.ua.es\/boominmobiliario\/?page_id=39"},"modified":"2012-01-19T09:05:26","modified_gmt":"2012-01-19T09:05:26","slug":"valoracion-general","status":"publish","type":"page","link":"https:\/\/blogs.ua.es\/boominmobiliario\/valoracion-general\/","title":{"rendered":"Valoraci\u00f3n general"},"content":{"rendered":"<p>Mi valoraci\u00f3n con respecto a este tema es que <strong>Espa\u00f1a<\/strong> no ha sabido llevar bien el tema, ya que si se hubiera anticipado, a lo mejor las cosas no ser\u00edan ahora tan <em>&#8220;catastr\u00f3ficas&#8221;<\/em>.<\/p>\n<p>La b\u00fasqueda de informaci\u00f3n no me ha costado mucho trabajo encontrarla, ya que al ser un tema de actualidad era muy f\u00e1cil su b\u00fasqueda, existen diversos tipos de libros, documentales, monografias, art\u00edculos de revistas, etc.<\/p>\n<p>&nbsp;<\/p>\n<p>&nbsp;<\/p>\n","protected":false},"excerpt":{"rendered":"<p>Mi valoraci\u00f3n con respecto a este tema es que Espa\u00f1a no ha sabido llevar bien el tema, ya que si se hubiera anticipado, a lo mejor las cosas no ser\u00edan ahora tan &#8220;catastr\u00f3ficas&#8221;. La b\u00fasqueda de informaci\u00f3n no me ha &hellip; <a href=\"https:\/\/blogs.ua.es\/boominmobiliario\/valoracion-general\/\">Continue reading <span class=\"meta-nav\">&rarr;<\/span><\/a><\/p>\n","protected":false},"author":2491,"featured_media":0,"parent":0,"menu_order":0,"comment_status":"open","ping_status":"open","template":"","meta":{"footnotes":""},"class_list":["post-39","page","type-page","status-publish","hentry"],"_links":{"self":[{"href":"https:\/\/blogs.ua.es\/boominmobiliario\/wp-json\/wp\/v2\/pages\/39","targetHints":{"allow":["GET"]}}],"collection":[{"href":"https:\/\/blogs.ua.es\/boominmobiliario\/wp-json\/wp\/v2\/pages"}],"about":[{"href":"https:\/\/blogs.ua.es\/boominmobiliario\/wp-json\/wp\/v2\/types\/page"}],"author":[{"embeddable":true,"href":"https:\/\/blogs.ua.es\/boominmobiliario\/wp-json\/wp\/v2\/users\/2491"}],"replies":[{"embeddable":true,"href":"https:\/\/blogs.ua.es\/boominmobiliario\/wp-json\/wp\/v2\/comments?post=39"}],"version-history":[{"count":3,"href":"https:\/\/blogs.ua.es\/boominmobiliario\/wp-json\/wp\/v2\/pages\/39\/revisions"}],"predecessor-version":[{"id":149,"href":"https:\/\/blogs.ua.es\/boominmobiliario\/wp-json\/wp\/v2\/pages\/39\/revisions\/149"}],"wp:attachment":[{"href":"https:\/\/blogs.ua.es\/boominmobiliario\/wp-json\/wp\/v2\/media?parent=39"}],"curies":[{"name":"wp","href":"https:\/\/api.w.org\/{rel}","templated":true}]}}