{"id":45,"date":"2011-04-02T11:20:10","date_gmt":"2011-04-02T10:20:10","guid":{"rendered":"https:\/\/blogs.ua.es\/brasildoxa\/"},"modified":"2012-07-28T20:06:41","modified_gmt":"2012-07-28T20:06:41","slug":"responsable-del-blog","status":"publish","type":"page","link":"https:\/\/blogs.ua.es\/brasildoxa\/responsable-del-blog\/","title":{"rendered":"Responsable del blog"},"content":{"rendered":"<p><strong>Coordinadores del nodo: <\/strong>Claudia Rosane Roesler y Andr\u00e9 Rufino do Vale<\/p>\n<p><strong>Claudia Roesler<\/strong> es graduada en Derecho por la Universidad Regional de Noroeste del Estado de Rio Grande do Sul, Brasil. Es Doctora en Derecho por la Universidad de Sao Paulo (2002) con una tesis sobre la t\u00f3pica de Theodor Viehweg, y ha realizado estancias de investigaci\u00f3n postdoctorales en Filosof\u00eda del Derecho en la Universidad de Alicante. Ha sido profesora en la Universidade do Vale do Itaja\u00ed en los programas de Maestr\u00eda y Doctorado en Ciencia Jur\u00eddica, la maestr\u00eda profesional en Gesti\u00f3n de pol\u00edticas p\u00fablicas, y en la licenciatura en Derecho. Sus intereses est\u00e1n centrados en la teor\u00eda del Derecho, principios constitucionales, t\u00f3pica y argumentaci\u00f3n, dogm\u00e1tica jur\u00eddica, teor\u00eda de la argumentaci\u00f3n jur\u00eddica y judicializaci\u00f3n de la pol\u00edtica y las relaciones sociales, selecci\u00f3n y formaci\u00f3n de los jueces y \u00e9tica judicial.\u00a0 Actualmente, Claudia es profesora de la Universidade de Brasilia.<\/p>\n<p><strong>Andr\u00e9 Rufino do Vale <\/strong>es graduado en Derecho\u00a0por la Universidade de Brasilia y Mag\u00edster en Derecho por la misma universidad, con un postgrado en Derechos Fundamentales en la Universidad Carlos III de Madrid. Especialista en Argumentaci\u00f3n Jur\u00eddica por la Universidad de Alicante, actualmente cursa los Doctorados en Derecho\u00a0de\u00a0la Universidad\u00a0de\u00a0Alicante\u00a0y\u00a0de la Universidad de Brasilia. Es Procurador Federal en Brasil y trabaja en el Supremo Tribunal Federal como Asesor de Ministro. Ha publicado libros sobre la tem\u00e1tica de los derechos fundamentales y de la jurisdicci\u00f3n constitucional, entre los cuales se destacan &#8220;La estructura de las normas de derechos fundamentales (2009)&#8221;, &#8220;Eficacia de los derechos fundamentales en las relaciones privadas (2004)&#8221;, adem\u00e1s del libro coordinado en conjunto con otros autores &#8220;La Jurisprudencia del STF en los 20 a\u00f1os de la Constituci\u00f3n (2010)&#8221;. Es el Editor-Jefe del Observatorio de la Jurisdicci\u00f3n Constitucional, publicaci\u00f3n del Instituto Brasiliense de Direito P\u00fablico (IDP).<\/p>\n","protected":false},"excerpt":{"rendered":"<p>Coordinadores del nodo: Claudia Rosane Roesler y Andr\u00e9 Rufino do Vale Claudia Roesler es graduada en Derecho por la Universidad Regional de Noroeste del Estado de Rio Grande do Sul, Brasil. Es Doctora en Derecho por la Universidad de Sao Paulo (2002) con una tesis sobre la t\u00f3pica de Theodor Viehweg, y ha realizado estancias [&hellip;]<\/p>\n","protected":false},"author":1720,"featured_media":0,"parent":0,"menu_order":0,"comment_status":"closed","ping_status":"closed","template":"","meta":{"footnotes":""},"class_list":["post-45","page","type-page","status-publish","hentry"],"_links":{"self":[{"href":"https:\/\/blogs.ua.es\/brasildoxa\/wp-json\/wp\/v2\/pages\/45","targetHints":{"allow":["GET"]}}],"collection":[{"href":"https:\/\/blogs.ua.es\/brasildoxa\/wp-json\/wp\/v2\/pages"}],"about":[{"href":"https:\/\/blogs.ua.es\/brasildoxa\/wp-json\/wp\/v2\/types\/page"}],"author":[{"embeddable":true,"href":"https:\/\/blogs.ua.es\/brasildoxa\/wp-json\/wp\/v2\/users\/1720"}],"replies":[{"embeddable":true,"href":"https:\/\/blogs.ua.es\/brasildoxa\/wp-json\/wp\/v2\/comments?post=45"}],"version-history":[{"count":9,"href":"https:\/\/blogs.ua.es\/brasildoxa\/wp-json\/wp\/v2\/pages\/45\/revisions"}],"predecessor-version":[{"id":50,"href":"https:\/\/blogs.ua.es\/brasildoxa\/wp-json\/wp\/v2\/pages\/45\/revisions\/50"}],"wp:attachment":[{"href":"https:\/\/blogs.ua.es\/brasildoxa\/wp-json\/wp\/v2\/media?parent=45"}],"curies":[{"name":"wp","href":"https:\/\/api.w.org\/{rel}","templated":true}]}}