{"id":122,"date":"2011-01-18T21:30:40","date_gmt":"2011-01-18T21:30:40","guid":{"rendered":"https:\/\/blogs.ua.es\/brujeriainquisicion\/"},"modified":"2011-01-18T21:30:40","modified_gmt":"2011-01-18T21:30:40","slug":"bibliografia","status":"publish","type":"page","link":"https:\/\/blogs.ua.es\/brujeriainquisicion\/bibliografia\/","title":{"rendered":"Bibliograf\u00eda"},"content":{"rendered":"<p>CARO BAROJA, Julio, <em>Inquisici\u00f3n brujer\u00eda y criptojudaismo,<\/em> Barcelona, Ariel, 1970<\/p>\n<p>JIM\u00c9NEZ MONTASERIA, Miguel, <em>Introducci\u00f3n a la inquisici\u00f3n espa\u00f1ola. Documentos b\u00e1sicos para el estudio del Santo Oficio, <\/em>Madrid, Editorial Nacional, 1980<\/p>\n<p>ECHAZARRA, Enrique, <em>Cr\u00f3nicas de brujer\u00eda, <\/em>Madrid, Aguilar, 2007<\/p>\n<p>GARC\u00cdA C\u00c1RCEL, Ricardo, <em>Herej\u00eda y sociedad en el siglo XVI. La inquisici\u00f3n en Valencia 1530-1609,<\/em> Ediciones Pen\u00ednsula, Barcelona, 1980<\/p>\n<p>COLETTE ARNAUL, <em>Histoire de la sorcellerie en occident, <\/em>Tallandier, 1992<\/p>\n","protected":false},"excerpt":{"rendered":"<p>CARO BAROJA, Julio, Inquisici\u00f3n brujer\u00eda y criptojudaismo, Barcelona, Ariel, 1970 JIM\u00c9NEZ MONTASERIA, Miguel, Introducci\u00f3n a la inquisici\u00f3n espa\u00f1ola. Documentos b\u00e1sicos para el estudio del Santo Oficio, Madrid, Editorial Nacional, 1980 ECHAZARRA, Enrique, Cr\u00f3nicas de brujer\u00eda, Madrid, Aguilar, 2007 GARC\u00cdA C\u00c1RCEL, Ricardo, Herej\u00eda y sociedad en el siglo XVI. La inquisici\u00f3n en Valencia 1530-1609, Ediciones Pen\u00ednsula, [&hellip;]<\/p>\n","protected":false},"author":1887,"featured_media":0,"parent":0,"menu_order":0,"comment_status":"open","ping_status":"open","template":"","meta":{"footnotes":""},"class_list":["post-122","page","type-page","status-publish","hentry"],"_links":{"self":[{"href":"https:\/\/blogs.ua.es\/brujeriainquisicion\/wp-json\/wp\/v2\/pages\/122","targetHints":{"allow":["GET"]}}],"collection":[{"href":"https:\/\/blogs.ua.es\/brujeriainquisicion\/wp-json\/wp\/v2\/pages"}],"about":[{"href":"https:\/\/blogs.ua.es\/brujeriainquisicion\/wp-json\/wp\/v2\/types\/page"}],"author":[{"embeddable":true,"href":"https:\/\/blogs.ua.es\/brujeriainquisicion\/wp-json\/wp\/v2\/users\/1887"}],"replies":[{"embeddable":true,"href":"https:\/\/blogs.ua.es\/brujeriainquisicion\/wp-json\/wp\/v2\/comments?post=122"}],"version-history":[{"count":2,"href":"https:\/\/blogs.ua.es\/brujeriainquisicion\/wp-json\/wp\/v2\/pages\/122\/revisions"}],"predecessor-version":[{"id":124,"href":"https:\/\/blogs.ua.es\/brujeriainquisicion\/wp-json\/wp\/v2\/pages\/122\/revisions\/124"}],"wp:attachment":[{"href":"https:\/\/blogs.ua.es\/brujeriainquisicion\/wp-json\/wp\/v2\/media?parent=122"}],"curies":[{"name":"wp","href":"https:\/\/api.w.org\/{rel}","templated":true}]}}