{"id":2,"date":"2010-10-20T06:35:40","date_gmt":"2010-10-20T06:35:40","guid":{"rendered":"https:\/\/blogs.ua.es\/brujeriainquisicion\/?page_id=2"},"modified":"2010-12-28T08:29:06","modified_gmt":"2010-12-28T08:29:06","slug":"acerca-de","status":"publish","type":"page","link":"https:\/\/blogs.ua.es\/brujeriainquisicion\/acerca-de\/","title":{"rendered":"Con\u00f3cenos"},"content":{"rendered":"<p style=\"text-align: center\"><strong>BRUJER\u00cdA EN TIEMPOS DE LA INQUISICI\u00d3N<\/strong><\/p>\n<p><strong> <\/strong><\/p>\n<p style=\"text-align: justify\">Hola.<\/p>\n<p style=\"text-align: justify\">Ferran Mart\u00ednez Lliso, Pierre-Fran\u00e7ois Yves y Jos\u00e9 David Bern\u00edcola Garc\u00eda. Somos tres alumnos de segundo curso de Licenciatura de Historia y os damos la bienvenida al blog, Brujer\u00eda en tiempos de la Inquisici\u00f3n.<\/p>\n<p style=\"text-align: justify\">Con motivo de un trabajo relacionado con la asignatura de Historia Moderna de Espa\u00f1a I Austrias, creemos y esperamos haber elegido un tema de real agrado para el lector.<\/p>\n<p style=\"text-align: justify\">Durante la creaci\u00f3n del blog, hemos aprendido nuevas formas de acercarnos y a su vez, acercaros, al apasionante mundo de la Historia, un mundo en el que tres principiantes alumnos tratan de acercarse con gran voluntad y valent\u00eda y a su vez, tratar de acercar a m\u00e1s gente mediante trabajos de esta \u00edndole.<\/p>\n<p style=\"text-align: justify\">En primer lugar pedimos comprensi\u00f3n\u00a0 y paciencia a la hora de leer el blog, debido a nuestra inicial ignorancia sobre el tema, pero con el transcurso de los d\u00edas y nuestro intenso trabajo bibliogr\u00e1fico y documental creemos haber realizado un blog con informaci\u00f3n suficiente sobre el tema elegido.<\/p>\n<p style=\"text-align: justify\">En segundo lugar, agradecer a todas aquellas personas que, tras estos dos meses de trabajo, nos han querido seguir muy de cerca, leyendo los primeros escritos y tratando de animarnos, aunque nunca faltaron nuestras ganas por aprender y mejorar como personas, y esperemos, futuros historiadores.<\/p>\n<p style=\"text-align: justify\">En tercer y \u00faltimo lugar agradecer a todas aquellas personas que, de manera desinteresada, han dedicado alg\u00fan minuto de su tiempo libre a leer nuestras entradas, ya que sin este apoyo habr\u00eda resultado tarea complicada seguir escribiendo en el blog.<\/p>\n<p style=\"text-align: justify\">Hoy, 27 de diciembre de 2010, damos por concluido nuestro trabajo correspondiente a la asignatura Historia Moderna de Espa\u00f1a I Austrias.<\/p>\n<p style=\"text-align: justify\">Sin m\u00e1s que a\u00f1adir, esperamos y deseamos que os haya gustado y al mismo tiempo servido de informaci\u00f3n nuestro blog, Brujer\u00eda en tiempos de la Inquisici\u00f3n.<\/p>\n<p><em> <\/em><\/p>\n<p>Saludos.<\/p>\n","protected":false},"excerpt":{"rendered":"<p>BRUJER\u00cdA EN TIEMPOS DE LA INQUISICI\u00d3N Hola. Ferran Mart\u00ednez Lliso, Pierre-Fran\u00e7ois Yves y Jos\u00e9 David Bern\u00edcola Garc\u00eda. Somos tres alumnos de segundo curso de Licenciatura de Historia y os damos la bienvenida al blog, Brujer\u00eda en tiempos de la Inquisici\u00f3n. Con motivo de un trabajo relacionado con la asignatura de Historia Moderna de Espa\u00f1a I [&hellip;]<\/p>\n","protected":false},"author":1887,"featured_media":0,"parent":0,"menu_order":0,"comment_status":"open","ping_status":"open","template":"","meta":{"footnotes":""},"class_list":["post-2","page","type-page","status-publish","hentry"],"_links":{"self":[{"href":"https:\/\/blogs.ua.es\/brujeriainquisicion\/wp-json\/wp\/v2\/pages\/2","targetHints":{"allow":["GET"]}}],"collection":[{"href":"https:\/\/blogs.ua.es\/brujeriainquisicion\/wp-json\/wp\/v2\/pages"}],"about":[{"href":"https:\/\/blogs.ua.es\/brujeriainquisicion\/wp-json\/wp\/v2\/types\/page"}],"author":[{"embeddable":true,"href":"https:\/\/blogs.ua.es\/brujeriainquisicion\/wp-json\/wp\/v2\/users\/1887"}],"replies":[{"embeddable":true,"href":"https:\/\/blogs.ua.es\/brujeriainquisicion\/wp-json\/wp\/v2\/comments?post=2"}],"version-history":[{"count":4,"href":"https:\/\/blogs.ua.es\/brujeriainquisicion\/wp-json\/wp\/v2\/pages\/2\/revisions"}],"predecessor-version":[{"id":23,"href":"https:\/\/blogs.ua.es\/brujeriainquisicion\/wp-json\/wp\/v2\/pages\/2\/revisions\/23"}],"wp:attachment":[{"href":"https:\/\/blogs.ua.es\/brujeriainquisicion\/wp-json\/wp\/v2\/media?parent=2"}],"curies":[{"name":"wp","href":"https:\/\/api.w.org\/{rel}","templated":true}]}}