{"id":74,"date":"2013-01-27T10:43:46","date_gmt":"2013-01-27T10:43:46","guid":{"rendered":"https:\/\/blogs.ua.es\/cajaahorrossureste\/?page_id=74"},"modified":"2013-01-27T10:43:46","modified_gmt":"2013-01-27T10:43:46","slug":"metodologia","status":"publish","type":"page","link":"https:\/\/blogs.ua.es\/cajaahorrossureste\/metodologia\/","title":{"rendered":"Metodolog\u00eda"},"content":{"rendered":"<p>La metodolog\u00eda que hemos utilizado para poder buscar la informaci\u00f3n de este blog, ha sido a trav\u00e9s de b\u00fasquedas en Internet, pues es la fuente en las que m\u00e1s informaci\u00f3n nos ha proporcionado sobre este tema. Para hablar de las referencias que van a aparecer en este blog, vamos a mostrar a continuaci\u00f3n una serie de plantillas reguladas por la normativa ISO 690:2010 (English), en las que nos hemos basado, para hacer dicha referenciaci\u00f3n.<\/p>\n<p>1.Modelo de revista de un paquete de revistas electr\u00f3nicas con una base de datos com\u00fan; <em>T\u00edtulo<\/em> [en l\u00ednea]. Lugar de edici\u00f3n: editor, fecha de publicaci\u00f3n, volumen, n\u00famero [consulta: fecha de consulta]. Nombre de la base de datos. ISSN. Disponible en: http:\/\/<\/p>\n<p>2.Modelo de revista con acceso en l\u00ednea individualizado; <em>T\u00edtulo<\/em> [en l\u00ednea]. Lugar de edici\u00f3n: editor, fecha de publicaci\u00f3n, volumen, n\u00famero [consulta: fecha de consulta]. ISSN. Disponible en: http:\/\/<\/p>\n<p><strong>Art\u00edculo de revista en l\u00ednea: <\/strong>(Autor\/es del art\u00edculo) APELLIDOS, Nombre. T\u00edtulo del art\u00edculo.<em> T\u00edtulo de la revista<\/em> [en l\u00ednea]. Lugar: editor, fecha de publicaci\u00f3n, volumen, n\u00famero [consulta: fecha de consulta]. ISSN. Disponible en: http:\/\/<\/p>\n<p><strong>Sitio web:<\/strong> <em>T\u00edtulo de la web<\/em>. Editor, a\u00f1o [consulta: fecha de consulta]. Disponible en: http:\/\/<\/p>\n<p dir=\"ltr\"><strong>Parte de un sitio web:<\/strong><\/p>\n<p dir=\"ltr\">-Ejemplo de la p\u00e1gina sin autor o autor colectivo (ejem.: art\u00edculo de wikipedia):\u00a0 T\u00edtulo de la p\u00e1gina. <em>T\u00edtulo del sitio web<\/em> [en l\u00ednea]. Fecha y hora de edici\u00f3n o actualizaci\u00f3n [consulta: fecha de consulta]. Disponible en: http:\/\/<\/p>\n<p dir=\"ltr\">-Ejemplo de p\u00e1gina o parte de un sitio web con autor:\u00a0 APELLIDOS, Nombre. T\u00edtulo de la p\u00e1gina o la parte. En: <em>T\u00edtulo del sitio web<\/em> [en l\u00ednea]. Fecha y hora de edici\u00f3n [consulta: fecha y hora de consulta]. Disponible en: http:\/\/<\/p>\n<p dir=\"ltr\">A partir de estas referencias hemos hecho un peque\u00f1o resumen de cada una.<\/p>\n","protected":false},"excerpt":{"rendered":"<p>La metodolog\u00eda que hemos utilizado para poder buscar la informaci\u00f3n de este blog, ha sido a trav\u00e9s de b\u00fasquedas en Internet, pues es la fuente en las que m\u00e1s informaci\u00f3n nos ha proporcionado sobre este tema. Para hablar de las referencias que van a aparecer en este blog, vamos a mostrar a continuaci\u00f3n una serie [&hellip;]<\/p>\n","protected":false},"author":3000,"featured_media":0,"parent":0,"menu_order":0,"comment_status":"open","ping_status":"open","template":"","meta":{"footnotes":""},"class_list":["post-74","page","type-page","status-publish","hentry"],"_links":{"self":[{"href":"https:\/\/blogs.ua.es\/cajaahorrossureste\/wp-json\/wp\/v2\/pages\/74","targetHints":{"allow":["GET"]}}],"collection":[{"href":"https:\/\/blogs.ua.es\/cajaahorrossureste\/wp-json\/wp\/v2\/pages"}],"about":[{"href":"https:\/\/blogs.ua.es\/cajaahorrossureste\/wp-json\/wp\/v2\/types\/page"}],"author":[{"embeddable":true,"href":"https:\/\/blogs.ua.es\/cajaahorrossureste\/wp-json\/wp\/v2\/users\/3000"}],"replies":[{"embeddable":true,"href":"https:\/\/blogs.ua.es\/cajaahorrossureste\/wp-json\/wp\/v2\/comments?post=74"}],"version-history":[{"count":2,"href":"https:\/\/blogs.ua.es\/cajaahorrossureste\/wp-json\/wp\/v2\/pages\/74\/revisions"}],"predecessor-version":[{"id":76,"href":"https:\/\/blogs.ua.es\/cajaahorrossureste\/wp-json\/wp\/v2\/pages\/74\/revisions\/76"}],"wp:attachment":[{"href":"https:\/\/blogs.ua.es\/cajaahorrossureste\/wp-json\/wp\/v2\/media?parent=74"}],"curies":[{"name":"wp","href":"https:\/\/api.w.org\/{rel}","templated":true}]}}