{"id":77,"date":"2013-01-27T10:46:18","date_gmt":"2013-01-27T10:46:18","guid":{"rendered":"https:\/\/blogs.ua.es\/cajaahorrossureste\/?page_id=77"},"modified":"2013-01-27T10:46:18","modified_gmt":"2013-01-27T10:46:18","slug":"descripcion-del-blog","status":"publish","type":"page","link":"https:\/\/blogs.ua.es\/cajaahorrossureste\/descripcion-del-blog\/","title":{"rendered":"Descripci\u00f3n del blog"},"content":{"rendered":"<p>El tema que vamos a abarcar en este blog, es el de la Caja de Ahorros del Sureste, actualmente la ya extinguida Caja del Mediterr\u00e1neo (CAM).<\/p>\n<p>En este blog os vamos a explicar y mostrar c\u00f3mo surgi\u00f3 la Caja de Ahorros del Sureste, como fue incrementando y aumentando su capacidad a trav\u00e9s de nuevas absorciones y fusiones hasta convertirse en la CAM.<\/p>\n<p>Asimismo, tambi\u00e9n comentaremos su colaboraci\u00f3n\u00a0 con otras actividades a trav\u00e9s de su fundaci\u00f3n la Obra Social CAM y en \u00faltimo lugar hablaremos acerca de los esc\u00e1ndalos acontecidos en dicha caja como su crisis econ\u00f3mica y su intento de rescate, hasta compra por parte del Grupo Banco Sabadell.<\/p>\n","protected":false},"excerpt":{"rendered":"<p>El tema que vamos a abarcar en este blog, es el de la Caja de Ahorros del Sureste, actualmente la ya extinguida Caja del Mediterr\u00e1neo (CAM). En este blog os vamos a explicar y mostrar c\u00f3mo surgi\u00f3 la Caja de Ahorros del Sureste, como fue incrementando y aumentando su capacidad a trav\u00e9s de nuevas absorciones [&hellip;]<\/p>\n","protected":false},"author":3000,"featured_media":0,"parent":0,"menu_order":0,"comment_status":"open","ping_status":"open","template":"","meta":{"footnotes":""},"class_list":["post-77","page","type-page","status-publish","hentry"],"_links":{"self":[{"href":"https:\/\/blogs.ua.es\/cajaahorrossureste\/wp-json\/wp\/v2\/pages\/77","targetHints":{"allow":["GET"]}}],"collection":[{"href":"https:\/\/blogs.ua.es\/cajaahorrossureste\/wp-json\/wp\/v2\/pages"}],"about":[{"href":"https:\/\/blogs.ua.es\/cajaahorrossureste\/wp-json\/wp\/v2\/types\/page"}],"author":[{"embeddable":true,"href":"https:\/\/blogs.ua.es\/cajaahorrossureste\/wp-json\/wp\/v2\/users\/3000"}],"replies":[{"embeddable":true,"href":"https:\/\/blogs.ua.es\/cajaahorrossureste\/wp-json\/wp\/v2\/comments?post=77"}],"version-history":[{"count":2,"href":"https:\/\/blogs.ua.es\/cajaahorrossureste\/wp-json\/wp\/v2\/pages\/77\/revisions"}],"predecessor-version":[{"id":79,"href":"https:\/\/blogs.ua.es\/cajaahorrossureste\/wp-json\/wp\/v2\/pages\/77\/revisions\/79"}],"wp:attachment":[{"href":"https:\/\/blogs.ua.es\/cajaahorrossureste\/wp-json\/wp\/v2\/media?parent=77"}],"curies":[{"name":"wp","href":"https:\/\/api.w.org\/{rel}","templated":true}]}}