{"id":81,"date":"2013-01-27T11:01:12","date_gmt":"2013-01-27T11:01:12","guid":{"rendered":"https:\/\/blogs.ua.es\/cajaahorrossureste\/?page_id=81"},"modified":"2013-01-27T11:09:02","modified_gmt":"2013-01-27T11:09:02","slug":"recursos-de-informacion-utilizados","status":"publish","type":"page","link":"https:\/\/blogs.ua.es\/cajaahorrossureste\/recursos-de-informacion-utilizados\/","title":{"rendered":"Recursos de informaci\u00f3n utilizados"},"content":{"rendered":"<p>En esta p\u00e1gina os vamos a mostrar cuales son las <strong>fuentes de informaci\u00f3n<\/strong> que hemos utilizado para\u00a0 buscar todo lo relacionado con el tema de nuestro blog: \u201cla Caja de Ahorros del Sureste\u201d, los problemas e inconvenientes que y las ventajas.<\/p>\n<p>A continuaci\u00f3n comenzaremos a nombrar las fuentes de informaci\u00f3n que hemos utilizado en este blog:<\/p>\n<p>&#8211;<strong><em>P\u00e1ginas web completas<\/em><\/strong>, que describ\u00edan bastante bien la informaci\u00f3n. De las mismas las que m\u00e1s destacamos son las que poseen los los art\u00edculos de los peri\u00f3dicos digitales.<\/p>\n<p>&#8211;<strong><em>Sitios de p\u00e1ginas web<\/em><\/strong>, que nos han servido para buscar informaci\u00f3n m\u00e1s concreta sobre temas que requer\u00edan una mayor complejidad, como los inicios de la Caja de Ahorros del Sureste o sus fusiones o absorciones.<\/p>\n<p>&#8211;<strong><em>Im\u00e1genes y v\u00eddeos<\/em><\/strong>, que nos han servido para aportar informaci\u00f3n complementaria bastante buena y como una\u00a0ayuda.<\/p>\n<p>En cuanto a la facilidad que hemos tenido para poder <strong>encontrar la informaci\u00f3n<\/strong>, hemos encontrado bastante informaci\u00f3n por sitios web y p\u00e1ginas derivadas de los mismos, pero a la hora de encontrar informaci\u00f3n en soporte de papel, apenas se ha encontrado informaci\u00f3n espec\u00edfica del tema que ten\u00edamos.<\/p>\n<p>Esto es todo lo que nos cabe mencionar sobre las fuentes de informaci\u00f3n que hemos empleado.<\/p>\n","protected":false},"excerpt":{"rendered":"<p>En esta p\u00e1gina os vamos a mostrar cuales son las fuentes de informaci\u00f3n que hemos utilizado para\u00a0 buscar todo lo relacionado con el tema de nuestro blog: \u201cla Caja de Ahorros del Sureste\u201d, los problemas e inconvenientes que y las ventajas. A continuaci\u00f3n comenzaremos a nombrar las fuentes de informaci\u00f3n que hemos utilizado en este [&hellip;]<\/p>\n","protected":false},"author":3000,"featured_media":0,"parent":0,"menu_order":0,"comment_status":"open","ping_status":"open","template":"","meta":{"footnotes":""},"class_list":["post-81","page","type-page","status-publish","hentry"],"_links":{"self":[{"href":"https:\/\/blogs.ua.es\/cajaahorrossureste\/wp-json\/wp\/v2\/pages\/81","targetHints":{"allow":["GET"]}}],"collection":[{"href":"https:\/\/blogs.ua.es\/cajaahorrossureste\/wp-json\/wp\/v2\/pages"}],"about":[{"href":"https:\/\/blogs.ua.es\/cajaahorrossureste\/wp-json\/wp\/v2\/types\/page"}],"author":[{"embeddable":true,"href":"https:\/\/blogs.ua.es\/cajaahorrossureste\/wp-json\/wp\/v2\/users\/3000"}],"replies":[{"embeddable":true,"href":"https:\/\/blogs.ua.es\/cajaahorrossureste\/wp-json\/wp\/v2\/comments?post=81"}],"version-history":[{"count":4,"href":"https:\/\/blogs.ua.es\/cajaahorrossureste\/wp-json\/wp\/v2\/pages\/81\/revisions"}],"predecessor-version":[{"id":83,"href":"https:\/\/blogs.ua.es\/cajaahorrossureste\/wp-json\/wp\/v2\/pages\/81\/revisions\/83"}],"wp:attachment":[{"href":"https:\/\/blogs.ua.es\/cajaahorrossureste\/wp-json\/wp\/v2\/media?parent=81"}],"curies":[{"name":"wp","href":"https:\/\/api.w.org\/{rel}","templated":true}]}}