{"id":24,"date":"2009-02-12T15:51:42","date_gmt":"2009-02-12T14:51:42","guid":{"rendered":"https:\/\/blogs.ua.es\/calvino\/?page_id=24"},"modified":"2009-02-12T15:51:42","modified_gmt":"2009-02-12T14:51:42","slug":"la-conversion-de-calvino","status":"publish","type":"page","link":"https:\/\/blogs.ua.es\/calvino\/la-conversion-de-calvino\/","title":{"rendered":"La conversion de Calvino"},"content":{"rendered":"<p>En 1535 tuvo una experiencia personal que marcar\u00eda su destino. Con poco m\u00e1s de 20 a\u00f1os adopt\u00f3 los puntos de vista de Lutero: negaci\u00f3n de la autoridad de la iglesia de Roma por derecho divino, negando la sucesi\u00f3n apost\u00f3lica desde el ap\u00f3stol Pedro, y dando primordial importancia de la Biblia como \u00fanica regla de fe y conducta, destacando la doctrina de la justificaci\u00f3n del hombre por medio de la gracia, mediante la fe, y no por las obras.<\/p>\n","protected":false},"excerpt":{"rendered":"<p>En 1535 tuvo una experiencia personal que marcar\u00eda su destino. Con poco m\u00e1s de 20 a\u00f1os adopt\u00f3 los puntos de vista de Lutero: negaci\u00f3n de la autoridad de la iglesia de Roma por derecho divino, negando la sucesi\u00f3n apost\u00f3lica desde el ap\u00f3stol Pedro, y dando primordial importancia de la Biblia como \u00fanica regla de fe [&hellip;]<\/p>\n","protected":false},"author":1148,"featured_media":0,"parent":0,"menu_order":0,"comment_status":"open","ping_status":"open","template":"","meta":{"footnotes":""},"class_list":["post-24","page","type-page","status-publish","hentry"],"_links":{"self":[{"href":"https:\/\/blogs.ua.es\/calvino\/wp-json\/wp\/v2\/pages\/24","targetHints":{"allow":["GET"]}}],"collection":[{"href":"https:\/\/blogs.ua.es\/calvino\/wp-json\/wp\/v2\/pages"}],"about":[{"href":"https:\/\/blogs.ua.es\/calvino\/wp-json\/wp\/v2\/types\/page"}],"author":[{"embeddable":true,"href":"https:\/\/blogs.ua.es\/calvino\/wp-json\/wp\/v2\/users\/1148"}],"replies":[{"embeddable":true,"href":"https:\/\/blogs.ua.es\/calvino\/wp-json\/wp\/v2\/comments?post=24"}],"version-history":[{"count":1,"href":"https:\/\/blogs.ua.es\/calvino\/wp-json\/wp\/v2\/pages\/24\/revisions"}],"predecessor-version":[{"id":25,"href":"https:\/\/blogs.ua.es\/calvino\/wp-json\/wp\/v2\/pages\/24\/revisions\/25"}],"wp:attachment":[{"href":"https:\/\/blogs.ua.es\/calvino\/wp-json\/wp\/v2\/media?parent=24"}],"curies":[{"name":"wp","href":"https:\/\/api.w.org\/{rel}","templated":true}]}}