{"id":29,"date":"2009-02-26T14:36:07","date_gmt":"2009-02-26T13:36:07","guid":{"rendered":"https:\/\/blogs.ua.es\/calvino\/?page_id=29"},"modified":"2009-02-26T14:36:07","modified_gmt":"2009-02-26T13:36:07","slug":"el-movimiento-calvinista","status":"publish","type":"page","link":"https:\/\/blogs.ua.es\/calvino\/el-movimiento-calvinista\/","title":{"rendered":"El movimiento calvinista"},"content":{"rendered":"<p>Era mas fuerte que el luterismo Se simplific\u00f3 la celebraci\u00f3n religiosa cat\u00f3lica, que utilizaba m\u00fasica, vitrales con im\u00e1genes de episodios b\u00edblicos, de ap\u00f3stoles y de santos. Se apag\u00f3 el sonido de las campanas, se retiraron los instrumentos musicales, el arte religioso y todo ornato. El culto se redujo a la oraci\u00f3n y a la recitaci\u00f3n de salmos, y en templos extremadamente austeros tambi\u00e9n fueron eliminados los altares. La lucha por imponer todas estas innovaciones se prolong\u00f3 hasta con persecuciones, destierros y ejecuciones. Despu\u00e9s de la muerte de Lutero, el propio Calvino se esforz\u00f3 hasta el final de su vida por hacer proselitismo, extendiendo su influencia religiosa, especialmente hacia Francia. Muerto Zuinglio en 1531, Calvino se hab\u00eda erigido en el principal dirigente del protestantismo europeo, capaz de hacer frente a la Contrarreforma cat\u00f3lica-romana. El calvinismo super\u00f3 pronto en influencia al luteranismo (limitado al norte de Alemania y los pa\u00edses escandinavos): calvinista fue el protestantismo dominante en Suiza y en Holanda, as\u00ed como el de los hugonotes franceses, los presbiterianos escoceses o los puritanos ingleses (que despu\u00e9s emigraron a Norteam\u00e9rica), y otras comunidades importantes de tendencia calvinista surgieron en pa\u00edses como Hungr\u00eda, Polonia y Alemania.<\/p>\n<p>Calvino se opuso siempre a la fusi\u00f3n de las iglesias reformadas inspiradas por \u00e9l con las de inspiraci\u00f3n luterana, alegando irreductibles diferencias teol\u00f3gicas, singularmente la de la predestinaci\u00f3n: seg\u00fan Calvino, citando a San Pablo (cf. Efesios 1:11; Romanos 8:29-30, etc.), Dios conoce de antemano y llama a qui\u00e9nes se salvar\u00e1n, por la predicaci\u00f3n del Evangelio; pues mediante la gracia irresistible, \u00e9stos son atra\u00eddos a \u00e9l, y las buenas obras no constituyen ning\u00fan m\u00e9rito ante Dios para salvarse, sino una conducta tambi\u00e9n prevista por el Creador.<\/p>\n<p>Otras peculiaridades de su doctrina, como la de admitir el pr\u00e9stamo con inter\u00e9s (en contraste con los romanistas y con los luteranos), han permitido que desde Max Weber algunos historiadores y soci\u00f3logos vieran en la \u00e9tica calvinista el \u00abcaldo de cultivo\u00bb m\u00e1s propicio para el desarrollo de la moderna econom\u00eda capitalista<\/p>\n","protected":false},"excerpt":{"rendered":"<p>Era mas fuerte que el luterismo Se simplific\u00f3 la celebraci\u00f3n religiosa cat\u00f3lica, que utilizaba m\u00fasica, vitrales con im\u00e1genes de episodios b\u00edblicos, de ap\u00f3stoles y de santos. Se apag\u00f3 el sonido de las campanas, se retiraron los instrumentos musicales, el arte religioso y todo ornato. El culto se redujo a la oraci\u00f3n y a la recitaci\u00f3n [&hellip;]<\/p>\n","protected":false},"author":1148,"featured_media":0,"parent":0,"menu_order":0,"comment_status":"open","ping_status":"open","template":"","meta":{"footnotes":""},"class_list":["post-29","page","type-page","status-publish","hentry"],"_links":{"self":[{"href":"https:\/\/blogs.ua.es\/calvino\/wp-json\/wp\/v2\/pages\/29","targetHints":{"allow":["GET"]}}],"collection":[{"href":"https:\/\/blogs.ua.es\/calvino\/wp-json\/wp\/v2\/pages"}],"about":[{"href":"https:\/\/blogs.ua.es\/calvino\/wp-json\/wp\/v2\/types\/page"}],"author":[{"embeddable":true,"href":"https:\/\/blogs.ua.es\/calvino\/wp-json\/wp\/v2\/users\/1148"}],"replies":[{"embeddable":true,"href":"https:\/\/blogs.ua.es\/calvino\/wp-json\/wp\/v2\/comments?post=29"}],"version-history":[{"count":1,"href":"https:\/\/blogs.ua.es\/calvino\/wp-json\/wp\/v2\/pages\/29\/revisions"}],"predecessor-version":[{"id":30,"href":"https:\/\/blogs.ua.es\/calvino\/wp-json\/wp\/v2\/pages\/29\/revisions\/30"}],"wp:attachment":[{"href":"https:\/\/blogs.ua.es\/calvino\/wp-json\/wp\/v2\/media?parent=29"}],"curies":[{"name":"wp","href":"https:\/\/api.w.org\/{rel}","templated":true}]}}