{"id":31,"date":"2009-02-26T14:46:01","date_gmt":"2009-02-26T13:46:01","guid":{"rendered":"https:\/\/blogs.ua.es\/calvino\/el-testamento-que-dejo-calvino\/"},"modified":"2009-02-26T14:46:01","modified_gmt":"2009-02-26T13:46:01","slug":"el-testamento-que-dejo-calvino","status":"publish","type":"page","link":"https:\/\/blogs.ua.es\/calvino\/el-testamento-que-dejo-calvino\/","title":{"rendered":"El Testamento que dejo Calvino"},"content":{"rendered":"<p>Ante la proximidad de su muerte, Calvino redact\u00f3 su testamento, diciendo: \u00abDoy testimonio de que vivo y me propongo morir en esta fe que Dios me ha dado por medio de Su Evangelio, y que no dependo de nada m\u00e1s para la salvaci\u00f3n que la libre elecci\u00f3n que \u00c9l ha hecho de m\u00ed. De todo coraz\u00f3n abrazo Su misericordia, por medio de la cual todos mis pecados quedan cubiertos, por causa de Cristo, y por causa de Su muerte y padecimientos. Seg\u00fan la medida de la gracia que me ha sido dada, he ense\u00f1ado esta Palabra pura y sencilla, mediante sermones, acciones y exposiciones de esta Escritura. En todas mis batallas con los enemigos de la verdad no he empleado sofismas, sino que he luchado la buena batalla de manera frontal y directa.\u00bb<\/p>\n<p>Calvino mantuvo su salario de cien coronas y rehus\u00f3 aceptar m\u00e1s. Despu\u00e9s de vivir 55 a\u00f1os, s\u00f3lo dej\u00f3 300 coronas a sus herederos, incluyendo el valor de su biblioteca, que se vendi\u00f3 a gran precio. Cuando Calvino abandon\u00f3 Estrasburgo para volverse a Ginebra, quisieron darle los privilegios de ciudadano libre de su ciudad y el salario de un prebendado, que le hab\u00eda sido asignado. Acept\u00f3 lo primero, pero rehus\u00f3 rotundamente lo segundo. Llev\u00f3 consigo a uno de sus hermanos a Ginebra, pero jam\u00e1s se esforz\u00f3 por que se le diera un puesto honor\u00edfico, como hubiera hecho cualquiera que poseyera su posici\u00f3n. Desde luego, se cuid\u00f3 de la honra de la familia de su hermano, consigui\u00e9ndole la libertad de una mujer ad\u00faltera y licencia para que pudiera volverse a casar. Pero incluso sus enemigos cuentan que le hizo aprender el oficio de encuadernador de libros, en lo que trabaj\u00f3 luego toda su vida.<\/p>\n<p>Dispuso que su lugar en Ginebra fuera ocupado por Teodoro de Beza, su m\u00e1s fiel seguidor y quien se destac\u00f3 contra Castali\u00f3n<\/p>\n","protected":false},"excerpt":{"rendered":"<p>Ante la proximidad de su muerte, Calvino redact\u00f3 su testamento, diciendo: \u00abDoy testimonio de que vivo y me propongo morir en esta fe que Dios me ha dado por medio de Su Evangelio, y que no dependo de nada m\u00e1s para la salvaci\u00f3n que la libre elecci\u00f3n que \u00c9l ha hecho de m\u00ed. De todo [&hellip;]<\/p>\n","protected":false},"author":1148,"featured_media":0,"parent":0,"menu_order":0,"comment_status":"open","ping_status":"open","template":"","meta":{"footnotes":""},"class_list":["post-31","page","type-page","status-publish","hentry"],"_links":{"self":[{"href":"https:\/\/blogs.ua.es\/calvino\/wp-json\/wp\/v2\/pages\/31","targetHints":{"allow":["GET"]}}],"collection":[{"href":"https:\/\/blogs.ua.es\/calvino\/wp-json\/wp\/v2\/pages"}],"about":[{"href":"https:\/\/blogs.ua.es\/calvino\/wp-json\/wp\/v2\/types\/page"}],"author":[{"embeddable":true,"href":"https:\/\/blogs.ua.es\/calvino\/wp-json\/wp\/v2\/users\/1148"}],"replies":[{"embeddable":true,"href":"https:\/\/blogs.ua.es\/calvino\/wp-json\/wp\/v2\/comments?post=31"}],"version-history":[{"count":0,"href":"https:\/\/blogs.ua.es\/calvino\/wp-json\/wp\/v2\/pages\/31\/revisions"}],"wp:attachment":[{"href":"https:\/\/blogs.ua.es\/calvino\/wp-json\/wp\/v2\/media?parent=31"}],"curies":[{"name":"wp","href":"https:\/\/api.w.org\/{rel}","templated":true}]}}