{"id":44,"date":"2009-03-05T14:53:56","date_gmt":"2009-03-05T13:53:56","guid":{"rendered":"https:\/\/blogs.ua.es\/calvino\/?page_id=44"},"modified":"2009-03-05T14:53:56","modified_gmt":"2009-03-05T13:53:56","slug":"los-libros-de-la-institucion","status":"publish","type":"page","link":"https:\/\/blogs.ua.es\/calvino\/los-libros-de-la-institucion\/","title":{"rendered":"Los libros de la Institucion"},"content":{"rendered":"<p><span lang=\"ES\">En el primer libro, Calvino aborda el tema del conocimiento de Dios en cuanto es creador y supremo gobernador de todo el mundo. El primer cap\u00edtulo trata de explicar c\u00f3mo el conocimiento de Dios y el de nosotros se relacionan entre s\u00ed.<\/span><\/p>\n<p><span lang=\"ES\"><\/p>\n<p class=\"MsoNormal\" style=\"text-align: justify\"><span lang=\"ES\">El segundo libro trata del conocimiento de Dios como redentor en Cristo, conocimiento que primeramente fue manifestado a los patriarcas bajo la ley, y despu\u00e9s a nosotros en el evangelio. En su primer cap\u00edtulo, se dice que todo el g\u00e9nero humano est\u00e1 sujeto a la maldici\u00f3n por la ca\u00edda y culpa de Ad\u00e1n, y ha degenerado de su origen. Habla sobre el pecado original. Inicialmente explica, que para responder a vuestra vocaci\u00f3n con humildad, es necesario conocernos tal cual somos.<\/span><\/p>\n<p><span lang=\"ES\"><\/p>\n<p class=\"MsoNormal\" style=\"text-align: justify\"><span lang=\"ES\">El tercer libro trata de la manera de participar de la gracia de Jesucristo, frutos que se obtienen de ello y efectos que se siguen. Resulta interesante el segundo cap\u00edtulo, donde se define la fe, y se expone sus propiedades. Calvino entiende que el fin \u00fanico de toda fe verdadera es Jesucristo.<\/span><\/p>\n<p><\/span><\/p>\n<p class=\"MsoNormal\" style=\"text-align: justify\"><span lang=\"ES\">\u00a0<\/span><\/p>\n<p><\/span><\/p>\n<p><span lang=\"ES\"><\/p>\n<p class=\"MsoNormal\" style=\"text-align: justify\"><span lang=\"ES\">Para finalizar, el cuarto libro trata de los medios externos o ayudas de que Dios se sirve para llamarnos a la compa\u00f1\u00eda de su Hijo, Jesucristo, y para mantenernos en ella. El primer cap\u00edtulo habla de la verdadera Iglesia, a la cual debemos estar unidos por ser ella la madre de todos los fieles. En cuanto a la comuni\u00f3n de los santos, Calvino declara: <span lang=\"ES\"><em>La comuni\u00f3n de que aqu\u00ed se trata debemos entenderla como la describe San Lucas: &#8220;La multitud de los que hab\u00edan cre\u00eddo era de un coraz\u00f3n y un alma\u00a8<\/em><\/span><\/span><\/p>\n<p><\/span><\/p>\n<p class=\"MsoNormal\" style=\"margin-left: 0.5in;text-align: justify\"><span lang=\"ES\">\u00a0<\/span><\/p>\n","protected":false},"excerpt":{"rendered":"<p>En el primer libro, Calvino aborda el tema del conocimiento de Dios en cuanto es creador y supremo gobernador de todo el mundo. El primer cap\u00edtulo trata de explicar c\u00f3mo el conocimiento de Dios y el de nosotros se relacionan entre s\u00ed. El segundo libro trata del conocimiento de Dios como redentor en Cristo, conocimiento [&hellip;]<\/p>\n","protected":false},"author":1148,"featured_media":0,"parent":0,"menu_order":0,"comment_status":"open","ping_status":"open","template":"","meta":{"footnotes":""},"class_list":["post-44","page","type-page","status-publish","hentry"],"_links":{"self":[{"href":"https:\/\/blogs.ua.es\/calvino\/wp-json\/wp\/v2\/pages\/44","targetHints":{"allow":["GET"]}}],"collection":[{"href":"https:\/\/blogs.ua.es\/calvino\/wp-json\/wp\/v2\/pages"}],"about":[{"href":"https:\/\/blogs.ua.es\/calvino\/wp-json\/wp\/v2\/types\/page"}],"author":[{"embeddable":true,"href":"https:\/\/blogs.ua.es\/calvino\/wp-json\/wp\/v2\/users\/1148"}],"replies":[{"embeddable":true,"href":"https:\/\/blogs.ua.es\/calvino\/wp-json\/wp\/v2\/comments?post=44"}],"version-history":[{"count":1,"href":"https:\/\/blogs.ua.es\/calvino\/wp-json\/wp\/v2\/pages\/44\/revisions"}],"predecessor-version":[{"id":45,"href":"https:\/\/blogs.ua.es\/calvino\/wp-json\/wp\/v2\/pages\/44\/revisions\/45"}],"wp:attachment":[{"href":"https:\/\/blogs.ua.es\/calvino\/wp-json\/wp\/v2\/media?parent=44"}],"curies":[{"name":"wp","href":"https:\/\/api.w.org\/{rel}","templated":true}]}}