{"id":5,"date":"2009-02-05T15:06:12","date_gmt":"2009-02-05T14:06:12","guid":{"rendered":"https:\/\/blogs.ua.es\/calvino\/?page_id=5"},"modified":"2009-02-26T14:54:19","modified_gmt":"2009-02-26T13:54:19","slug":"biografia","status":"publish","type":"page","link":"https:\/\/blogs.ua.es\/calvino\/biografia\/","title":{"rendered":"Biografia"},"content":{"rendered":"<p>Juan Calvino, nacido como Jean Cauvin en Noyon el 10 de Julio de 1509, en Picard\u00eda, Francia, era hijo de G\u00e9rard Cauvin y Jeanne Lefranc. Fue excelente en sus estudios y profundamente religioso desde su juventud.<\/p>\n<p>Sus primeros estudios estuvieron destinados a la carrera eclesi\u00e1stica. As\u00ed es que recibi\u00f3 formaci\u00f3n inicial en el College de la Marche y en el College de Montaigne. El padre de Calvino era abogado y en 1523 env\u00eda a su hijo, que por entonces ten\u00eda 14 a\u00f1os, a la Universidad de Par\u00eds a estudiar humanidades y leyes. A instancias de su padre que pretend\u00eda que Juan Calvino siguiera el camino de las leyes, se enrol\u00f3 en las universidades de Orle\u00e1ns y Bourgues. En 1532, se doctora en leyes en Orl\u00e9ans. Durante su paso por los claustros universitarios tom\u00f3 contacto con las ideas humanistas y reformadas. En abril de 1532, cuando Calvino contaba con 22 a\u00f1os de edad, public\u00f3 un comentario sobre el <em>De Clementia<\/em> de S\u00e9neca, trabajo que puso en evidencia sus dotes como pensador. No est\u00e1 claro, del todo, cu\u00e1ndo Calvino se convierte al protestantismo.<\/p>\n","protected":false},"excerpt":{"rendered":"<p>Juan Calvino, nacido como Jean Cauvin en Noyon el 10 de Julio de 1509, en Picard\u00eda, Francia, era hijo de G\u00e9rard Cauvin y Jeanne Lefranc. Fue excelente en sus estudios y profundamente religioso desde su juventud. Sus primeros estudios estuvieron destinados a la carrera eclesi\u00e1stica. As\u00ed es que recibi\u00f3 formaci\u00f3n inicial en el College de [&hellip;]<\/p>\n","protected":false},"author":1148,"featured_media":0,"parent":0,"menu_order":0,"comment_status":"open","ping_status":"open","template":"","meta":{"footnotes":""},"class_list":["post-5","page","type-page","status-publish","hentry"],"_links":{"self":[{"href":"https:\/\/blogs.ua.es\/calvino\/wp-json\/wp\/v2\/pages\/5","targetHints":{"allow":["GET"]}}],"collection":[{"href":"https:\/\/blogs.ua.es\/calvino\/wp-json\/wp\/v2\/pages"}],"about":[{"href":"https:\/\/blogs.ua.es\/calvino\/wp-json\/wp\/v2\/types\/page"}],"author":[{"embeddable":true,"href":"https:\/\/blogs.ua.es\/calvino\/wp-json\/wp\/v2\/users\/1148"}],"replies":[{"embeddable":true,"href":"https:\/\/blogs.ua.es\/calvino\/wp-json\/wp\/v2\/comments?post=5"}],"version-history":[{"count":3,"href":"https:\/\/blogs.ua.es\/calvino\/wp-json\/wp\/v2\/pages\/5\/revisions"}],"predecessor-version":[{"id":32,"href":"https:\/\/blogs.ua.es\/calvino\/wp-json\/wp\/v2\/pages\/5\/revisions\/32"}],"wp:attachment":[{"href":"https:\/\/blogs.ua.es\/calvino\/wp-json\/wp\/v2\/media?parent=5"}],"curies":[{"name":"wp","href":"https:\/\/api.w.org\/{rel}","templated":true}]}}