{"id":53,"date":"2009-03-05T15:49:23","date_gmt":"2009-03-05T14:49:23","guid":{"rendered":"https:\/\/blogs.ua.es\/calvino\/?page_id=53"},"modified":"2009-03-05T15:49:23","modified_gmt":"2009-03-05T14:49:23","slug":"calvino-el-reformador-de-ginebra","status":"publish","type":"page","link":"https:\/\/blogs.ua.es\/calvino\/calvino-el-reformador-de-ginebra\/","title":{"rendered":"Calvino el reformador de Ginebra"},"content":{"rendered":"<p class=\"MsoNormal\" style=\"text-align: justify\"><span lang=\"ES\">Calvino se consideraba a s\u00ed mismo m\u00e1s bien como erudito, y anhelaba dedicarse al estudio y la escritura. Pero jam\u00e1s pens\u00f3 que su visi\u00f3n ministerial ser\u00eda transformada a tal punto, de llegar a ser el personaje dominante de la ciudad de Ginebra, y uno de los principales h\u00e9roes de la Reforma.<\/span><\/p>\n<p class=\"MsoNormal\" style=\"text-align: justify\"><span lang=\"ES\">Mientras los pueblos y pa\u00edses vecinos se encontraban envueltos en guerras y revoluciones, la ciudad de Ginebra avanzaba firmemente a su posici\u00f3n de ciudad de la Reforma en el mundo. Gracias al fr\u00e1gil hombre, quien sufr\u00eda de frecuentes enfermedades, Ginebra era el cuartel general de la fe protestante para todo el mundo de su \u00e9poca.<\/span><\/p>\n<p class=\"MsoNormal\" style=\"text-align: justify\"><span lang=\"ES\">\u00a0<\/span><\/p>\n<p class=\"MsoNormal\" style=\"text-align: justify\"><span lang=\"ES\">Las leyes eran estrictas en la ciudad de la Reforma, la cual pas\u00f3 de la maldad extrema a la m\u00e1s evidente piedad. Hab\u00eda leyes, tanto para proteger al pueblo como para castigarlo. La influencia de Calvino logr\u00f3 que se promulgaran leyes de sanidad y seguridad p\u00fablica, algunas de las cuales fueron las primeras en Europa.<\/span><\/p>\n<p class=\"MsoNormal\" style=\"text-align: justify\"><span lang=\"ES\">\u00a0<\/span><\/p>\n<p class=\"MsoNormal\" style=\"text-align: justify\"><span lang=\"ES\">No se permit\u00eda arrojar basura ni desperdicios en las calles. Los balcones ten\u00edan que tener barandas para evitar que se cayera alg\u00fan ni\u00f1o. No se pod\u00edan alquilar habitaciones sin permiso de las autoridades. Se exig\u00eda a los comerciantes hacer negocios honestos y no cobrar un precio excesivo por sus productos. En Ginebra no pod\u00eda alistarse a nadie para servir por dinero a otro rey o pa\u00eds. Cuando era \u00e9poca de elecciones, el predicador de la catedral de San Pedro, predicaba excelentes sermones acerca del deber de los ciudadanos en la elecci\u00f3n de hombres santos, y del deber de las autoridades electas de gobernar seg\u00fan la ley de Dios y para \u00e9l.<\/span><\/p>\n<p class=\"MsoNormal\" style=\"text-align: justify\"><span lang=\"ES\">\u00a0<\/span><\/p>\n<p class=\"MsoNormal\" style=\"text-align: justify\"><span lang=\"ES\">Todo esto se logr\u00f3 gracias a la obra reformadora de Calvino, quien quer\u00eda hacer de la ciudad de Ginebra el modelo de una perfecta comunidad cristiana. Calvino coron\u00f3 su obra en Ginebra con la fundaci\u00f3n de la &#8220;Academia ginebrina,&#8221; o como lleg\u00f3 a conocerse, la Universidad de Ginebra, de la cual abundaremos un poco m\u00e1s en la pr\u00f3xima secci\u00f3n. Pero su influencia se extend\u00eda m\u00e1s all\u00e1 de Ginebra. Con el Salterio de Ginebra, publicado en 1562, se dio al mundo cristiano un nuevo tesoro.<\/span><\/p>\n<p><span lang=\"ES\"><\/p>\n<p class=\"MsoNormal\" style=\"text-align: justify\"><span lang=\"ES\">Por \u00faltimo, bajo la direcci\u00f3n de Calvino, la iglesia de Ginebra conoci\u00f3 la paz y el progreso. El n\u00famero de pastores alcanz\u00f3 los dieciocho, y el consistorio tuvo verdadero poder sobre todos los asuntos de la iglesia, incluso el de la excomuni\u00f3n.<\/span><\/p>\n<p class=\"MsoNormal\" style=\"text-align: justify\"><span lang=\"ES\">\u00a0<\/span><\/p>\n<p><\/span><\/p>\n<p class=\"MsoNormal\" style=\"text-align: justify\">\u00a0<\/p>\n<p class=\"MsoNormal\" style=\"text-align: justify\"><span lang=\"ES\">\u00a0<\/span><\/p>\n","protected":false},"excerpt":{"rendered":"<p>Calvino se consideraba a s\u00ed mismo m\u00e1s bien como erudito, y anhelaba dedicarse al estudio y la escritura. Pero jam\u00e1s pens\u00f3 que su visi\u00f3n ministerial ser\u00eda transformada a tal punto, de llegar a ser el personaje dominante de la ciudad de Ginebra, y uno de los principales h\u00e9roes de la Reforma. Mientras los pueblos y [&hellip;]<\/p>\n","protected":false},"author":1148,"featured_media":0,"parent":0,"menu_order":0,"comment_status":"open","ping_status":"open","template":"","meta":{"footnotes":""},"class_list":["post-53","page","type-page","status-publish","hentry"],"_links":{"self":[{"href":"https:\/\/blogs.ua.es\/calvino\/wp-json\/wp\/v2\/pages\/53","targetHints":{"allow":["GET"]}}],"collection":[{"href":"https:\/\/blogs.ua.es\/calvino\/wp-json\/wp\/v2\/pages"}],"about":[{"href":"https:\/\/blogs.ua.es\/calvino\/wp-json\/wp\/v2\/types\/page"}],"author":[{"embeddable":true,"href":"https:\/\/blogs.ua.es\/calvino\/wp-json\/wp\/v2\/users\/1148"}],"replies":[{"embeddable":true,"href":"https:\/\/blogs.ua.es\/calvino\/wp-json\/wp\/v2\/comments?post=53"}],"version-history":[{"count":1,"href":"https:\/\/blogs.ua.es\/calvino\/wp-json\/wp\/v2\/pages\/53\/revisions"}],"predecessor-version":[{"id":54,"href":"https:\/\/blogs.ua.es\/calvino\/wp-json\/wp\/v2\/pages\/53\/revisions\/54"}],"wp:attachment":[{"href":"https:\/\/blogs.ua.es\/calvino\/wp-json\/wp\/v2\/media?parent=53"}],"curies":[{"name":"wp","href":"https:\/\/api.w.org\/{rel}","templated":true}]}}