{"id":58,"date":"2009-03-26T15:16:41","date_gmt":"2009-03-26T14:16:41","guid":{"rendered":"https:\/\/blogs.ua.es\/calvino\/?page_id=58"},"modified":"2009-03-26T15:32:23","modified_gmt":"2009-03-26T14:32:23","slug":"comentario-de-tomas-moro","status":"publish","type":"page","link":"https:\/\/blogs.ua.es\/calvino\/comentario-de-tomas-moro\/","title":{"rendered":"Comentario de Tomas Moro"},"content":{"rendered":"<div style=\"padding: 4px\">\u00a0La pel\u00edcula de Tomas Moro\u00a0me gusta el tema. Me ha\u00a0gustado saber la historia de este \u00a0hombre.\u00a0Tuvo un gran valor por\u00a0su valent\u00eda ante la corrupci\u00f3n del rey, su amor, bondad y f\u00e9. Fue el inventor de la palabra utop\u00eda. Se cas\u00f3 dos veces y tuvo tres hijas y un hijo.<\/div>\n<div style=\"padding: 4px\">Hasta sus \u00faltimos instantes\u00a0tuvo una gran alegria, confiando plenamente en el Dios misericordioso que le recibir\u00eda bien cuando le llegue\u00a0 la muerte. Mientras sub\u00eda\u00a0arriba para que lo mataran\u00a0le dijo al verdugo que si le pod\u00eda ayudar a subir porque para bajar ya sabr\u00eda el solo. Luego, al arrodillarse dijo: F\u00edjese que mi barba ha crecido en la c\u00e1rcel; es decir, ella no ha sido desobediente al rey, por lo tanto no hay por qu\u00e9 cortarla. Perm\u00edtame que la aparte. Finalmente, dirigi\u00e9ndose a todos\u00a0los\u00a0demas dijo que mor\u00eda siendo el buen siervo del Rey pero primero de Dios.<br \/>\nOtros dirigentes europeos como el Papa o el rey Carlos I de Espa\u00f1a y V de Alemania, quien ve\u00eda en \u00e9l al mejor pensador del momento, presionaron para que se le perdonara la vida, y que le quitaran el castigo de\u00a0 cadena perpetua o destierro, pero no sirvi\u00f3 de nada y fue decapitado una semana despu\u00e9s, el 6 de julio de 1535. Merece la pena ver la pel\u00edcula para conocer un poco a este hombre que a pesar de su muerte aun queria que se cumplieran las leyes.<\/div>\n","protected":false},"excerpt":{"rendered":"<p>\u00a0La pel\u00edcula de Tomas Moro\u00a0me gusta el tema. Me ha\u00a0gustado saber la historia de este \u00a0hombre.\u00a0Tuvo un gran valor por\u00a0su valent\u00eda ante la corrupci\u00f3n del rey, su amor, bondad y f\u00e9. Fue el inventor de la palabra utop\u00eda. Se cas\u00f3 dos veces y tuvo tres hijas y un hijo. Hasta sus \u00faltimos instantes\u00a0tuvo una gran [&hellip;]<\/p>\n","protected":false},"author":1148,"featured_media":0,"parent":0,"menu_order":0,"comment_status":"open","ping_status":"open","template":"","meta":{"footnotes":""},"class_list":["post-58","page","type-page","status-publish","hentry"],"_links":{"self":[{"href":"https:\/\/blogs.ua.es\/calvino\/wp-json\/wp\/v2\/pages\/58","targetHints":{"allow":["GET"]}}],"collection":[{"href":"https:\/\/blogs.ua.es\/calvino\/wp-json\/wp\/v2\/pages"}],"about":[{"href":"https:\/\/blogs.ua.es\/calvino\/wp-json\/wp\/v2\/types\/page"}],"author":[{"embeddable":true,"href":"https:\/\/blogs.ua.es\/calvino\/wp-json\/wp\/v2\/users\/1148"}],"replies":[{"embeddable":true,"href":"https:\/\/blogs.ua.es\/calvino\/wp-json\/wp\/v2\/comments?post=58"}],"version-history":[{"count":2,"href":"https:\/\/blogs.ua.es\/calvino\/wp-json\/wp\/v2\/pages\/58\/revisions"}],"predecessor-version":[{"id":60,"href":"https:\/\/blogs.ua.es\/calvino\/wp-json\/wp\/v2\/pages\/58\/revisions\/60"}],"wp:attachment":[{"href":"https:\/\/blogs.ua.es\/calvino\/wp-json\/wp\/v2\/media?parent=58"}],"curies":[{"name":"wp","href":"https:\/\/api.w.org\/{rel}","templated":true}]}}