{"id":100,"date":"2014-01-26T16:56:30","date_gmt":"2014-01-26T15:56:30","guid":{"rendered":"https:\/\/blogs.ua.es\/campusaccesiblecampusigualitario\/?page_id=100"},"modified":"2014-02-06T01:30:00","modified_gmt":"2014-02-06T00:30:00","slug":"que-es-campus-accesible-campus-igualitario","status":"publish","type":"page","link":"https:\/\/blogs.ua.es\/campusaccesiblecampusigualitario\/que-es-campus-accesible-campus-igualitario\/","title":{"rendered":"\u00bfQu\u00e9 es CAMPUS ACCESIBLE CAMPUS IGUALITARIO?"},"content":{"rendered":"<p><img loading=\"lazy\" decoding=\"async\" class=\"aligncenter size-full wp-image-218\" alt=\"3\" src=\"https:\/\/blogs.ua.es\/campusaccesiblecampusigualitario\/files\/2014\/01\/3.jpg\" width=\"1500\" height=\"1026\" srcset=\"https:\/\/blogs.ua.es\/campusaccesiblecampusigualitario\/files\/2014\/01\/3.jpg 1500w, https:\/\/blogs.ua.es\/campusaccesiblecampusigualitario\/files\/2014\/01\/3-300x205.jpg 300w, https:\/\/blogs.ua.es\/campusaccesiblecampusigualitario\/files\/2014\/01\/3-1024x700.jpg 1024w\" sizes=\"auto, (max-width: 1500px) 100vw, 1500px\" \/><\/p>\n<p>&nbsp;<\/p>\n<p>&nbsp;<\/p>\n<p><b><span style=\"color: #d26e19\">CAMPUS ACCESIBLE CAMPUS IGUALITARIO<\/span> <\/b> es un nuevo proyecto de la Universidad de Alicante puesto en marcha en noviembre de 2013 por el Secretariado de Desarrollo de Campus del Vicerrectorado de Campus y Sostenibilidad con el prop\u00f3sito de aunar esfuerzos para potenciar un Campus m\u00e1s c\u00f3modo e integrador, teniendo como principio la perspectiva del espacio urbano y arquitect\u00f3nico pensado para todas las personas independientemente de su situaci\u00f3n o condici\u00f3n. La Universidad de Alicante, cuenta desde el a\u00f1o 1997 con un servicio de apoyos asistenciales, que se asienta en el curso 1998-1999 con el Centro de Apoyo al Estudiante, formado por un equipo multidisciplinar cuya misi\u00f3n es ofrecer una atenci\u00f3n espec\u00edfica a los y las estudiantes de la Universidad de Alicante con el fin de garantizar su plena participaci\u00f3n universitaria, siguiendo los principios de igualdad de oportunidades y accesibilidad universal. En 2007 se establece la Oficina EcoCampus de Gesti\u00f3n Ambiental, encargada de promover la participaci\u00f3n de la comunidad universitaria en la elaboraci\u00f3n de propuestas y soluciones, en materia de defensa y mejora del medio ambiente. Y el Consejo de Gobierno, acord\u00f3 en enero de 2008, la creaci\u00f3n de la Unidad de Igualdad de la Universidad de Alicante, para la promoci\u00f3n y desarrollo de las pol\u00edticas de igualdad entre mujeres y hombres en el \u00e1mbito educativo universitario.<\/p>\n<p>&nbsp;<\/p>\n<p><a href=\"http:\/\/uayuda.ua.es\/\"><img loading=\"lazy\" decoding=\"async\" class=\"alignnone size-medium wp-image-122\" style=\"font-size: 12px;line-height: 18px\" alt=\"logouayuda\" src=\"https:\/\/blogs.ua.es\/campusaccesiblecampusigualitario\/files\/2014\/01\/logouayuda-300x57.gif\" width=\"300\" height=\"57\" \/><\/a><\/p>\n<p><a href=\"http:\/\/web.ua.es\/es\/ecocampus\/\"><img loading=\"lazy\" decoding=\"async\" class=\"alignnone size-medium wp-image-120\" alt=\"ECOCAMPUS\" src=\"https:\/\/blogs.ua.es\/campusaccesiblecampusigualitario\/files\/2014\/01\/ECOCAMPUS-300x83.gif\" width=\"300\" height=\"83\" \/><\/a><\/p>\n<p><a href=\"http:\/\/web.ua.es\/es\/unidad-igualdad\/\"><img loading=\"lazy\" decoding=\"async\" class=\"alignnone size-medium wp-image-121\" alt=\"IGUALDAD\" src=\"https:\/\/blogs.ua.es\/campusaccesiblecampusigualitario\/files\/2014\/01\/IGUALDAD-300x83.gif\" width=\"300\" height=\"83\" \/><\/a><\/p>\n<p>&nbsp;<\/p>\n<p><a href=\"https:\/\/blogs.ua.es\/campusaccesiblecampusigualitario\/files\/2014\/01\/cropped-cabecera.png\"><img loading=\"lazy\" decoding=\"async\" class=\"alignnone size-medium wp-image-99\" alt=\"cropped-cabecera.png\" src=\"https:\/\/blogs.ua.es\/campusaccesiblecampusigualitario\/files\/2014\/01\/cropped-cabecera-300x90.png\" width=\"300\" height=\"90\" srcset=\"https:\/\/blogs.ua.es\/campusaccesiblecampusigualitario\/files\/2014\/01\/cropped-cabecera-300x90.png 300w, https:\/\/blogs.ua.es\/campusaccesiblecampusigualitario\/files\/2014\/01\/cropped-cabecera.png 940w\" sizes=\"auto, (max-width: 300px) 100vw, 300px\" \/><\/a><\/p>\n<p>&nbsp;<\/p>\n","protected":false},"excerpt":{"rendered":"<p>&nbsp; &nbsp; CAMPUS ACCESIBLE CAMPUS IGUALITARIO es un nuevo proyecto de la Universidad de Alicante puesto en marcha en noviembre de 2013 por el Secretariado de Desarrollo de Campus del Vicerrectorado de Campus y Sostenibilidad con el prop\u00f3sito de aunar esfuerzos para potenciar un Campus m\u00e1s c\u00f3modo e integrador, teniendo como principio la perspectiva del [&hellip;]<\/p>\n","protected":false},"author":3465,"featured_media":0,"parent":0,"menu_order":0,"comment_status":"open","ping_status":"open","template":"","meta":{"footnotes":""},"class_list":["post-100","page","type-page","status-publish","hentry"],"_links":{"self":[{"href":"https:\/\/blogs.ua.es\/campusaccesiblecampusigualitario\/wp-json\/wp\/v2\/pages\/100","targetHints":{"allow":["GET"]}}],"collection":[{"href":"https:\/\/blogs.ua.es\/campusaccesiblecampusigualitario\/wp-json\/wp\/v2\/pages"}],"about":[{"href":"https:\/\/blogs.ua.es\/campusaccesiblecampusigualitario\/wp-json\/wp\/v2\/types\/page"}],"author":[{"embeddable":true,"href":"https:\/\/blogs.ua.es\/campusaccesiblecampusigualitario\/wp-json\/wp\/v2\/users\/3465"}],"replies":[{"embeddable":true,"href":"https:\/\/blogs.ua.es\/campusaccesiblecampusigualitario\/wp-json\/wp\/v2\/comments?post=100"}],"version-history":[{"count":9,"href":"https:\/\/blogs.ua.es\/campusaccesiblecampusigualitario\/wp-json\/wp\/v2\/pages\/100\/revisions"}],"predecessor-version":[{"id":424,"href":"https:\/\/blogs.ua.es\/campusaccesiblecampusigualitario\/wp-json\/wp\/v2\/pages\/100\/revisions\/424"}],"wp:attachment":[{"href":"https:\/\/blogs.ua.es\/campusaccesiblecampusigualitario\/wp-json\/wp\/v2\/media?parent=100"}],"curies":[{"name":"wp","href":"https:\/\/api.w.org\/{rel}","templated":true}]}}