{"id":195,"date":"2014-02-05T23:50:19","date_gmt":"2014-02-05T22:50:19","guid":{"rendered":"https:\/\/blogs.ua.es\/campusaccesiblecampusigualitario\/?page_id=195"},"modified":"2014-02-17T10:18:58","modified_gmt":"2014-02-17T09:18:58","slug":"unidad-de-igualdad","status":"publish","type":"page","link":"https:\/\/blogs.ua.es\/campusaccesiblecampusigualitario\/unidad-de-igualdad\/","title":{"rendered":"Unidad de IGUALDAD"},"content":{"rendered":"<p style=\"text-align: center\"><a href=\"http:\/\/web.ua.es\/es\/unidad-igualdad\/\"><img loading=\"lazy\" decoding=\"async\" class=\"aligncenter size-full wp-image-121\" alt=\"IGUALDAD\" src=\"https:\/\/blogs.ua.es\/campusaccesiblecampusigualitario\/files\/2014\/01\/IGUALDAD.gif\" width=\"430\" height=\"120\" \/><\/a><\/p>\n<p>La <a href=\"http:\/\/web.ua.es\/es\/unidad-igualdad\/\">Unidad de Igualdad de la Universidad de Alicante<\/a> promueve y desarrolla las pol\u00edticas de igualdad en el \u00e1mbito educativo universitario, aprobado en el Consejo de Gobierno de Enero de 2008, de acuerdo a la Ley Org\u00e1nica3\/2007 de 22 de marzo, para la igualdad efectiva de mujeres y hombres. Esta Ley en la disposici\u00f3n adicional duod\u00e9cima establece que \u201clas universidades contar\u00e1n entre sus estructuras de organizaci\u00f3n con unidades de igualdad para el desarrollo de las funciones relacionadas con el principio de igualdad entre mujeres y hombres\u201d.<\/p>\n<p>Las funciones de la Unidad de Igualdad consisten fundamentalmente en el seguimiento y cumplimiento del I Plan de Igualdad de Oportunidades entre Mujeres y Hombres de la Universidad de Alicante, aprobado en enero de 2010, con el objetivo de impulsar campa\u00f1as de sensibilizaci\u00f3n e informaci\u00f3n en materia de g\u00e9nero e igualdad de oportunidades, asesoramiento a la comunidad universitaria, promover la participaci\u00f3n universitaria en torno a la docencia e investigaci\u00f3n en igualdad y coordinar los trabajos de elaboraci\u00f3n, implementaci\u00f3n, seguimiento y evaluaci\u00f3n de los Planes de Igualdad de la Universidad. As\u00ed mismo, desde su inicio, es miembro del proyecto EQUALITY que agrupa a 23 instituciones de educaci\u00f3n superior de 18 pa\u00edses Latinoamericanos, fortaleciendo el liderazgo femenino en las Instituciones.<\/p>\n<p>Dentro de la Unidad, existe el <a href=\"https:\/\/blogs.ua.es\/observatorioigualdad\/\">Observatorio de la Igualdad<\/a>, que genera informes y estad\u00edsticas de la evoluci\u00f3n tanto de la Universidad de Alicante, como de Instituciones externas, que apoyan las Campa\u00f1as de sensibilizaci\u00f3n e informaci\u00f3n, como el declarado D\u00eda Internacional contra la Violencia de G\u00e9nero, celebrado el d\u00eda 25 de noviembre de cada a\u00f1o, y como la investigaci\u00f3n en la Red Universidad, Docencia, G\u00e9nero e Igualdad, de car\u00e1cter nacional. Por \u00faltimo el proyecto Universitarias l\u00edderes, que fomenta y promociona a las estudiante universitarias en titulaciones con un gran desequilibrio igualitario en el n\u00famero de mujeres y hombres, a trav\u00e9s de pr\u00e1cticas en empresas de la provincia de Alicante.<\/p>\n<p>Para el periodo de 2014-2016, este organismo cuenta con la aprobaci\u00f3n del<a href=\"http:\/\/web.ua.es\/es\/unidad-igualdad\/documentos\/ii-plan-de-igualdad-ua.pdf\"> II Plan de Igualdad de oportunidades entre mujeres y hombres de la Universidad de Alicante, PIUA<\/a>, que mantiene los siete ejes de actuaci\u00f3n del plan predecesor (visibilizaci\u00f3n y sensibilizaci\u00f3n, docencia, investigaci\u00f3n, acceso y promoci\u00f3n profesional del PDI y PAS, la representaci\u00f3n, trabajar y estudiar en la UA, la formaci\u00f3n), establece 16 objetivos y alrededor de 70 actividades, promoviendo la visibilizaci\u00f3n y sensibilizaci\u00f3n del compromiso contra la violencia de g\u00e9nero, la mayor integraci\u00f3n del alumnado en estas acciones y el desarrollo de una responsabilidad corporativa en materia de igualdad. Adem\u00e1s, el II PIUA tendr\u00e1 como eje estrat\u00e9gico de intervenci\u00f3n la actividad f\u00edsica y el deporte.<\/p>\n<p>Los objetivos de la direcci\u00f3n del <a href=\"http:\/\/web.ua.es\/es\/vr-campus\/infraestructuras-medioambiente\/\">Secretariado de Desarrollo de Campus<\/a> insertados en el II Plan de Igualdad de la Universidad de Alicante, son:<\/p>\n<p><img loading=\"lazy\" decoding=\"async\" class=\"aligncenter size-full wp-image-307\" alt=\"ii-plan-de-igualdad-ua-48\" src=\"https:\/\/blogs.ua.es\/campusaccesiblecampusigualitario\/files\/2014\/02\/ii-plan-de-igualdad-ua-48.jpg\" width=\"1000\" height=\"470\" srcset=\"https:\/\/blogs.ua.es\/campusaccesiblecampusigualitario\/files\/2014\/02\/ii-plan-de-igualdad-ua-48.jpg 1000w, https:\/\/blogs.ua.es\/campusaccesiblecampusigualitario\/files\/2014\/02\/ii-plan-de-igualdad-ua-48-300x141.jpg 300w\" sizes=\"auto, (max-width: 1000px) 100vw, 1000px\" \/> <img loading=\"lazy\" decoding=\"async\" class=\"aligncenter size-full wp-image-308\" alt=\"ii-plan-de-igualdad-ua-70\" src=\"https:\/\/blogs.ua.es\/campusaccesiblecampusigualitario\/files\/2014\/02\/ii-plan-de-igualdad-ua-70.jpg\" width=\"1000\" height=\"419\" srcset=\"https:\/\/blogs.ua.es\/campusaccesiblecampusigualitario\/files\/2014\/02\/ii-plan-de-igualdad-ua-70.jpg 1000w, https:\/\/blogs.ua.es\/campusaccesiblecampusigualitario\/files\/2014\/02\/ii-plan-de-igualdad-ua-70-300x125.jpg 300w\" sizes=\"auto, (max-width: 1000px) 100vw, 1000px\" \/><img loading=\"lazy\" decoding=\"async\" class=\"aligncenter size-full wp-image-306\" alt=\"ii-plan-de-igualdad-ua-32\" src=\"https:\/\/blogs.ua.es\/campusaccesiblecampusigualitario\/files\/2014\/02\/ii-plan-de-igualdad-ua-32.jpg\" width=\"1000\" height=\"506\" srcset=\"https:\/\/blogs.ua.es\/campusaccesiblecampusigualitario\/files\/2014\/02\/ii-plan-de-igualdad-ua-32.jpg 1000w, https:\/\/blogs.ua.es\/campusaccesiblecampusigualitario\/files\/2014\/02\/ii-plan-de-igualdad-ua-32-300x151.jpg 300w\" sizes=\"auto, (max-width: 1000px) 100vw, 1000px\" \/><\/p>\n","protected":false},"excerpt":{"rendered":"<p>La Unidad de Igualdad de la Universidad de Alicante promueve y desarrolla las pol\u00edticas de igualdad en el \u00e1mbito educativo universitario, aprobado en el Consejo de Gobierno de Enero de 2008, de acuerdo a la Ley Org\u00e1nica3\/2007 de 22 de marzo, para la igualdad efectiva de mujeres y hombres. Esta Ley en la disposici\u00f3n adicional [&hellip;]<\/p>\n","protected":false},"author":3465,"featured_media":0,"parent":0,"menu_order":0,"comment_status":"open","ping_status":"open","template":"","meta":{"footnotes":""},"class_list":["post-195","page","type-page","status-publish","hentry"],"_links":{"self":[{"href":"https:\/\/blogs.ua.es\/campusaccesiblecampusigualitario\/wp-json\/wp\/v2\/pages\/195","targetHints":{"allow":["GET"]}}],"collection":[{"href":"https:\/\/blogs.ua.es\/campusaccesiblecampusigualitario\/wp-json\/wp\/v2\/pages"}],"about":[{"href":"https:\/\/blogs.ua.es\/campusaccesiblecampusigualitario\/wp-json\/wp\/v2\/types\/page"}],"author":[{"embeddable":true,"href":"https:\/\/blogs.ua.es\/campusaccesiblecampusigualitario\/wp-json\/wp\/v2\/users\/3465"}],"replies":[{"embeddable":true,"href":"https:\/\/blogs.ua.es\/campusaccesiblecampusigualitario\/wp-json\/wp\/v2\/comments?post=195"}],"version-history":[{"count":6,"href":"https:\/\/blogs.ua.es\/campusaccesiblecampusigualitario\/wp-json\/wp\/v2\/pages\/195\/revisions"}],"predecessor-version":[{"id":310,"href":"https:\/\/blogs.ua.es\/campusaccesiblecampusigualitario\/wp-json\/wp\/v2\/pages\/195\/revisions\/310"}],"wp:attachment":[{"href":"https:\/\/blogs.ua.es\/campusaccesiblecampusigualitario\/wp-json\/wp\/v2\/media?parent=195"}],"curies":[{"name":"wp","href":"https:\/\/api.w.org\/{rel}","templated":true}]}}