{"id":197,"date":"2014-02-05T23:50:57","date_gmt":"2014-02-05T22:50:57","guid":{"rendered":"https:\/\/blogs.ua.es\/campusaccesiblecampusigualitario\/?page_id=197"},"modified":"2014-02-06T01:03:01","modified_gmt":"2014-02-06T00:03:01","slug":"eco-campus","status":"publish","type":"page","link":"https:\/\/blogs.ua.es\/campusaccesiblecampusigualitario\/eco-campus\/","title":{"rendered":"ECO-Campus"},"content":{"rendered":"<p style=\"text-align: center\"><a href=\"http:\/\/web.ua.es\/es\/ecocampus\/\"><img loading=\"lazy\" decoding=\"async\" class=\"aligncenter size-full wp-image-120\" alt=\"ECOCAMPUS\" src=\"https:\/\/blogs.ua.es\/campusaccesiblecampusigualitario\/files\/2014\/01\/ECOCAMPUS.gif\" width=\"430\" height=\"120\" \/><\/a><\/p>\n<p>La <a href=\"http:\/\/web.ua.es\/es\/ecocampus\/\">Oficina EcoCampus de Gesti\u00f3n Ambiental<\/a>, dependiente del Vicerrectorado de Sostenibilidad y Campus, se crea para promover la participaci\u00f3n de la Comunidad Universitaria (PDI, PAS y estudiantes) en la elaboraci\u00f3n de propuestas y soluciones, tanto en materia de defensa como en mejora del medio ambiente. Esta iniciativa, que surgi\u00f3 en un principio para tratar la gesti\u00f3n de residuos (vegetales, de laboratorios, de imprenta, etc), pronto se fue ampliando en materias de sostenibilidad ambiental, movilidad segura y responsable, eficiencia energ\u00e9tica en las instalaciones e infraestructuras, dinamizaci\u00f3n de proyectos relacionados con la sostenibilidad en el consumo de recursos naturales, y campa\u00f1as de sensibilizaci\u00f3n y promoci\u00f3n de la participaci\u00f3n de la comunidad educativa (Oficina Verde del Consejo de Alumnos, Comit\u00e9 de Seguridad y Salud, Servicios T\u00e9cnicos Universitarios, Sindicatos y Representantes de Centros). Todo ello amparado en el objetivo recogido en el t\u00edtulo preliminar Naturaleza, Principios y Fines de la Universidad de los Estatutos de la Universidad de Alicante (Art. 1. Punto 3 y Art. 2. Punto O).<\/p>\n<p>En el a\u00f1o 2007, la Universidad de Alicante adquiri\u00f3 su compromiso particular con el Desarrollo Sostenible gracias a la aprobaci\u00f3n del programa de la Agenda 21 que se fue ejecutando a lo largo de los siguientes 12 meses, con el objetivo de minimizar el impacto de la actividad diaria de nuestro campus. Cuenta con el proyecto <a href=\"https:\/\/blogs.ua.es\/agenda21\/ejes-especificos\/movilidad\/\">PLAN DE MOVILIDAD SOSTENIBLE DE LA UNIVERSIDAD DE ALICANTE<\/a> dentro del Plan Estrat\u00e9gico Sectorial de Medio Ambiente y Desarrollo Sostenible, que fomenta el uso compartido de veh\u00edculos privado \u201cAutocolega\u201d, la implantaci\u00f3n de los servicios de pr\u00e9stamo de bicicletas de los municipios de San Vicente del Raspeig y Alicante, las conexiones con municipios colindantes a trav\u00e9s de transporte p\u00fablico y ferroviario, y gestionar los recorridos de mercanc\u00edas en el interior de la Universidad de Alicante.<\/p>\n<p>Adem\u00e1s, ofrece asesoramiento a las Comisiones de Calidad Ambiental y Organismos de la Universidad de Alicante con respecto a la sostenibilidad. Tambi\u00e9n promueve y organiza cursos de formaci\u00f3n de la comunidad educativa e impulsa campa\u00f1as de sensibilizaci\u00f3n e informaci\u00f3n a toda la comunidad universitaria, recogiendo iniciativas en materia ambiental.<\/p>\n","protected":false},"excerpt":{"rendered":"<p>La Oficina EcoCampus de Gesti\u00f3n Ambiental, dependiente del Vicerrectorado de Sostenibilidad y Campus, se crea para promover la participaci\u00f3n de la Comunidad Universitaria (PDI, PAS y estudiantes) en la elaboraci\u00f3n de propuestas y soluciones, tanto en materia de defensa como en mejora del medio ambiente. Esta iniciativa, que surgi\u00f3 en un principio para tratar la [&hellip;]<\/p>\n","protected":false},"author":3465,"featured_media":0,"parent":0,"menu_order":0,"comment_status":"open","ping_status":"open","template":"","meta":{"footnotes":""},"class_list":["post-197","page","type-page","status-publish","hentry"],"_links":{"self":[{"href":"https:\/\/blogs.ua.es\/campusaccesiblecampusigualitario\/wp-json\/wp\/v2\/pages\/197","targetHints":{"allow":["GET"]}}],"collection":[{"href":"https:\/\/blogs.ua.es\/campusaccesiblecampusigualitario\/wp-json\/wp\/v2\/pages"}],"about":[{"href":"https:\/\/blogs.ua.es\/campusaccesiblecampusigualitario\/wp-json\/wp\/v2\/types\/page"}],"author":[{"embeddable":true,"href":"https:\/\/blogs.ua.es\/campusaccesiblecampusigualitario\/wp-json\/wp\/v2\/users\/3465"}],"replies":[{"embeddable":true,"href":"https:\/\/blogs.ua.es\/campusaccesiblecampusigualitario\/wp-json\/wp\/v2\/comments?post=197"}],"version-history":[{"count":5,"href":"https:\/\/blogs.ua.es\/campusaccesiblecampusigualitario\/wp-json\/wp\/v2\/pages\/197\/revisions"}],"predecessor-version":[{"id":216,"href":"https:\/\/blogs.ua.es\/campusaccesiblecampusigualitario\/wp-json\/wp\/v2\/pages\/197\/revisions\/216"}],"wp:attachment":[{"href":"https:\/\/blogs.ua.es\/campusaccesiblecampusigualitario\/wp-json\/wp\/v2\/media?parent=197"}],"curies":[{"name":"wp","href":"https:\/\/api.w.org\/{rel}","templated":true}]}}