{"id":21,"date":"2013-12-26T23:22:59","date_gmt":"2013-12-26T23:22:59","guid":{"rendered":"https:\/\/blogs.ua.es\/campusaccesiblecampusigualitario\/?page_id=21"},"modified":"2014-03-22T21:05:39","modified_gmt":"2014-03-22T20:05:39","slug":"recursos","status":"publish","type":"page","link":"https:\/\/blogs.ua.es\/campusaccesiblecampusigualitario\/recursos\/","title":{"rendered":"Recursos"},"content":{"rendered":"<p><strong>\u00b7 Recursos Normativos \u00b7<\/strong><\/p>\n<p>\u00b7 C\u00f3digo T\u00e9cnico de la Edificaci\u00f3n &#8211; Documento B\u00e1sico Seguridad de Utilizaci\u00f3n y Accesibilidad <a href=\"http:\/\/www.codigotecnico.org\/cte\/export\/sites\/default\/web\/galerias\/archivos\/documentosCTE\/DBSUA\/DBSUA_19feb2010_comentarios_18dic2013.pdf\">\u00a0(CTE-DB SUA)<\/a>. Ministerio de Fomento. Secretaria de Estado de Infraestructuras, Transportes y Vivienda. Direcci\u00f3n General de Arquitectura, Vivienda y Suelo. Articulado: Febrero 2010. Comentarios: Diciembre 2012<\/p>\n<p>\u00b7\u00a0<a href=\"http:\/\/www.empleo.gob.es\/es\/publica\/pub_electronicas\/destacadas\/revista\/numeros\/ExtraIgualdad07\/Docu01.pdf\">Ley Org\u00e1nica 3\/2007<\/a>, de 22 de marzo,\u00a0para la igualdad efectiva\u00a0de mujeres y hombres<\/p>\n<p>\u00b7 <a href=\"http:\/\/www.boe.es\/boe\/dias\/2003\/12\/03\/pdfs\/A43187-43195.pdf\">Ley 51\/2003<\/a>, de 2 de diciembre, de igualdad de oportunidades, no discriminaci\u00f3n y accesibilidad universal de personas con discapacidad. (LIONDAU)<\/p>\n<p>\u00b7 <a href=\"http:\/\/www.ua.es\/oia\/es\/legisla\/ley1_1998.htm\">Ley 1\/1998<\/a>, de 5 de mayo, de la Generalitat Valenciana, de Accesibilidad y Supresi\u00f3n de Barreras Arquitect\u00f3nicas, Urban\u00edsticas y de la Comunicaci\u00f3n.<\/p>\n<p>&nbsp;<\/p>\n<p><strong>\u00b7 Recursos docentes \u00b7<\/strong><\/p>\n<p><a href=\"https:\/\/blogs.ua.es\/docenciaigualdad\/biblioteca\/\">Biblioteca Digital de Recursos Docentes con Perspectiva de G\u00e9nero<\/a> de la Unidad de Igualdad de la Uversidad de Alicante.<\/p>\n<p>\u00b7 MONTANER, Jos\u00e9 Mar\u00eda (Direcci\u00f3n):\u00a0<i>Habitar el presente. Vivienda en Espa\u00f1a: sociedad, ciudad, tecnolog\u00eda y recursos<\/i>. Ministerio de Vivienda. Madrid, 2006.<\/p>\n<p>&nbsp;<\/p>\n<p><strong>\u00b7 Recursos de Investigaci\u00f3n \u00b7<\/strong><\/p>\n<p>\u00b7 <a href=\"https:\/\/blogs.ua.es\/campusaccesiblecampusigualitario\/files\/2014\/02\/Fichas_Arquitectura_2014_b.pdf\">FICHAS DE BIBLIOGRAF\u00cdA DE ARQUITECTURA Y URBANISMO CON PERSPECTIVA DE G\u00c9NERO<\/a><\/p>\n<p><strong>\u00a0\u00b7\u00a0<\/strong><a href=\"http:\/\/designforequality.org\/\">Design for equality<\/a>,\u00a0Graduate School of Design Harvard University<\/p>\n<p>\u00b7 <a href=\"http:\/\/genderedinnovations.stanford.edu\/case-studies\/urban.html\">GENDERED INNOVATIONS<\/a>,\u00a0<a href=\"http:\/\/www.genderste.eu\/engendering_index.php\">Gender, Science, Technology and Environment<\/a>.<\/p>\n<p>\u00b7 <a href=\"http:\/\/www.defenseurdesdroits.fr\/connaitre-son-action\/la-lutte-contre-les-discriminations\">Le D\u00e9fenseur des droits est charg\u00e9 de lutter contre les discriminations<\/a>.<\/p>\n<p>\u00b7<a href=\"http:\/\/spec.lib.vt.edu\/iawa\/\">\u00a0International Archive of Women in Architecture<\/a><\/p>\n<p>\u00b7\u00a0<a href=\"http:\/\/www.archiparlour.org\/\">Parlour: Women, Equity, Architecture\u00a0<\/a>-Australian Research Council<\/p>\n<p>\u00b7 <a href=\"http:\/\/lamujerconstruye.blogspot.co.uk\/\">La Mujer Construye<\/a><\/p>\n<p>\u00b7\u00a0<a href=\"http:\/\/www.architecture.com\/TheRIBA\/AboutUs\/InfluencingPolicy\/Policy\/EqualityAndDiversity\/DiversityNewsandEvents.aspx#.Uy3ssMTuKSp\">Equality and Diversity<\/a>\u00a0&#8211; Royal Institute of British Architects<\/p>\n<p>\u00b7<a href=\"http:\/\/spec.lib.vt.edu\/iawa\/\">\u00a0International Archive of Women in Architecture<\/a><br \/>\n<a href=\"http:\/\/web.ua.es\/es\/unidad-igualdad\/\">\u00b7\u00a0Unidad de Igualdad de la Universidad de Alicante,<\/a><\/p>\n<p><a href=\"http:\/\/web.ua.es\/es\/ecocampus\/\">\u00b7\u00a0Oficina EcoCampus de la Universidad de Alicante,<\/a><\/p>\n<p><a href=\"http:\/\/web.ua.es\/es\/cae\/\">\u00b7\u00a0Centro de Apoyo al Estudiante de la Universidad de Alicante,\u00a0<\/a><\/p>\n<p>&nbsp;<\/p>\n","protected":false},"excerpt":{"rendered":"<p>\u00b7 Recursos Normativos \u00b7 \u00b7 C\u00f3digo T\u00e9cnico de la Edificaci\u00f3n &#8211; Documento B\u00e1sico Seguridad de Utilizaci\u00f3n y Accesibilidad \u00a0(CTE-DB SUA). Ministerio de Fomento. Secretaria de Estado de Infraestructuras, Transportes y Vivienda. Direcci\u00f3n General de Arquitectura, Vivienda y Suelo. Articulado: Febrero 2010. Comentarios: Diciembre 2012 \u00b7\u00a0Ley Org\u00e1nica 3\/2007, de 22 de marzo,\u00a0para la igualdad efectiva\u00a0de mujeres [&hellip;]<\/p>\n","protected":false},"author":3465,"featured_media":0,"parent":0,"menu_order":0,"comment_status":"open","ping_status":"open","template":"","meta":{"footnotes":""},"class_list":["post-21","page","type-page","status-publish","hentry"],"_links":{"self":[{"href":"https:\/\/blogs.ua.es\/campusaccesiblecampusigualitario\/wp-json\/wp\/v2\/pages\/21","targetHints":{"allow":["GET"]}}],"collection":[{"href":"https:\/\/blogs.ua.es\/campusaccesiblecampusigualitario\/wp-json\/wp\/v2\/pages"}],"about":[{"href":"https:\/\/blogs.ua.es\/campusaccesiblecampusigualitario\/wp-json\/wp\/v2\/types\/page"}],"author":[{"embeddable":true,"href":"https:\/\/blogs.ua.es\/campusaccesiblecampusigualitario\/wp-json\/wp\/v2\/users\/3465"}],"replies":[{"embeddable":true,"href":"https:\/\/blogs.ua.es\/campusaccesiblecampusigualitario\/wp-json\/wp\/v2\/comments?post=21"}],"version-history":[{"count":17,"href":"https:\/\/blogs.ua.es\/campusaccesiblecampusigualitario\/wp-json\/wp\/v2\/pages\/21\/revisions"}],"predecessor-version":[{"id":401,"href":"https:\/\/blogs.ua.es\/campusaccesiblecampusigualitario\/wp-json\/wp\/v2\/pages\/21\/revisions\/401"}],"wp:attachment":[{"href":"https:\/\/blogs.ua.es\/campusaccesiblecampusigualitario\/wp-json\/wp\/v2\/media?parent=21"}],"curies":[{"name":"wp","href":"https:\/\/api.w.org\/{rel}","templated":true}]}}