{"id":23,"date":"2013-12-26T23:23:08","date_gmt":"2013-12-26T23:23:08","guid":{"rendered":"https:\/\/blogs.ua.es\/campusaccesiblecampusigualitario\/?page_id=23"},"modified":"2014-03-29T13:18:45","modified_gmt":"2014-03-29T12:18:45","slug":"docencia","status":"publish","type":"page","link":"https:\/\/blogs.ua.es\/campusaccesiblecampusigualitario\/docencia\/","title":{"rendered":"Docencia"},"content":{"rendered":"<p><b> <span style=\"color: #2d5078\">RED DE INVESTIGACI\u00d3N EN DOCENCIA UNIVERSITARIA<\/span> <\/b><br \/>\n<b> <span style=\"color: #d26e19\">&#8220;CAMPUS ACCESIBLE CAMPUS IGUALITARIO&#8221;<\/span> <\/b><\/p>\n<p>Est\u00e1 formado por un grupo multidisciplinar de la Universidad de Alicante, compuesto por personal docente e investigador (PDI), personal administrativo y de servicios (PAS) y estudiantes:<\/p>\n<p><b>Rafael Mu\u00f1oz Guillena<\/b>, vicerrector de Campus y Sostenibilidad, UA.<\/p>\n<p><b>Mar\u00eda Jos\u00e9 Rodr\u00edguez Jaume<\/b>, directora de la Unidad de Igualdad, UA.<\/p>\n<p><b>Maria Elia Guti\u00e9rrez Mozo<\/b>, directora del Secretariado de Desarrollo de Campus, UA.<\/p>\n<p><b>David Sempere Souvannavong<\/b>, profesor del Departamento de Geograf\u00eda Humana, UA.<\/p>\n<p><b>Raquel P\u00e9rez del Hoyo<\/b>, profesora del Departamento de Edificaci\u00f3n y Urbanismo, UA.<\/p>\n<p><b>Irene Sentana Gadea<\/b>, profesora del Departamento de Expresi\u00f3n Gr\u00e1fica y Cartograf\u00eda, UA.<\/p>\n<p><b>Mar\u00eda Jos\u00e9 Torregrosa V\u00e9lez<\/b>, personal de la Oficina T\u00e9cnica, UA.<\/p>\n<p><b>Cristina Caro Gallego, <\/b>arquitecta y doctoranda en el Dpto. de Expresi\u00f3n Gr\u00e1fica y Cartograf\u00eda, UA<\/p>\n<p><b>Laura Soler Azor\u00edn<\/b>, estudiante de Grado en Estudios Franceses, UA.<\/p>\n<p><b>David Fontcuberta Rubio<\/b>, estudiante de Arquitectura, UA.<\/p>\n<p>&nbsp;<\/p>\n<p>La primera acci\u00f3n de esta RED es la realizaci\u00f3n de la <b> <span style=\"color: #2d5078\">Jornada de Accesibilidad e Igualdad en el Dise\u00f1o Urbano y Arquitect\u00f3nico<\/span> <\/b>, que se celebrar\u00e1 el <b> <span style=\"color: #d26e19\">25 y 26 de febrero de 2014<\/span> <\/b>, dentro del MES CULTURAL de la Escuela Polit\u00e9cnica Superior.<\/p>\n<p><a href=\"https:\/\/blogs.ua.es\/campusaccesiblecampusigualitario\/files\/2014\/02\/Jornada-de-Accesibilidad-e-Igualdad-en-el-Dise\u00f1o-Urbano-y-Arquitect\u00f3nico.pdf\"><img loading=\"lazy\" decoding=\"async\" class=\"aligncenter size-full wp-image-243\" alt=\"Jornada de Accesibilidad e Igualdad en el Dise\u00f1o Urbano y Arquitect\u00f3nico-1\" src=\"https:\/\/blogs.ua.es\/campusaccesiblecampusigualitario\/files\/2013\/12\/Jornada-de-Accesibilidad-e-Igualdad-en-el-Dise\u00f1o-Urbano-y-Arquitect\u00f3nico-1.jpg\" width=\"1000\" height=\"1414\" srcset=\"https:\/\/blogs.ua.es\/campusaccesiblecampusigualitario\/files\/2013\/12\/Jornada-de-Accesibilidad-e-Igualdad-en-el-Dise\u00f1o-Urbano-y-Arquitect\u00f3nico-1.jpg 1000w, https:\/\/blogs.ua.es\/campusaccesiblecampusigualitario\/files\/2013\/12\/Jornada-de-Accesibilidad-e-Igualdad-en-el-Dise\u00f1o-Urbano-y-Arquitect\u00f3nico-1-212x300.jpg 212w, https:\/\/blogs.ua.es\/campusaccesiblecampusigualitario\/files\/2013\/12\/Jornada-de-Accesibilidad-e-Igualdad-en-el-Dise\u00f1o-Urbano-y-Arquitect\u00f3nico-1-724x1024.jpg 724w\" sizes=\"auto, (max-width: 1000px) 100vw, 1000px\" \/><\/a><\/p>\n","protected":false},"excerpt":{"rendered":"<p>RED DE INVESTIGACI\u00d3N EN DOCENCIA UNIVERSITARIA &#8220;CAMPUS ACCESIBLE CAMPUS IGUALITARIO&#8221; Est\u00e1 formado por un grupo multidisciplinar de la Universidad de Alicante, compuesto por personal docente e investigador (PDI), personal administrativo y de servicios (PAS) y estudiantes: Rafael Mu\u00f1oz Guillena, vicerrector de Campus y Sostenibilidad, UA. Mar\u00eda Jos\u00e9 Rodr\u00edguez Jaume, directora de la Unidad de Igualdad, [&hellip;]<\/p>\n","protected":false},"author":3465,"featured_media":0,"parent":0,"menu_order":0,"comment_status":"open","ping_status":"open","template":"","meta":{"footnotes":""},"class_list":["post-23","page","type-page","status-publish","hentry"],"_links":{"self":[{"href":"https:\/\/blogs.ua.es\/campusaccesiblecampusigualitario\/wp-json\/wp\/v2\/pages\/23","targetHints":{"allow":["GET"]}}],"collection":[{"href":"https:\/\/blogs.ua.es\/campusaccesiblecampusigualitario\/wp-json\/wp\/v2\/pages"}],"about":[{"href":"https:\/\/blogs.ua.es\/campusaccesiblecampusigualitario\/wp-json\/wp\/v2\/types\/page"}],"author":[{"embeddable":true,"href":"https:\/\/blogs.ua.es\/campusaccesiblecampusigualitario\/wp-json\/wp\/v2\/users\/3465"}],"replies":[{"embeddable":true,"href":"https:\/\/blogs.ua.es\/campusaccesiblecampusigualitario\/wp-json\/wp\/v2\/comments?post=23"}],"version-history":[{"count":10,"href":"https:\/\/blogs.ua.es\/campusaccesiblecampusigualitario\/wp-json\/wp\/v2\/pages\/23\/revisions"}],"predecessor-version":[{"id":405,"href":"https:\/\/blogs.ua.es\/campusaccesiblecampusigualitario\/wp-json\/wp\/v2\/pages\/23\/revisions\/405"}],"wp:attachment":[{"href":"https:\/\/blogs.ua.es\/campusaccesiblecampusigualitario\/wp-json\/wp\/v2\/media?parent=23"}],"curies":[{"name":"wp","href":"https:\/\/api.w.org\/{rel}","templated":true}]}}