{"id":38,"date":"2013-12-27T00:54:19","date_gmt":"2013-12-26T23:54:19","guid":{"rendered":"https:\/\/blogs.ua.es\/campusaccesiblecampusigualitario\/?page_id=38"},"modified":"2014-03-29T15:13:46","modified_gmt":"2014-03-29T14:13:46","slug":"metodologia","status":"publish","type":"page","link":"https:\/\/blogs.ua.es\/campusaccesiblecampusigualitario\/metodologia\/","title":{"rendered":"Metodolog\u00eda"},"content":{"rendered":"<p><img loading=\"lazy\" decoding=\"async\" class=\"aligncenter size-full wp-image-406\" alt=\"4\" src=\"https:\/\/blogs.ua.es\/campusaccesiblecampusigualitario\/files\/2013\/12\/41.jpg\" width=\"1500\" height=\"927\" srcset=\"https:\/\/blogs.ua.es\/campusaccesiblecampusigualitario\/files\/2013\/12\/41.jpg 1500w, https:\/\/blogs.ua.es\/campusaccesiblecampusigualitario\/files\/2013\/12\/41-300x185.jpg 300w, https:\/\/blogs.ua.es\/campusaccesiblecampusigualitario\/files\/2013\/12\/41-1024x632.jpg 1024w, https:\/\/blogs.ua.es\/campusaccesiblecampusigualitario\/files\/2013\/12\/41-80x50.jpg 80w\" sizes=\"auto, (max-width: 1500px) 100vw, 1500px\" \/><\/p>\n<p>El proyecto Campus Accesible Campus Igualitario se desarrolla a trav\u00e9s de tres estrategias por un lado, la docencia como un compromiso de la comunidad educativa en la transformaci\u00f3n social y de valores educativos, la investigaci\u00f3n como elemento de progreso en el conocimiento de la accesibilidad y la igualdad y por el otro,\u00a0 la acci\u00f3n transformadora que modifica la realidad mediante la urbanizaci\u00f3n teniendo en cuenta la accesibilidad universal y al mismo tiempo desde la perspectiva de g\u00e9nero aplicada a los espacios se teniendo en cuenta los equipamientos y servicios, la movilidad, la conciliaci\u00f3n de la vida familiar, laboral y personal, la seguridad, los espacios p\u00fablicos de relaci\u00f3n y de encuentro y por \u00faltimo los canales de participaci\u00f3n de la comunidad universitaria en la gesti\u00f3n, el uso y las intervenciones de esos espacios.<\/p>\n<p>En esta primera fase se llevar\u00e1 a cabo el an\u00e1lisis cuatro edificaciones de diferentes etapas del Campus y con un uso diferenciado como son el pabell\u00f3n de laboratorio de biotecnolog\u00eda, cuya construcci\u00f3n es anterior 1980, la Facultad de Ciencias 2 cuyo periodo de Edificaci\u00f3n comprende de 1980 al 2000,el aulario 3 que abarca el periodo desde el 2000 al 2010 y por \u00faltimo la parada del TRAM, cuyo servicio se ha incorporado durante este curso y por ello pertenece a la actualidad.<\/p>\n<p>A partir de esta muestra se pretende realizar un modelo de an\u00e1lisis y detecci\u00f3n tangible que pueda servir c\u00f3mo ejemplo y\u00a0 a su vez servir como plantilla para quienes lo quieran implantar.<\/p>\n","protected":false},"excerpt":{"rendered":"<p>El proyecto Campus Accesible Campus Igualitario se desarrolla a trav\u00e9s de tres estrategias por un lado, la docencia como un compromiso de la comunidad educativa en la transformaci\u00f3n social y de valores educativos, la investigaci\u00f3n como elemento de progreso en el conocimiento de la accesibilidad y la igualdad y por el otro,\u00a0 la acci\u00f3n transformadora [&hellip;]<\/p>\n","protected":false},"author":3465,"featured_media":0,"parent":0,"menu_order":0,"comment_status":"open","ping_status":"open","template":"","meta":{"footnotes":""},"class_list":["post-38","page","type-page","status-publish","hentry"],"_links":{"self":[{"href":"https:\/\/blogs.ua.es\/campusaccesiblecampusigualitario\/wp-json\/wp\/v2\/pages\/38","targetHints":{"allow":["GET"]}}],"collection":[{"href":"https:\/\/blogs.ua.es\/campusaccesiblecampusigualitario\/wp-json\/wp\/v2\/pages"}],"about":[{"href":"https:\/\/blogs.ua.es\/campusaccesiblecampusigualitario\/wp-json\/wp\/v2\/types\/page"}],"author":[{"embeddable":true,"href":"https:\/\/blogs.ua.es\/campusaccesiblecampusigualitario\/wp-json\/wp\/v2\/users\/3465"}],"replies":[{"embeddable":true,"href":"https:\/\/blogs.ua.es\/campusaccesiblecampusigualitario\/wp-json\/wp\/v2\/comments?post=38"}],"version-history":[{"count":10,"href":"https:\/\/blogs.ua.es\/campusaccesiblecampusigualitario\/wp-json\/wp\/v2\/pages\/38\/revisions"}],"predecessor-version":[{"id":407,"href":"https:\/\/blogs.ua.es\/campusaccesiblecampusigualitario\/wp-json\/wp\/v2\/pages\/38\/revisions\/407"}],"wp:attachment":[{"href":"https:\/\/blogs.ua.es\/campusaccesiblecampusigualitario\/wp-json\/wp\/v2\/media?parent=38"}],"curies":[{"name":"wp","href":"https:\/\/api.w.org\/{rel}","templated":true}]}}