{"id":44,"date":"2013-12-27T00:54:38","date_gmt":"2013-12-26T23:54:38","guid":{"rendered":"https:\/\/blogs.ua.es\/campusaccesiblecampusigualitario\/?page_id=44"},"modified":"2014-02-06T00:49:00","modified_gmt":"2014-02-05T23:49:00","slug":"antecedentes","status":"publish","type":"page","link":"https:\/\/blogs.ua.es\/campusaccesiblecampusigualitario\/antecedentes\/","title":{"rendered":"Antecedentes"},"content":{"rendered":"<p>&nbsp;<\/p>\n<p><img loading=\"lazy\" decoding=\"async\" class=\"aligncenter size-full wp-image-207\" alt=\"2\" src=\"https:\/\/blogs.ua.es\/campusaccesiblecampusigualitario\/files\/2013\/12\/2.jpg\" width=\"1500\" height=\"1060\" srcset=\"https:\/\/blogs.ua.es\/campusaccesiblecampusigualitario\/files\/2013\/12\/2.jpg 1500w, https:\/\/blogs.ua.es\/campusaccesiblecampusigualitario\/files\/2013\/12\/2-300x212.jpg 300w, https:\/\/blogs.ua.es\/campusaccesiblecampusigualitario\/files\/2013\/12\/2-1024x723.jpg 1024w\" sizes=\"auto, (max-width: 1500px) 100vw, 1500px\" \/><\/p>\n<p>&nbsp;<\/p>\n<p>La Universidad de Alicante a lo largo del tiempo, se ha convertido en un referente nacional por la calidad y cantidad de los servicios espec\u00edficos\u00a0 profesionalizado que\u00a0 ofrece a la Comunidad Universitaria para la integraci\u00f3n y el desarrollo de la vida cotidiana, tanto de estudiantes, colectivo PDI o PAS.<\/p>\n<p>Desde la gestaci\u00f3n del Campus en 1979 sobre un antiguo aer\u00f3dromo militar, se trabaj\u00f3 buscando un planeamiento urban\u00edstico que buscara la sostenibilidad ambiental,\u00a0 la eficiencia de los recursos energ\u00e9ticos e h\u00eddricos y en el que adem\u00e1s, se priorizaba al peat\u00f3n sobre el veh\u00edculo motorizado. Se ha continuado trabajando en esta l\u00ednea con la creaci\u00f3n en el a\u00f1o 2007 de la oficina Eco Campus de gesti\u00f3n ambiental para promover la participaci\u00f3n de la comunidad universitaria en la mejora y defensa del medio ambiente.<\/p>\n<p>Adem\u00e1s, se cre\u00f3 en enero de 2008, la Unidad de Igualdad para la promoci\u00f3n y desarrollo de las pol\u00edticas de Igualdad entre mujeres y hombres en el \u00e1mbito educativo universitario.<\/p>\n<p>Previamente, en\u00a0 1997, se crea el Centro de Apoyo al Estudiante, cuyo servicio espec\u00edfico y profesionalizado permite la inserci\u00f3n plena del colectivo de estudiantes en la universidad, ofreciendo diferentes posibilidades en funci\u00f3n de las necesidades de cada cual durante el desarrollo de sus estudios.<\/p>\n","protected":false},"excerpt":{"rendered":"<p>&nbsp; &nbsp; La Universidad de Alicante a lo largo del tiempo, se ha convertido en un referente nacional por la calidad y cantidad de los servicios espec\u00edficos\u00a0 profesionalizado que\u00a0 ofrece a la Comunidad Universitaria para la integraci\u00f3n y el desarrollo de la vida cotidiana, tanto de estudiantes, colectivo PDI o PAS. Desde la gestaci\u00f3n del [&hellip;]<\/p>\n","protected":false},"author":3465,"featured_media":0,"parent":0,"menu_order":0,"comment_status":"open","ping_status":"open","template":"","meta":{"footnotes":""},"class_list":["post-44","page","type-page","status-publish","hentry"],"_links":{"self":[{"href":"https:\/\/blogs.ua.es\/campusaccesiblecampusigualitario\/wp-json\/wp\/v2\/pages\/44","targetHints":{"allow":["GET"]}}],"collection":[{"href":"https:\/\/blogs.ua.es\/campusaccesiblecampusigualitario\/wp-json\/wp\/v2\/pages"}],"about":[{"href":"https:\/\/blogs.ua.es\/campusaccesiblecampusigualitario\/wp-json\/wp\/v2\/types\/page"}],"author":[{"embeddable":true,"href":"https:\/\/blogs.ua.es\/campusaccesiblecampusigualitario\/wp-json\/wp\/v2\/users\/3465"}],"replies":[{"embeddable":true,"href":"https:\/\/blogs.ua.es\/campusaccesiblecampusigualitario\/wp-json\/wp\/v2\/comments?post=44"}],"version-history":[{"count":8,"href":"https:\/\/blogs.ua.es\/campusaccesiblecampusigualitario\/wp-json\/wp\/v2\/pages\/44\/revisions"}],"predecessor-version":[{"id":208,"href":"https:\/\/blogs.ua.es\/campusaccesiblecampusigualitario\/wp-json\/wp\/v2\/pages\/44\/revisions\/208"}],"wp:attachment":[{"href":"https:\/\/blogs.ua.es\/campusaccesiblecampusigualitario\/wp-json\/wp\/v2\/media?parent=44"}],"curies":[{"name":"wp","href":"https:\/\/api.w.org\/{rel}","templated":true}]}}