{"id":96,"date":"2014-01-26T16:50:51","date_gmt":"2014-01-26T15:50:51","guid":{"rendered":"https:\/\/blogs.ua.es\/campusaccesiblecampusigualitario\/?page_id=96"},"modified":"2014-05-05T14:09:34","modified_gmt":"2014-05-05T13:09:34","slug":"participacion","status":"publish","type":"page","link":"https:\/\/blogs.ua.es\/campusaccesiblecampusigualitario\/participacion\/","title":{"rendered":"Participaci\u00f3n"},"content":{"rendered":"<p>El proyecto <b><span style=\"color: #d26e19\">CAMPUS ACCESIBLE CAMPUS IGUALITARIO<\/span> <\/b> lleva consigo la caracter\u00edstica primordial de ser participativo y que todos los colectivos universitarios (personal docente e investigador, personal de administraci\u00f3n y servicios y alumnado) puedan tener la capacidad de decisi\u00f3n sobre el desarrollo urbano y arquitect\u00f3nico del Campus de la Universidad de Alicante.<\/p>\n<p>Es por ello que se plantea la realizaci\u00f3n del taller pr\u00e1ctico &#8216;ME PONGO EN TU LUGAR&#8217; en los cuatro edificios del CampusUA que se analizar\u00e1n bajo la experiencia en primera persona de la accesibilidad e igualdad. Un grupo de estudiantes, personal docente e investigador, personal administrativo y de servicios y asociaciones comprometidas con la accesibilidad e igualdad en el entorno de la ciudad de Alicante, participar\u00e1n de las <strong>cuatro fechas<\/strong> que se marcan para el taller.<\/p>\n<p>Por supuesto, toda aquella persona interesada puede participar de esta experiencia en la Universidad de Alicante. Para cualquier consulta enviar un correo a <a href=\"https:\/\/blogs.ua.es\/campusaccesiblecampusigualitario\/contacto\/\">c.accesible_igualitario@ua.es<\/a>.<\/p>\n<p><a href=\"https:\/\/blogs.ua.es\/campusaccesiblecampusigualitario\/files\/2014\/01\/calendario.jpg\"><img loading=\"lazy\" decoding=\"async\" class=\"aligncenter size-full wp-image-439\" alt=\"calendario\" src=\"https:\/\/blogs.ua.es\/campusaccesiblecampusigualitario\/files\/2014\/01\/calendario.jpg\" width=\"750\" height=\"1061\" srcset=\"https:\/\/blogs.ua.es\/campusaccesiblecampusigualitario\/files\/2014\/01\/calendario.jpg 750w, https:\/\/blogs.ua.es\/campusaccesiblecampusigualitario\/files\/2014\/01\/calendario-212x300.jpg 212w, https:\/\/blogs.ua.es\/campusaccesiblecampusigualitario\/files\/2014\/01\/calendario-723x1024.jpg 723w\" sizes=\"auto, (max-width: 750px) 100vw, 750px\" \/><\/a><\/p>\n<p>&nbsp;<\/p>\n<p>En el caso de querer realizar un parte de <a href=\"http:\/\/is.ua.es\/es\/servicio-infraestructuras-y-servicios\/incidencias.html\">incidencia<\/a> o <a href=\"http:\/\/is.ua.es\/es\/servicio-infraestructuras-y-servicios\/partes-de-trabajo.html\">parte de trabajo<\/a> a cualquier servicio externo\u00a0(mantenimiento, limpieza, jardiner\u00eda, carpinter\u00eda, etc.) de la Universidad de Alicante, sigue las indicaciones que se marcan en los enlaces. De esta manera puedes ayudar a la mejora del Campus de la Universidad de Alicante y consolidaci\u00f3n de la creaci\u00f3n de un CAMPUS ACCESIBLE CAMPUS IGUALITARIO.<\/p>\n","protected":false},"excerpt":{"rendered":"<p>El proyecto CAMPUS ACCESIBLE CAMPUS IGUALITARIO lleva consigo la caracter\u00edstica primordial de ser participativo y que todos los colectivos universitarios (personal docente e investigador, personal de administraci\u00f3n y servicios y alumnado) puedan tener la capacidad de decisi\u00f3n sobre el desarrollo urbano y arquitect\u00f3nico del Campus de la Universidad de Alicante. Es por ello que se [&hellip;]<\/p>\n","protected":false},"author":3465,"featured_media":0,"parent":0,"menu_order":0,"comment_status":"open","ping_status":"open","template":"","meta":{"footnotes":""},"class_list":["post-96","page","type-page","status-publish","hentry"],"_links":{"self":[{"href":"https:\/\/blogs.ua.es\/campusaccesiblecampusigualitario\/wp-json\/wp\/v2\/pages\/96","targetHints":{"allow":["GET"]}}],"collection":[{"href":"https:\/\/blogs.ua.es\/campusaccesiblecampusigualitario\/wp-json\/wp\/v2\/pages"}],"about":[{"href":"https:\/\/blogs.ua.es\/campusaccesiblecampusigualitario\/wp-json\/wp\/v2\/types\/page"}],"author":[{"embeddable":true,"href":"https:\/\/blogs.ua.es\/campusaccesiblecampusigualitario\/wp-json\/wp\/v2\/users\/3465"}],"replies":[{"embeddable":true,"href":"https:\/\/blogs.ua.es\/campusaccesiblecampusigualitario\/wp-json\/wp\/v2\/comments?post=96"}],"version-history":[{"count":6,"href":"https:\/\/blogs.ua.es\/campusaccesiblecampusigualitario\/wp-json\/wp\/v2\/pages\/96\/revisions"}],"predecessor-version":[{"id":478,"href":"https:\/\/blogs.ua.es\/campusaccesiblecampusigualitario\/wp-json\/wp\/v2\/pages\/96\/revisions\/478"}],"wp:attachment":[{"href":"https:\/\/blogs.ua.es\/campusaccesiblecampusigualitario\/wp-json\/wp\/v2\/media?parent=96"}],"curies":[{"name":"wp","href":"https:\/\/api.w.org\/{rel}","templated":true}]}}