{"id":31,"date":"2013-01-09T15:01:44","date_gmt":"2013-01-09T15:01:44","guid":{"rendered":"https:\/\/blogs.ua.es\/carlesalvador\/?page_id=31"},"modified":"2013-01-10T10:37:57","modified_gmt":"2013-01-10T10:37:57","slug":"metodologia","status":"publish","type":"page","link":"https:\/\/blogs.ua.es\/carlesalvador\/metodologia\/","title":{"rendered":"Metodolog\u00eda"},"content":{"rendered":"<p>La metodolog\u00eda que se ha seguido para la elaboraci\u00f3n de este blog es la b\u00fasqueda de informaci\u00f3n sobre la vida y obra de Carles Salvador. Para ello, se ha consultado parte de las fuentes textuales y electr\u00f3nicas disponibles. En esta b\u00fasqueda de recursos ha sido de gran utilidad la Biblioteca general de la Universidad de Alicante y la Biblioteca de la Universidad Jaume I, que contiene un gran archivo sobre el autor.<\/p>\n<p>A continuaci\u00f3n, se ha procedido a elaborar las referencias bibliogr\u00e1fica de la informaci\u00f3n adquirida siguiendo la norma ISO 690-2010. Adem\u00e1s, se ha incluido una presentaci\u00f3n y una breve explicaci\u00f3n del tema que nos ocupa: Carles Salvador.<\/p>\n","protected":false},"excerpt":{"rendered":"<p>La metodolog\u00eda que se ha seguido para la elaboraci\u00f3n de este blog es la b\u00fasqueda de informaci\u00f3n sobre la vida y obra de Carles Salvador. Para ello, se ha consultado parte de las fuentes textuales y electr\u00f3nicas disponibles. En esta b\u00fasqueda de recursos ha sido de gran utilidad la Biblioteca general de la Universidad de [&hellip;]<\/p>\n","protected":false},"author":3006,"featured_media":0,"parent":0,"menu_order":3,"comment_status":"open","ping_status":"open","template":"","meta":{"footnotes":""},"class_list":["post-31","page","type-page","status-publish","hentry"],"_links":{"self":[{"href":"https:\/\/blogs.ua.es\/carlesalvador\/wp-json\/wp\/v2\/pages\/31","targetHints":{"allow":["GET"]}}],"collection":[{"href":"https:\/\/blogs.ua.es\/carlesalvador\/wp-json\/wp\/v2\/pages"}],"about":[{"href":"https:\/\/blogs.ua.es\/carlesalvador\/wp-json\/wp\/v2\/types\/page"}],"author":[{"embeddable":true,"href":"https:\/\/blogs.ua.es\/carlesalvador\/wp-json\/wp\/v2\/users\/3006"}],"replies":[{"embeddable":true,"href":"https:\/\/blogs.ua.es\/carlesalvador\/wp-json\/wp\/v2\/comments?post=31"}],"version-history":[{"count":4,"href":"https:\/\/blogs.ua.es\/carlesalvador\/wp-json\/wp\/v2\/pages\/31\/revisions"}],"predecessor-version":[{"id":44,"href":"https:\/\/blogs.ua.es\/carlesalvador\/wp-json\/wp\/v2\/pages\/31\/revisions\/44"}],"wp:attachment":[{"href":"https:\/\/blogs.ua.es\/carlesalvador\/wp-json\/wp\/v2\/media?parent=31"}],"curies":[{"name":"wp","href":"https:\/\/api.w.org\/{rel}","templated":true}]}}