{"id":34,"date":"2013-01-09T17:05:50","date_gmt":"2013-01-09T17:05:50","guid":{"rendered":"https:\/\/blogs.ua.es\/carlesalvador\/?page_id=34"},"modified":"2013-01-17T21:15:44","modified_gmt":"2013-01-17T21:15:44","slug":"recursos-de-informacion-consultados","status":"publish","type":"page","link":"https:\/\/blogs.ua.es\/carlesalvador\/recursos-de-informacion-consultados\/","title":{"rendered":"Recursos de informaci\u00f3n consultados"},"content":{"rendered":"<p>Durante la b\u00fasqueda de informaci\u00f3n para elaborar las entradas de nuestro blog, hemos basado nuestro sistema de b\u00fasqueda en lo aprendido en clase de Fuentes y Documentos.<\/p>\n<p>&nbsp;<\/p>\n<p>Hemos buscado en:<\/p>\n<ul>\n<li>Cat\u00e1logos de bibliotecas, tanto en el de la biblioteca de la Universidad de Alicante, como en el de la biblioteca Municipal de San Vicente del Raspeig.<a href=\"https:\/\/blogs.ua.es\/carlesalvador\/files\/2013\/01\/221.jpg\"><img loading=\"lazy\" decoding=\"async\" class=\"size-medium wp-image-229 alignright\" src=\"https:\/\/blogs.ua.es\/carlesalvador\/files\/2013\/01\/221-300x195.jpg\" alt=\"\" width=\"300\" height=\"195\" srcset=\"https:\/\/blogs.ua.es\/carlesalvador\/files\/2013\/01\/221-300x195.jpg 300w, https:\/\/blogs.ua.es\/carlesalvador\/files\/2013\/01\/221-1024x667.jpg 1024w, https:\/\/blogs.ua.es\/carlesalvador\/files\/2013\/01\/221.jpg 1251w\" sizes=\"auto, (max-width: 300px) 100vw, 300px\" \/><\/a><\/li>\n<\/ul>\n<div><span style=\"font-size: medium\"><span style=\"line-height: 24px\"><br \/>\n<\/span><\/span><\/div>\n<ul>\n<li>En repositorios, sobre todo en el la Universidad Jaume I, que es el que contiene archivos PDF de textos antiguos.<\/li>\n<\/ul>\n<div><span style=\"font-size: medium\"><span style=\"line-height: 24px\"><br \/>\n<\/span><\/span><\/div>\n<ul>\n<li>Bases de datos relacionadas con el tema de nuestro blog, como Traces. Es la base de datos de lengua y literatura catalana<a href=\"https:\/\/blogs.ua.es\/carlesalvador\/files\/2013\/01\/23.jpg\"><img loading=\"lazy\" decoding=\"async\" class=\"alignleft size-medium wp-image-230\" src=\"https:\/\/blogs.ua.es\/carlesalvador\/files\/2013\/01\/23-300x262.jpg\" alt=\"\" width=\"300\" height=\"262\" srcset=\"https:\/\/blogs.ua.es\/carlesalvador\/files\/2013\/01\/23-300x262.jpg 300w, https:\/\/blogs.ua.es\/carlesalvador\/files\/2013\/01\/23.jpg 949w\" sizes=\"auto, (max-width: 300px) 100vw, 300px\" \/><\/a><\/li>\n<\/ul>\n","protected":false},"excerpt":{"rendered":"<p>Durante la b\u00fasqueda de informaci\u00f3n para elaborar las entradas de nuestro blog, hemos basado nuestro sistema de b\u00fasqueda en lo aprendido en clase de Fuentes y Documentos. &nbsp; Hemos buscado en: Cat\u00e1logos de bibliotecas, tanto en el de la biblioteca de la Universidad de Alicante, como en el de la biblioteca Municipal de San Vicente [&hellip;]<\/p>\n","protected":false},"author":3020,"featured_media":0,"parent":0,"menu_order":4,"comment_status":"open","ping_status":"open","template":"","meta":{"footnotes":""},"class_list":["post-34","page","type-page","status-publish","hentry"],"_links":{"self":[{"href":"https:\/\/blogs.ua.es\/carlesalvador\/wp-json\/wp\/v2\/pages\/34","targetHints":{"allow":["GET"]}}],"collection":[{"href":"https:\/\/blogs.ua.es\/carlesalvador\/wp-json\/wp\/v2\/pages"}],"about":[{"href":"https:\/\/blogs.ua.es\/carlesalvador\/wp-json\/wp\/v2\/types\/page"}],"author":[{"embeddable":true,"href":"https:\/\/blogs.ua.es\/carlesalvador\/wp-json\/wp\/v2\/users\/3020"}],"replies":[{"embeddable":true,"href":"https:\/\/blogs.ua.es\/carlesalvador\/wp-json\/wp\/v2\/comments?post=34"}],"version-history":[{"count":5,"href":"https:\/\/blogs.ua.es\/carlesalvador\/wp-json\/wp\/v2\/pages\/34\/revisions"}],"predecessor-version":[{"id":227,"href":"https:\/\/blogs.ua.es\/carlesalvador\/wp-json\/wp\/v2\/pages\/34\/revisions\/227"}],"wp:attachment":[{"href":"https:\/\/blogs.ua.es\/carlesalvador\/wp-json\/wp\/v2\/media?parent=34"}],"curies":[{"name":"wp","href":"https:\/\/api.w.org\/{rel}","templated":true}]}}