{"id":38,"date":"2013-01-09T17:07:03","date_gmt":"2013-01-09T17:07:03","guid":{"rendered":"https:\/\/blogs.ua.es\/carlesalvador\/?page_id=38"},"modified":"2013-01-25T19:17:45","modified_gmt":"2013-01-25T19:17:45","slug":"valoracion-general-de-las-referencias","status":"publish","type":"page","link":"https:\/\/blogs.ua.es\/carlesalvador\/valoracion-general-de-las-referencias\/","title":{"rendered":"Valoraci\u00f3n general de las referencias"},"content":{"rendered":"<p style=\"text-align: justify\">\u00a0 \u00a0 \u00a0 \u00a0 A pesar de la importancia de Carles Salvador y su extensa obra, la bibliograf\u00eda de dicho autor no es muy extensa. Carles Salvador es una figura clave en la unificaci\u00f3n de las normas ortogr\u00e1ficas, en la normalizaci\u00f3n de la lengua valenciana; pero adem\u00e1s, fue productor de una variada y brillante colecci\u00f3n de obras narrativas, po\u00e9ticas, ensayos y teatro. Sin embargo, su trayectoria y trabajo no son muy conocidos entre el p\u00fablico.<\/p>\n<p style=\"text-align: justify\">La fundaci\u00f3n de Carles Salvador consta con mucha informaci\u00f3n, tanto del autor, como de su obra. Otra fuente de gran importancia es el repositorio dela Universidadde Castell\u00f3n, que ofrece gran parte de su obra digitalizada y en l\u00ednea, al alcance de todo el que se interese por el gram\u00e1tico valenciano. Otra fuente consultada,\u00a0la Universidadde Alicante, tambi\u00e9n ofrece mucha informaci\u00f3n, sin embargo, los recursos no est\u00e1n digitalizados y s\u00f3lo podemos acceder a la bibliograf\u00eda del autor de forma f\u00edsica.<\/p>\n<p style=\"text-align: justify\">\u00a0 \u00a0 Por todo ello, la obra de Carles Salvador es poco conocida fuera de los c\u00edrculos intelectuales y no goza de mucho reconocimiento. A pesar de ello, podemos encontrar mucha informaci\u00f3n del autor y consultar sus obras en las fuentes mencionadas<\/p>\n","protected":false},"excerpt":{"rendered":"<p>\u00a0 \u00a0 \u00a0 \u00a0 A pesar de la importancia de Carles Salvador y su extensa obra, la bibliograf\u00eda de dicho autor no es muy extensa. Carles Salvador es una figura clave en la unificaci\u00f3n de las normas ortogr\u00e1ficas, en la normalizaci\u00f3n de la lengua valenciana; pero adem\u00e1s, fue productor de una variada y brillante colecci\u00f3n [&hellip;]<\/p>\n","protected":false},"author":3020,"featured_media":0,"parent":0,"menu_order":0,"comment_status":"open","ping_status":"open","template":"","meta":{"footnotes":""},"class_list":["post-38","page","type-page","status-publish","hentry"],"_links":{"self":[{"href":"https:\/\/blogs.ua.es\/carlesalvador\/wp-json\/wp\/v2\/pages\/38","targetHints":{"allow":["GET"]}}],"collection":[{"href":"https:\/\/blogs.ua.es\/carlesalvador\/wp-json\/wp\/v2\/pages"}],"about":[{"href":"https:\/\/blogs.ua.es\/carlesalvador\/wp-json\/wp\/v2\/types\/page"}],"author":[{"embeddable":true,"href":"https:\/\/blogs.ua.es\/carlesalvador\/wp-json\/wp\/v2\/users\/3020"}],"replies":[{"embeddable":true,"href":"https:\/\/blogs.ua.es\/carlesalvador\/wp-json\/wp\/v2\/comments?post=38"}],"version-history":[{"count":6,"href":"https:\/\/blogs.ua.es\/carlesalvador\/wp-json\/wp\/v2\/pages\/38\/revisions"}],"predecessor-version":[{"id":261,"href":"https:\/\/blogs.ua.es\/carlesalvador\/wp-json\/wp\/v2\/pages\/38\/revisions\/261"}],"wp:attachment":[{"href":"https:\/\/blogs.ua.es\/carlesalvador\/wp-json\/wp\/v2\/media?parent=38"}],"curies":[{"name":"wp","href":"https:\/\/api.w.org\/{rel}","templated":true}]}}