{"id":65,"date":"2013-01-10T10:33:31","date_gmt":"2013-01-10T10:33:31","guid":{"rendered":"https:\/\/blogs.ua.es\/carlosarniches\/?page_id=65"},"modified":"2013-01-25T16:28:57","modified_gmt":"2013-01-25T16:28:57","slug":"biografia","status":"publish","type":"page","link":"https:\/\/blogs.ua.es\/carlosarniches\/biografia\/","title":{"rendered":"Biograf\u00eda"},"content":{"rendered":"<p>Carlos Arniches Barreda naci\u00f3 en Alicante, el 11 de octubre de 1866. Falleci\u00f3 en \u00a0Madrid, el 16 de abril de 1943.<\/p>\n<p>Su producci\u00f3n comprende unas 270 obras esc\u00e9nicas estrenadas a lo largo de un per\u00edodo de m\u00e1s de cuarenta a\u00f1os, que va de \u201cLos aparecidos\u201d (1892) a \u201cDon Verdades\u201d, terminada el d\u00eda antes de su muerte repentina, ocurrida en 1943.<\/p>\n<p>El lenguaje de Arniches es fluido y pintoresco y en \u00e9l abunda el chiste r\u00e1pido y fresco, el retru\u00e9cano; a menudo las situaciones lindan con la astracanada, pero siempre hay en su humor un fondo genuino, de observaci\u00f3n atenta del ambiente. En las situaciones dram\u00e1ticas, en cambio, cae a menudo en la nata sensiblera. Con todo, no puede negarse que Arniches ha sido un extraordinario exponente del casticismo madrile\u00f1o, del cual supo recoger modos y estilos al par que lo enriqueci\u00f3 con aportaciones personales que tienden a su estilizaci\u00f3n y no pocas veces a su caricatura.<\/p>\n<p style=\"text-align: center\"><a href=\"https:\/\/blogs.ua.es\/carlosarniches\/files\/2013\/01\/arniches.jpg\"><img loading=\"lazy\" decoding=\"async\" class=\"aligncenter  wp-image-313\" src=\"https:\/\/blogs.ua.es\/carlosarniches\/files\/2013\/01\/arniches-208x300.jpg\" alt=\"\" width=\"208\" height=\"300\" srcset=\"https:\/\/blogs.ua.es\/carlosarniches\/files\/2013\/01\/arniches-208x300.jpg 208w, https:\/\/blogs.ua.es\/carlosarniches\/files\/2013\/01\/arniches.jpg 220w\" sizes=\"auto, (max-width: 208px) 100vw, 208px\" \/><\/a><\/p>\n","protected":false},"excerpt":{"rendered":"<p>Carlos Arniches Barreda naci\u00f3 en Alicante, el 11 de octubre de 1866. Falleci\u00f3 en \u00a0Madrid, el 16 de abril de 1943. Su producci\u00f3n comprende unas 270 obras esc\u00e9nicas estrenadas a lo largo de un per\u00edodo de m\u00e1s de cuarenta a\u00f1os, que va de \u201cLos aparecidos\u201d (1892) a \u201cDon Verdades\u201d, terminada el d\u00eda antes de su [&hellip;]<\/p>\n","protected":false},"author":2935,"featured_media":0,"parent":0,"menu_order":0,"comment_status":"open","ping_status":"open","template":"","meta":{"footnotes":""},"class_list":["post-65","page","type-page","status-publish","hentry"],"_links":{"self":[{"href":"https:\/\/blogs.ua.es\/carlosarniches\/wp-json\/wp\/v2\/pages\/65","targetHints":{"allow":["GET"]}}],"collection":[{"href":"https:\/\/blogs.ua.es\/carlosarniches\/wp-json\/wp\/v2\/pages"}],"about":[{"href":"https:\/\/blogs.ua.es\/carlosarniches\/wp-json\/wp\/v2\/types\/page"}],"author":[{"embeddable":true,"href":"https:\/\/blogs.ua.es\/carlosarniches\/wp-json\/wp\/v2\/users\/2935"}],"replies":[{"embeddable":true,"href":"https:\/\/blogs.ua.es\/carlosarniches\/wp-json\/wp\/v2\/comments?post=65"}],"version-history":[{"count":5,"href":"https:\/\/blogs.ua.es\/carlosarniches\/wp-json\/wp\/v2\/pages\/65\/revisions"}],"predecessor-version":[{"id":84,"href":"https:\/\/blogs.ua.es\/carlosarniches\/wp-json\/wp\/v2\/pages\/65\/revisions\/84"}],"wp:attachment":[{"href":"https:\/\/blogs.ua.es\/carlosarniches\/wp-json\/wp\/v2\/media?parent=65"}],"curies":[{"name":"wp","href":"https:\/\/api.w.org\/{rel}","templated":true}]}}