{"id":67,"date":"2013-01-10T10:33:57","date_gmt":"2013-01-10T10:33:57","guid":{"rendered":"https:\/\/blogs.ua.es\/carlosarniches\/?page_id=67"},"modified":"2013-01-24T11:46:46","modified_gmt":"2013-01-24T11:46:46","slug":"metodologia","status":"publish","type":"page","link":"https:\/\/blogs.ua.es\/carlosarniches\/metodologia\/","title":{"rendered":"Metodolog\u00eda"},"content":{"rendered":"<p>Para localizar las obras del dramaturgo alicantino, Carlos Arniches, buscamos en la Web de la Biblioteca General de la Universidad de Alicante.<\/p>\n<p>Seleccionamos una serie de libros que nos interesaban para realizar el trabajo del Blog de investigaci\u00f3n y fuimos a pedir prestado los libros seleccionados. Algunos estaban en la Biblioteca de FL-Investigaci\u00f3n, otros en el Dep\u00f3sito, en la Biblioteca de FL-Departamentos y en la\u00a0Biblioteca\u00a0de Educaci\u00f3n-Investigaci\u00f3n.<\/p>\n<p>Una vez cont\u00e1bamos con las obras de Arniches, empezamos el proceso de recolecci\u00f3n de datos relacionados con la editorial, la fecha y el a\u00f1o de publicaci\u00f3n.<\/p>\n<p>Una vez ten\u00edamos los datos m\u00e1s importantes recogidos, nos pusimos a hacer un breve resumen de cada obra, para que los lectores de blog puedan tener una idea preconcebida de cada obra, con la consiguiente informaci\u00f3n del autor.<\/p>\n<p>&nbsp;<\/p>\n","protected":false},"excerpt":{"rendered":"<p>Para localizar las obras del dramaturgo alicantino, Carlos Arniches, buscamos en la Web de la Biblioteca General de la Universidad de Alicante. Seleccionamos una serie de libros que nos interesaban para realizar el trabajo del Blog de investigaci\u00f3n y fuimos a pedir prestado los libros seleccionados. Algunos estaban en la Biblioteca de FL-Investigaci\u00f3n, otros en [&hellip;]<\/p>\n","protected":false},"author":2935,"featured_media":0,"parent":0,"menu_order":0,"comment_status":"open","ping_status":"open","template":"","meta":{"footnotes":""},"class_list":["post-67","page","type-page","status-publish","hentry"],"_links":{"self":[{"href":"https:\/\/blogs.ua.es\/carlosarniches\/wp-json\/wp\/v2\/pages\/67","targetHints":{"allow":["GET"]}}],"collection":[{"href":"https:\/\/blogs.ua.es\/carlosarniches\/wp-json\/wp\/v2\/pages"}],"about":[{"href":"https:\/\/blogs.ua.es\/carlosarniches\/wp-json\/wp\/v2\/types\/page"}],"author":[{"embeddable":true,"href":"https:\/\/blogs.ua.es\/carlosarniches\/wp-json\/wp\/v2\/users\/2935"}],"replies":[{"embeddable":true,"href":"https:\/\/blogs.ua.es\/carlosarniches\/wp-json\/wp\/v2\/comments?post=67"}],"version-history":[{"count":5,"href":"https:\/\/blogs.ua.es\/carlosarniches\/wp-json\/wp\/v2\/pages\/67\/revisions"}],"predecessor-version":[{"id":77,"href":"https:\/\/blogs.ua.es\/carlosarniches\/wp-json\/wp\/v2\/pages\/67\/revisions\/77"}],"wp:attachment":[{"href":"https:\/\/blogs.ua.es\/carlosarniches\/wp-json\/wp\/v2\/media?parent=67"}],"curies":[{"name":"wp","href":"https:\/\/api.w.org\/{rel}","templated":true}]}}