{"id":69,"date":"2013-01-10T10:34:24","date_gmt":"2013-01-10T10:34:24","guid":{"rendered":"https:\/\/blogs.ua.es\/carlosarniches\/?page_id=69"},"modified":"2013-01-24T20:12:28","modified_gmt":"2013-01-24T20:12:28","slug":"fuente","status":"publish","type":"page","link":"https:\/\/blogs.ua.es\/carlosarniches\/fuente\/","title":{"rendered":"FUENTE"},"content":{"rendered":"<p>Para la obtenci\u00f3n de datos sobre Carlos Arniches y sus obras, hemos utilizado, sobre todo, el buscador avanzado de la Biblioteca de la Universidad de Alicante para obtener la localizaci\u00f3n de las respectivas obras del autor.<\/p>\n<p>Hemos buscado obras por Internet en algunas p\u00e1ginas como <a href=\"http:\/\/http:\/\/www.libroos.es\/\" target=\"_blank\">Libroos<\/a> o los datos de la Biograf\u00eda de Arniches en p\u00e1ginas como\u00a0<a href=\"http:\/\/www.biografiasyvidas.com\/biografia\/a\/arniches.htm\" target=\"_blank\">biografiayvidas<\/a>, la <a href=\"http:\/\/www.cervantesvirtual.com\/bib\/bib_autor\/arniches\/\" target=\"_blank\">Biblioteca Virtual Miguel de Cervantes<\/a> o <a href=\"http:\/\/es.wikipedia.org\/wiki\/Wikipedia:Portada\" target=\"_blank\">Wikipedia<\/a>.<\/p>\n<p>&nbsp;<\/p>\n","protected":false},"excerpt":{"rendered":"<p>Para la obtenci\u00f3n de datos sobre Carlos Arniches y sus obras, hemos utilizado, sobre todo, el buscador avanzado de la Biblioteca de la Universidad de Alicante para obtener la localizaci\u00f3n de las respectivas obras del autor. Hemos buscado obras por Internet en algunas p\u00e1ginas como Libroos o los datos de la Biograf\u00eda de Arniches en [&hellip;]<\/p>\n","protected":false},"author":2935,"featured_media":0,"parent":0,"menu_order":0,"comment_status":"open","ping_status":"open","template":"","meta":{"footnotes":""},"class_list":["post-69","page","type-page","status-publish","hentry"],"_links":{"self":[{"href":"https:\/\/blogs.ua.es\/carlosarniches\/wp-json\/wp\/v2\/pages\/69","targetHints":{"allow":["GET"]}}],"collection":[{"href":"https:\/\/blogs.ua.es\/carlosarniches\/wp-json\/wp\/v2\/pages"}],"about":[{"href":"https:\/\/blogs.ua.es\/carlosarniches\/wp-json\/wp\/v2\/types\/page"}],"author":[{"embeddable":true,"href":"https:\/\/blogs.ua.es\/carlosarniches\/wp-json\/wp\/v2\/users\/2935"}],"replies":[{"embeddable":true,"href":"https:\/\/blogs.ua.es\/carlosarniches\/wp-json\/wp\/v2\/comments?post=69"}],"version-history":[{"count":8,"href":"https:\/\/blogs.ua.es\/carlosarniches\/wp-json\/wp\/v2\/pages\/69\/revisions"}],"predecessor-version":[{"id":87,"href":"https:\/\/blogs.ua.es\/carlosarniches\/wp-json\/wp\/v2\/pages\/69\/revisions\/87"}],"wp:attachment":[{"href":"https:\/\/blogs.ua.es\/carlosarniches\/wp-json\/wp\/v2\/media?parent=69"}],"curies":[{"name":"wp","href":"https:\/\/api.w.org\/{rel}","templated":true}]}}