{"id":71,"date":"2013-01-10T10:34:34","date_gmt":"2013-01-10T10:34:34","guid":{"rendered":"https:\/\/blogs.ua.es\/carlosarniches\/?page_id=71"},"modified":"2013-01-24T12:02:00","modified_gmt":"2013-01-24T12:02:00","slug":"valoracion","status":"publish","type":"page","link":"https:\/\/blogs.ua.es\/carlosarniches\/valoracion\/","title":{"rendered":"Valoraci\u00f3n"},"content":{"rendered":"<p>El trabajo del blog sobre Carnos Arniches ha sido muy interesante.<\/p>\n<p>Realizar el primer trabajo de investigaci\u00f3n sobre un autor desconocido nos ha hecho ver lo dif\u00edcil y entretenido que es buscar informaci\u00f3n. Una actividad que debemos de realizar m\u00e1s a menudo para nuestro futuro como historiadores, que seguro que tendremos retos m\u00e1s dif\u00edciles que este.<\/p>\n<p>Nos ha hecho ver el gran nivel profesional por parte del equipo bibliotecario de la Universidad de Alicante y la colaboraci\u00f3n del profesorado no menos importante.<\/p>\n<p>Decir tambi\u00e9n que la accesibilidad a las obras de Arniches no ha supuesto una comedura extrema de cabeza, ya que la biblioteca universitaria nos ha podido proporcionar la mayor\u00eda de libros. La b\u00fasqueda online ha sido m\u00e1s compleja al no haber una cantidad de informaci\u00f3n elevada, y eso ha sido lo m\u00e1s costoso de encontrar.<\/p>\n<p>En conclusi\u00f3n, un buen trabajo en equipo con la satisfaci\u00f3n de haber cumplido con las espectativas a seguir.<\/p>\n","protected":false},"excerpt":{"rendered":"<p>El trabajo del blog sobre Carnos Arniches ha sido muy interesante. Realizar el primer trabajo de investigaci\u00f3n sobre un autor desconocido nos ha hecho ver lo dif\u00edcil y entretenido que es buscar informaci\u00f3n. Una actividad que debemos de realizar m\u00e1s a menudo para nuestro futuro como historiadores, que seguro que tendremos retos m\u00e1s dif\u00edciles que [&hellip;]<\/p>\n","protected":false},"author":2935,"featured_media":0,"parent":0,"menu_order":0,"comment_status":"open","ping_status":"open","template":"","meta":{"footnotes":""},"class_list":["post-71","page","type-page","status-publish","hentry"],"_links":{"self":[{"href":"https:\/\/blogs.ua.es\/carlosarniches\/wp-json\/wp\/v2\/pages\/71","targetHints":{"allow":["GET"]}}],"collection":[{"href":"https:\/\/blogs.ua.es\/carlosarniches\/wp-json\/wp\/v2\/pages"}],"about":[{"href":"https:\/\/blogs.ua.es\/carlosarniches\/wp-json\/wp\/v2\/types\/page"}],"author":[{"embeddable":true,"href":"https:\/\/blogs.ua.es\/carlosarniches\/wp-json\/wp\/v2\/users\/2935"}],"replies":[{"embeddable":true,"href":"https:\/\/blogs.ua.es\/carlosarniches\/wp-json\/wp\/v2\/comments?post=71"}],"version-history":[{"count":6,"href":"https:\/\/blogs.ua.es\/carlosarniches\/wp-json\/wp\/v2\/pages\/71\/revisions"}],"predecessor-version":[{"id":86,"href":"https:\/\/blogs.ua.es\/carlosarniches\/wp-json\/wp\/v2\/pages\/71\/revisions\/86"}],"wp:attachment":[{"href":"https:\/\/blogs.ua.es\/carlosarniches\/wp-json\/wp\/v2\/media?parent=71"}],"curies":[{"name":"wp","href":"https:\/\/api.w.org\/{rel}","templated":true}]}}